{"id":22371,"date":"2025-10-20T15:28:58","date_gmt":"2025-10-20T12:28:58","guid":{"rendered":"https:\/\/gtmaxoil.net\/tr\/?post_type=product&#038;p=22371"},"modified":"2025-10-20T15:37:48","modified_gmt":"2025-10-20T12:37:48","slug":"sirkulasyon-yagi","status":"publish","type":"product","link":"https:\/\/gtmaxoil.net\/tr\/urunler\/sirkulasyon-yagi\/","title":{"rendered":"D\u0130ZEL YAKIT KATKISI"},"content":{"rendered":"<p><em><strong data-start=\"2224\" data-end=\"2232\">Not:<\/strong> Buradaki bilgiler mevcut bilgi ve deneyime dayanmaktad\u0131r. Belirli \u00f6zellikler i\u00e7in yasal ba\u011flay\u0131c\u0131l\u0131\u011f\u0131 olan bir garanti te\u015fkil etmez.<\/em><\/p>\n","protected":false},"excerpt":{"rendered":"<h2 data-start=\"0\" data-end=\"20\">1. \u00dcr\u00fcn Tan\u0131m\u0131<\/h2>\n<p data-start=\"21\" data-end=\"373\">GTMAX D\u0130ZEL YAKIT KATKISI, motor performans\u0131n\u0131 art\u0131rmak, yak\u0131t sistemini korumak ve emisyonlar\u0131 azaltmak amac\u0131yla geli\u015ftirilmi\u015f y\u00fcksek kaliteli \u00e7ok fonksiyonlu bir yak\u0131t katk\u0131s\u0131d\u0131r. Hem dizel hem de benzinli yak\u0131tlar i\u00e7in form\u00fcle edilen bu katk\u0131 maddesi, yanma verimlili\u011fini art\u0131r\u0131r, enjekt\u00f6rleri temiz tutar ve uzun s\u00fcreli motor korumas\u0131 sa\u011flar.<\/p>\n<h2 data-start=\"375\" data-end=\"394\">2. Avantajlar<\/h2>\n<p data-start=\"395\" data-end=\"730\">\u2022 Hem dizel hem de benzinli motorlarda yanma verimlili\u011fini art\u0131r\u0131r<br data-start=\"461\" data-end=\"464\" \/>\u2022 Enjekt\u00f6rleri ve emme sistemlerini temiz tutar<br data-start=\"511\" data-end=\"514\" \/>\u2022 Yak\u0131t sistemine korozyon korumas\u0131 sa\u011flar<br data-start=\"556\" data-end=\"559\" \/>\u2022 Egzoz emisyonlar\u0131n\u0131 ve duman\u0131 azalt\u0131r<br data-start=\"598\" data-end=\"601\" \/>\u2022 Dizel motorlarda so\u011fuk \u00e7al\u0131\u015ft\u0131rma performans\u0131n\u0131 iyile\u015ftirir<br data-start=\"662\" data-end=\"665\" \/>\u2022 Benzinli motorlarda oktan de\u011ferini art\u0131r\u0131r ve vuruntuyu \u00f6nler<\/p>\n<h2 data-start=\"732\" data-end=\"758\">3. Kullan\u0131m Alanlar\u0131<\/h2>\n<p data-start=\"759\" data-end=\"1004\">\u2022 Euro IV, V, VI standartlar\u0131na uygun t\u00fcm dizel ve benzinli motorlar i\u00e7in uygundur<br data-start=\"841\" data-end=\"844\" \/>\u2022 Binek ara\u00e7lar, ticari ara\u00e7lar ve y\u00fcksek performansl\u0131 motorlarda kullan\u0131labilir<br data-start=\"924\" data-end=\"927\" \/>\u2022 Common-rail dizel sistemleri ve benzin enjeksiyon sistemleriyle uyumludur<\/p>\n<h2 data-start=\"1006\" data-end=\"1038\">4. Tipik Teknik \u00d6zellikler<\/h2>\n<article class=\"text-token-text-primary w-full focus:outline-none [--shadow-height:45px] has-data-writing-block:pointer-events-none has-data-writing-block:-mt-(--shadow-height) has-data-writing-block:pt-(--shadow-height) [&#038;:has([data-writing-block])>*]:pointer-events-auto scroll-mt-[calc(var(&#8211;header-height)+min(200px,max(70px,20svh)))]&#8221; dir=&#8221;auto&#8221; tabindex=&#8221;-1&#8243; data-turn-id=&#8221;request-68e77ee4-f4e4-8327-a652-976262a8af87-24&#8243; data-testid=&#8221;conversation-turn-80&#8243; data-scroll-anchor=&#8221;true&#8221; data-turn=&#8221;assistant&#8221;><\/p>\n<div class=\"text-base my-auto mx-auto pb-10 [--thread-content-margin:--spacing(4)] thread-sm:[--thread-content-margin:--spacing(6)] thread-lg:[--thread-content-margin:--spacing(16)] px-(--thread-content-margin)\">\n<div class=\"[--thread-content-max-width:40rem] thread-lg:[--thread-content-max-width:48rem] mx-auto max-w-(--thread-content-max-width) flex-1 group\/turn-messages focus-visible:outline-hidden relative flex w-full min-w-0 flex-col agent-turn\" tabindex=\"-1\">\n<div class=\"flex max-w-full flex-col grow\">\n<div class=\"min-h-8 text-message relative flex w-full flex-col items-end gap-2 text-start break-words whitespace-normal [.text-message+&#038;]:mt-5\" dir=\"auto\" data-message-author-role=\"assistant\" data-message-id=\"abc52fd3-b350-4272-b77b-9dc524bebdac\" data-message-model-slug=\"gpt-5\">\n<div class=\"flex w-full flex-col gap-1 empty:hidden first:pt-[1px]\">\n<div class=\"markdown prose dark:prose-invert w-full break-words dark markdown-new-styling\">\n<p data-start=\"1446\" data-end=\"1658\"><strong data-start=\"1446\" data-end=\"1462\">Feragatname:<\/strong> Yukar\u0131da belirtilen tipik \u00f6zellikler ortalama de\u011ferleri temsil eder ve kabul edilebilir \u00fcretim toleranslar\u0131 dahilinde de\u011fi\u015fiklik g\u00f6sterebilir. Bu bilgiler teknik spesifikasyon niteli\u011fi ta\u015f\u0131maz.<\/p>\n<h2 data-start=\"1660\" data-end=\"1686\">5. Dozaj ve Kullan\u0131m<\/h2>\n<p data-start=\"1687\" data-end=\"1769\">250 ml katk\u0131, 50\u201370 litre yak\u0131t i\u00e7in uygundur (katk\u0131 oran\u0131 %0,05 \u2013 0,1).<\/p>\n<h2 data-start=\"1771\" data-end=\"1799\">6. Ambalaj Se\u00e7enekleri<\/h2>\n<p data-start=\"1800\" data-end=\"1916\">Mevcut ambalaj: 300 ml<br data-start=\"1826\" data-end=\"1829\" \/>Talep \u00fczerine \u00f6zel marka (private label) ve d\u00f6kme teslimat se\u00e7enekleri sunulmaktad\u0131r.<\/p>\n<h2 data-start=\"1918\" data-end=\"1948\">7. Depolama ve Elle\u00e7leme<\/h2>\n<ul data-start=\"1949\" data-end=\"2144\">\n<li data-start=\"1949\" data-end=\"2023\">\n<p data-start=\"1951\" data-end=\"2023\">0\u00b0C \u2013 40\u00b0C aras\u0131nda, kuru ve iyi havaland\u0131r\u0131lan ortamlarda depolay\u0131n\u0131z<\/p>\n<\/li>\n<li data-start=\"2024\" data-end=\"2092\">\n<p data-start=\"2026\" data-end=\"2092\">Do\u011frudan g\u00fcne\u015f \u0131\u015f\u0131\u011f\u0131ndan ve ate\u015fleme kaynaklar\u0131ndan uzak tutunuz<\/p>\n<\/li>\n<li data-start=\"2093\" data-end=\"2144\">\n<p data-start=\"2095\" data-end=\"2144\">Raf \u00f6mr\u00fc: Orijinal kapal\u0131 ambalaj\u0131nda 2 y\u0131l<\/p>\n<\/li>\n<\/ul>\n<h2 data-start=\"2146\" data-end=\"2173\">8. Sa\u011fl\u0131k ve G\u00fcvenlik<\/h2>\n<p data-start=\"2174\" data-end=\"2300\">Elle\u00e7leme, bertaraf ve g\u00fcvenlik \u00f6nlemleri hakk\u0131nda detayl\u0131 bilgi i\u00e7in Malzeme G\u00fcvenlik Bilgi Formu (MSDS)\u2019na ba\u015fvurunuz.<\/p>\n<\/div>\n<\/div>\n<\/div>\n<\/div>\n<\/div>\n<\/div>\n<\/article>\n<div class=\"pointer-events-none h-px w-px\" aria-hidden=\"true\" data-edge=\"true\"><\/div>\n","protected":false},"featured_media":0,"template":"","meta":[],"product_cat":[246],"product_tag":[],"_links":{"self":[{"href":"https:\/\/gtmaxoil.net\/tr\/wp-json\/wp\/v2\/product\/22371"}],"collection":[{"href":"https:\/\/gtmaxoil.net\/tr\/wp-json\/wp\/v2\/product"}],"about":[{"href":"https:\/\/gtmaxoil.net\/tr\/wp-json\/wp\/v2\/types\/product"}],"wp:attachment":[{"href":"https:\/\/gtmaxoil.net\/tr\/wp-json\/wp\/v2\/media?parent=22371"}],"wp:term":[{"taxonomy":"product_cat","embeddable":true,"href":"https:\/\/gtmaxoil.net\/tr\/wp-json\/wp\/v2\/product_cat?post=22371"},{"taxonomy":"product_tag","embeddable":true,"href":"https:\/\/gtmaxoil.net\/tr\/wp-json\/wp\/v2\/product_tag?post=22371"}],"curies":[{"name":"wp","href":"https:\/\/api.w.org\/{rel}","templated":true}]}}