{"id":22369,"date":"2025-10-20T15:10:17","date_gmt":"2025-10-20T12:10:17","guid":{"rendered":"https:\/\/gtmaxoil.net\/en\/?post_type=product&#038;p=22369"},"modified":"2025-10-20T15:20:01","modified_gmt":"2025-10-20T12:20:01","slug":"outboard-2t","status":"publish","type":"product","link":"https:\/\/gtmaxoil.net\/tr\/urunler\/outboard-2t\/","title":{"rendered":"S\u0130RK\u00dcLASYON YA\u011eI"},"content":{"rendered":"<p><em><strong data-start=\"2224\" data-end=\"2232\">Not:<\/strong> Buradaki bilgiler mevcut bilgi ve deneyime dayanmaktad\u0131r. Belirli \u00f6zellikler i\u00e7in yasal ba\u011flay\u0131c\u0131l\u0131\u011f\u0131 olan bir garanti te\u015fkil etmez.<\/em><\/p>\n","protected":false},"excerpt":{"rendered":"<h2 data-start=\"0\" data-end=\"20\">1. \u00dcr\u00fcn Tan\u0131m\u0131<\/h2>\n<p data-start=\"21\" data-end=\"495\">GTMAX S\u0130RK\u00dcLASYON YA\u011eI, \u00f6zel se\u00e7ilmi\u015f baz ya\u011flar ve oksidasyon inhibit\u00f6rleri ile form\u00fcle edilmi\u015f y\u00fcksek kaliteli sirk\u00fclasyon ya\u011flar\u0131d\u0131r. Bu ya\u011flar, a\u015f\u0131nma korumas\u0131n\u0131n kritik olmad\u0131\u011f\u0131 ancak m\u00fckemmel oksidasyon kararl\u0131l\u0131\u011f\u0131, korozyon direnci ve iyi hava tahliye \u00f6zelliklerinin gerekli oldu\u011fu sirk\u00fclasyon sistemlerinde kullan\u0131lmak \u00fczere tasarlanm\u0131\u015ft\u0131r. End\u00fcstriyel sirk\u00fclasyon sistemlerinde, rulmanlarda ve ka\u011f\u0131t makinelerinde g\u00fcvenilir ya\u011flama ve uzun servis \u00f6mr\u00fc sa\u011flar.<\/p>\n<h2 data-start=\"497\" data-end=\"516\">2. Avantajlar<\/h2>\n<p data-start=\"517\" data-end=\"798\">\u2022 Uzat\u0131lm\u0131\u015f ya\u011f \u00f6mr\u00fc i\u00e7in m\u00fckemmel oksidasyon ve termal kararl\u0131l\u0131k<br data-start=\"583\" data-end=\"586\" \/>\u2022 Pas ve korozyona kar\u015f\u0131 etkili koruma<br data-start=\"624\" data-end=\"627\" \/>\u2022 \u0130yi hava tahliyesi ve k\u00f6p\u00fck kontrol \u00f6zellikleri<br data-start=\"676\" data-end=\"679\" \/>\u2022 D\u00fc\u015f\u00fck birikinti ve \u00e7amur olu\u015fumu e\u011filimi<br data-start=\"721\" data-end=\"724\" \/>\u2022 D\u00fc\u015f\u00fck ve y\u00fcksek s\u0131cakl\u0131kl\u0131 sirk\u00fclasyon sistemlerinde g\u00fcvenilir ya\u011flama<\/p>\n<h2 data-start=\"800\" data-end=\"826\">3. Kullan\u0131m Alanlar\u0131<\/h2>\n<p data-start=\"827\" data-end=\"1095\">\u2022 Ka\u011f\u0131t makineleri, tekstil makineleri ve di\u011fer end\u00fcstriyel ekipmanlarda sirk\u00fclasyon ya\u011flama sistemleri<br data-start=\"930\" data-end=\"933\" \/>\u2022 Rulmanlar, di\u015fliler ve g\u00fcvenilir sirk\u00fclasyon ya\u011flamas\u0131 gerektiren di\u011fer bile\u015fenler<br data-start=\"1017\" data-end=\"1020\" \/>\u2022 DIN 51524-1 (HL) performans seviyesinin gerekti\u011fi end\u00fcstriyel sistemler<\/p>\n<h2 data-start=\"1097\" data-end=\"1149\">4. Performans Standartlar\u0131 ve Spesifikasyonlar<\/h2>\n<p data-start=\"1150\" data-end=\"1280\">\u2022 DIN 51524-1 (HL)<br data-start=\"1168\" data-end=\"1171\" \/>\u2022 ISO 11158 (HL)<br data-start=\"1187\" data-end=\"1190\" \/>\u2022 ISO 6743-2 (L-H kategorisi)<br data-start=\"1219\" data-end=\"1222\" \/>\u2022 Ba\u015fl\u0131ca sirk\u00fclasyon ya\u011f\u0131 OEM gerekliliklerini kar\u015f\u0131lar<\/p>\n<h2 data-start=\"1282\" data-end=\"1329\">5. Tipik Teknik \u00d6zellikler (Genel Aral\u0131k)<\/h2>\n<table width=\"0\">\n<tbody>\n<tr>\n<td width=\"133\"><strong>Property<\/strong><\/td>\n<td colspan=\"9\" width=\"611\"><strong>\u00a0<\/strong><\/td>\n<\/tr>\n<tr>\n<td width=\"133\"><strong>Grade<\/strong><\/td>\n<td width=\"71\"><strong>32<\/strong><\/td>\n<td width=\"63\"><strong>46<\/strong><\/td>\n<td width=\"68\"><strong>68<\/strong><\/td>\n<td width=\"68\"><strong>100<\/strong><\/td>\n<td width=\"68\"><strong>150<\/strong><\/td>\n<td width=\"68\"><strong>220<\/strong><\/td>\n<td width=\"68\"><strong>320<\/strong><\/td>\n<td width=\"68\"><strong>460<\/strong><\/td>\n<td width=\"68\"><strong>680<\/strong><\/td>\n<\/tr>\n<tr>\n<td width=\"133\">Kinematic Viscosity @ 40\u00b0C, mm2\/s, ASTM D445<\/td>\n<td width=\"71\">28 \u2013 35<\/td>\n<td width=\"63\">41 \u2013 50<\/td>\n<td width=\"68\">61 \u2013 74<\/td>\n<td width=\"68\">90 \u2013 110<\/td>\n<td width=\"68\">135 \u2013 165<\/td>\n<td width=\"68\">198 \u2013 242<\/td>\n<td width=\"68\">288 \u2013 352<\/td>\n<td width=\"68\">414 \u2013 506<\/td>\n<td width=\"68\">612 \u2013 748<\/td>\n<\/tr>\n<tr>\n<td width=\"133\">Kinematic Viscosity @ 100\u00b0C, mm2\/s, ASTM D445<\/td>\n<td width=\"71\">5.0 \u2013 6.0<\/td>\n<td width=\"63\">6.5 \u2013 7.5<\/td>\n<td width=\"68\">8.5 \u2013 9.5<\/td>\n<td width=\"68\">11,0\u201312,5<\/td>\n<td width=\"68\">14 \u2013 16<\/td>\n<td width=\"68\">18 \u2013 20<\/td>\n<td width=\"68\">22 \u2013 24<\/td>\n<td width=\"68\">28 \u2013 32<\/td>\n<td width=\"68\">35 \u2013 40<\/td>\n<\/tr>\n<tr>\n<td width=\"133\">Viscosity Index, ASTM D2270, Min.<\/td>\n<td colspan=\"9\" width=\"611\">95<\/td>\n<\/tr>\n<tr>\n<td width=\"133\">Pour Point, \u00b0C, ASTM D97, Max.<\/td>\n<td width=\"71\">-18<\/td>\n<td width=\"63\">-18<\/td>\n<td width=\"68\">-15<\/td>\n<td width=\"68\">-18<\/td>\n<td width=\"68\">-12<\/td>\n<td width=\"68\">-9<\/td>\n<td width=\"68\">-9<\/td>\n<td width=\"68\">-6<\/td>\n<td width=\"68\">-6<\/td>\n<\/tr>\n<tr>\n<td width=\"133\">Flash Point, COC, \u00b0C, ASTM D92, Min.<\/td>\n<td width=\"71\">200<\/td>\n<td width=\"63\">210<\/td>\n<td width=\"68\">210<\/td>\n<td width=\"68\">220<\/td>\n<td width=\"68\">220<\/td>\n<td width=\"68\">225<\/td>\n<td width=\"68\">230<\/td>\n<td width=\"68\">235<\/td>\n<td width=\"68\">235<\/td>\n<\/tr>\n<tr>\n<td width=\"133\">Density @ 15.6\u00b0C, g\/ml, ASTM D4052<\/td>\n<td width=\"71\">0.870<\/td>\n<td width=\"63\">0.875<\/td>\n<td width=\"68\">0.880<\/td>\n<td width=\"68\">0.885<\/td>\n<td width=\"68\">0.885<\/td>\n<td width=\"68\">0.890<\/td>\n<td width=\"68\">0.890<\/td>\n<td width=\"68\">0.895<\/td>\n<td width=\"68\">0.900<\/td>\n<\/tr>\n<\/tbody>\n<\/table>\n<p data-start=\"1330\" data-end=\"1542\"><strong data-start=\"1330\" data-end=\"1346\">Feragatname:<\/strong> Yukar\u0131da belirtilen tipik \u00f6zellikler ortalama de\u011ferleri temsil eder ve kabul edilebilir \u00fcretim toleranslar\u0131 dahilinde de\u011fi\u015fiklik g\u00f6sterebilir. Bu bilgiler teknik spesifikasyon niteli\u011fi ta\u015f\u0131maz.<\/p>\n<h2 data-start=\"1544\" data-end=\"1572\">6. Ambalaj Se\u00e7enekleri<\/h2>\n<p data-start=\"1573\" data-end=\"1731\">Mevcut ambalajlar: 20L kova, 55L varil, 200\u2013208L f\u0131\u00e7\u0131, 1000L IBC<br data-start=\"1641\" data-end=\"1644\" \/>Talep \u00fczerine \u00f6zel marka (private label) ve d\u00f6kme teslimat se\u00e7enekleri sunulmaktad\u0131r.<\/p>\n<h2 data-start=\"1733\" data-end=\"1763\">7. Depolama ve Elle\u00e7leme<\/h2>\n<ul data-start=\"1764\" data-end=\"1959\">\n<li data-start=\"1764\" data-end=\"1838\">\n<p data-start=\"1766\" data-end=\"1838\">0\u00b0C \u2013 40\u00b0C aras\u0131nda, kuru ve iyi havaland\u0131r\u0131lan ortamlarda depolay\u0131n\u0131z<\/p>\n<\/li>\n<li data-start=\"1839\" data-end=\"1907\">\n<p data-start=\"1841\" data-end=\"1907\">Do\u011frudan g\u00fcne\u015f \u0131\u015f\u0131\u011f\u0131ndan ve ate\u015fleme kaynaklar\u0131ndan uzak tutunuz<\/p>\n<\/li>\n<li data-start=\"1908\" data-end=\"1959\">\n<p data-start=\"1910\" data-end=\"1959\">Raf \u00f6mr\u00fc: Orijinal kapal\u0131 ambalaj\u0131nda 5 y\u0131l<\/p>\n<\/li>\n<\/ul>\n<h2 data-start=\"1961\" data-end=\"1988\">8. Sa\u011fl\u0131k ve G\u00fcvenlik<\/h2>\n<p data-start=\"1989\" data-end=\"2115\">Elle\u00e7leme, bertaraf ve g\u00fcvenlik \u00f6nlemleri hakk\u0131nda detayl\u0131 bilgi i\u00e7in Malzeme G\u00fcvenlik Bilgi Formu (MSDS)\u2019na ba\u015fvurunuz.<\/p>\n<p data-start=\"2117\" data-end=\"2270\" data-is-last-node=\"\" data-is-only-node=\"\">\n","protected":false},"featured_media":0,"template":"","meta":[],"product_cat":[181],"product_tag":[],"_links":{"self":[{"href":"https:\/\/gtmaxoil.net\/tr\/wp-json\/wp\/v2\/product\/22369"}],"collection":[{"href":"https:\/\/gtmaxoil.net\/tr\/wp-json\/wp\/v2\/product"}],"about":[{"href":"https:\/\/gtmaxoil.net\/tr\/wp-json\/wp\/v2\/types\/product"}],"wp:attachment":[{"href":"https:\/\/gtmaxoil.net\/tr\/wp-json\/wp\/v2\/media?parent=22369"}],"wp:term":[{"taxonomy":"product_cat","embeddable":true,"href":"https:\/\/gtmaxoil.net\/tr\/wp-json\/wp\/v2\/product_cat?post=22369"},{"taxonomy":"product_tag","embeddable":true,"href":"https:\/\/gtmaxoil.net\/tr\/wp-json\/wp\/v2\/product_tag?post=22369"}],"curies":[{"name":"wp","href":"https:\/\/api.w.org\/{rel}","templated":true}]}}