{"id":22366,"date":"2025-10-20T14:08:18","date_gmt":"2025-10-20T11:08:18","guid":{"rendered":"https:\/\/gtmaxoil.net\/en\/?post_type=product&#038;p=22366"},"modified":"2025-10-20T14:29:56","modified_gmt":"2025-10-20T11:29:56","slug":"coolant-oat","status":"publish","type":"product","link":"https:\/\/gtmaxoil.net\/tr\/urunler\/coolant-oat\/","title":{"rendered":"BENZ\u0130N ENJEKT\u00d6R TEM\u0130ZLEY\u0130C\u0130S\u0130"},"content":{"rendered":"<p><em><strong data-start=\"2224\" data-end=\"2232\">Not:<\/strong> Buradaki bilgiler mevcut bilgi ve deneyime dayanmaktad\u0131r. Belirli \u00f6zellikler i\u00e7in yasal ba\u011flay\u0131c\u0131l\u0131\u011f\u0131 olan bir garanti te\u015fkil etmez.<\/em><\/p>\n","protected":false},"excerpt":{"rendered":"<h2 data-start=\"0\" data-end=\"20\">1. \u00dcr\u00fcn Tan\u0131m\u0131<\/h2>\n<p data-start=\"21\" data-end=\"391\">GTMAX ENJEKT\u00d6R TEM\u0130ZLEY\u0130C\u0130, yak\u0131t enjekt\u00f6rlerini temizlemek ve korumak, yak\u0131t p\u00fcsk\u00fcrtme kalitesini iyile\u015ftirmek ve motor verimlili\u011fini geri kazand\u0131rmak i\u00e7in \u00f6zel olarak geli\u015ftirilmi\u015f y\u00fcksek performansl\u0131 bir yak\u0131t katk\u0131s\u0131d\u0131r. \u00dcr\u00fcn, yak\u0131t sistemlerinin \u00f6zel gereksinimlerini kar\u015f\u0131lamak \u00fczere benzinli ve dizel olmak \u00fczere iki farkl\u0131 versiyonda sunulmaktad\u0131r.<\/p>\n<h2 data-start=\"393\" data-end=\"412\">2. Avantajlar<\/h2>\n<p data-start=\"413\" data-end=\"941\">\u2022 Enjekt\u00f6rlerdeki birikintileri etkili \u015fekilde temizler ve yeni birikinti olu\u015fumunu \u00f6nler<br data-start=\"502\" data-end=\"505\" \/>\u2022 Do\u011fru p\u00fcsk\u00fcrtme desenini geri kazand\u0131r\u0131r ve yanma verimini art\u0131r\u0131r<br data-start=\"573\" data-end=\"576\" \/>\u2022 Yak\u0131t t\u00fcketimini ve emisyonlar\u0131 azalt\u0131r<br data-start=\"617\" data-end=\"620\" \/>\u2022 Yak\u0131t sistemini korozyon ve a\u015f\u0131nmaya kar\u015f\u0131 korur<br data-start=\"670\" data-end=\"673\" \/>\u2022 Genel motor performans\u0131n\u0131 ve s\u00fcr\u00fc\u015f konforunu iyile\u015ftirir<br data-start=\"731\" data-end=\"734\" \/>\u2022 <strong data-start=\"736\" data-end=\"758\">Benzinli versiyon:<\/strong> Enjekt\u00f6rleri, emme supaplar\u0131n\u0131 ve yanma odas\u0131n\u0131 temizler; vuruntuyu azalt\u0131r<br data-start=\"834\" data-end=\"837\" \/>\u2022 <strong data-start=\"839\" data-end=\"858\">Dizel versiyon:<\/strong> Enjekt\u00f6r memelerini temizler; egzoz duman\u0131n\u0131 azalt\u0131r ve setan say\u0131s\u0131n\u0131 destekler<\/p>\n<h2 data-start=\"943\" data-end=\"969\">3. Kullan\u0131m Alanlar\u0131<\/h2>\n<p data-start=\"970\" data-end=\"1205\">\u2022 Euro IV, V, VI standartlar\u0131na uygun t\u00fcm benzinli ve dizel motorlarda kullan\u0131m i\u00e7in uygundur<br data-start=\"1063\" data-end=\"1066\" \/>\u2022 Binek ara\u00e7lar, ticari ara\u00e7lar ve y\u00fcksek performansl\u0131 motorlar<br data-start=\"1129\" data-end=\"1132\" \/>\u2022 Katalitik konvert\u00f6r, turbo\u015farj ve common-rail sistemleriyle uyumludur<\/p>\n<h2 data-start=\"1207\" data-end=\"1239\">4. Tipik Teknik \u00d6zellikler<\/h2>\n<p data-start=\"1647\" data-end=\"1859\"><strong data-start=\"1647\" data-end=\"1663\">Feragatname:<\/strong> Yukar\u0131da belirtilen tipik \u00f6zellikler ortalama de\u011ferleri temsil eder ve kabul edilebilir \u00fcretim toleranslar\u0131 dahilinde de\u011fi\u015fiklik g\u00f6sterebilir. Bu bilgiler teknik spesifikasyon niteli\u011fi ta\u015f\u0131maz.<\/p>\n<h2 data-start=\"1861\" data-end=\"1887\">5. Dozaj ve Kullan\u0131m<\/h2>\n<p data-start=\"1888\" data-end=\"2063\">250 ml katk\u0131, 50\u201370 litre yak\u0131t i\u00e7in uygundur (katk\u0131 oran\u0131 %0,05 \u2013 0,1).<br data-start=\"1968\" data-end=\"1971\" \/>Optimum enjekt\u00f6r temizli\u011fi i\u00e7in her 3.000\u20135.000 km\u2019de bir kullan\u0131lmas\u0131 tavsiye edilir.<\/p>\n<h2 data-start=\"2065\" data-end=\"2093\">6. Ambalaj Se\u00e7enekleri<\/h2>\n<p data-start=\"2094\" data-end=\"2210\">Mevcut ambalaj: 300 ml<br data-start=\"2120\" data-end=\"2123\" \/>Talep \u00fczerine \u00f6zel marka (private label) ve d\u00f6kme teslimat se\u00e7enekleri sunulmaktad\u0131r.<\/p>\n<h2 data-start=\"2212\" data-end=\"2242\">7. Depolama ve Elle\u00e7leme<\/h2>\n<ul data-start=\"2243\" data-end=\"2438\">\n<li data-start=\"2243\" data-end=\"2317\">\n<p data-start=\"2245\" data-end=\"2317\">0\u00b0C \u2013 40\u00b0C aras\u0131nda, kuru ve iyi havaland\u0131r\u0131lan ortamlarda depolay\u0131n\u0131z<\/p>\n<\/li>\n<li data-start=\"2318\" data-end=\"2386\">\n<p data-start=\"2320\" data-end=\"2386\">Do\u011frudan g\u00fcne\u015f \u0131\u015f\u0131\u011f\u0131ndan ve ate\u015fleme kaynaklar\u0131ndan uzak tutunuz<\/p>\n<\/li>\n<li data-start=\"2387\" data-end=\"2438\">\n<p data-start=\"2389\" data-end=\"2438\">Raf \u00f6mr\u00fc: Orijinal kapal\u0131 ambalaj\u0131nda 2 y\u0131l<\/p>\n<\/li>\n<\/ul>\n<h2 data-start=\"2440\" data-end=\"2467\">8. Sa\u011fl\u0131k ve G\u00fcvenlik<\/h2>\n<p data-start=\"2468\" data-end=\"2594\">Elle\u00e7leme, bertaraf ve g\u00fcvenlik \u00f6nlemleri hakk\u0131nda detayl\u0131 bilgi i\u00e7in Malzeme G\u00fcvenlik Bilgi Formu (MSDS)\u2019na ba\u015fvurunuz.<\/p>\n<p data-start=\"2596\" data-end=\"2749\" data-is-last-node=\"\" data-is-only-node=\"\">\n","protected":false},"featured_media":0,"template":"","meta":[],"product_cat":[181],"product_tag":[],"_links":{"self":[{"href":"https:\/\/gtmaxoil.net\/tr\/wp-json\/wp\/v2\/product\/22366"}],"collection":[{"href":"https:\/\/gtmaxoil.net\/tr\/wp-json\/wp\/v2\/product"}],"about":[{"href":"https:\/\/gtmaxoil.net\/tr\/wp-json\/wp\/v2\/types\/product"}],"wp:attachment":[{"href":"https:\/\/gtmaxoil.net\/tr\/wp-json\/wp\/v2\/media?parent=22366"}],"wp:term":[{"taxonomy":"product_cat","embeddable":true,"href":"https:\/\/gtmaxoil.net\/tr\/wp-json\/wp\/v2\/product_cat?post=22366"},{"taxonomy":"product_tag","embeddable":true,"href":"https:\/\/gtmaxoil.net\/tr\/wp-json\/wp\/v2\/product_tag?post=22366"}],"curies":[{"name":"wp","href":"https:\/\/api.w.org\/{rel}","templated":true}]}}