{"id":22339,"date":"2025-10-16T12:51:17","date_gmt":"2025-10-16T09:51:17","guid":{"rendered":"https:\/\/gtmaxoil.net\/en\/?post_type=product&#038;p=22339"},"modified":"2025-10-16T13:03:14","modified_gmt":"2025-10-16T10:03:14","slug":"cutting-oil","status":"publish","type":"product","link":"https:\/\/gtmaxoil.net\/tr\/urunler\/cutting-oil\/","title":{"rendered":"END\u00dcSTR\u0130YEL D\u0130\u015eL\u0130 YA\u011eI"},"content":{"rendered":"<p><em><strong>Not<\/strong>: Burada verilen bilgiler mevcut bilgi ve deneyime dayanmaktad\u0131r. Belirli \u00f6zellikler i\u00e7in yasal olarak ba\u011flay\u0131c\u0131 bir garanti te\u015fkil etmez.<\/em><\/p>\n","protected":false},"excerpt":{"rendered":"<h2 data-start=\"0\" data-end=\"20\">1. \u00dcr\u00fcn Tan\u0131m\u0131<\/h2>\n<p data-start=\"21\" data-end=\"357\">GTMAX END\u00dcSTR\u0130YEL D\u0130\u015eL\u0130 YA\u011eI SER\u0130S\u0130, y\u00fcksek kaliteli mineral baz ya\u011flar ve geli\u015fmi\u015f katk\u0131 teknolojisi ile form\u00fcle edilmi\u015f \u00fcst\u00fcn kaliteli EP (A\u015f\u0131r\u0131 Bas\u0131n\u00e7) \u00f6zellikli end\u00fcstriyel di\u015fli ya\u011flar\u0131d\u0131r. Zorlu \u00e7al\u0131\u015fma ko\u015fullar\u0131 alt\u0131nda \u00e7al\u0131\u015fan a\u011f\u0131r hizmet tipi di\u015fli sistemlerinde a\u015f\u0131nma, korozyon ve oksidasyona kar\u015f\u0131 \u00fcst\u00fcn koruma sa\u011flar.<\/p>\n<h2 data-start=\"359\" data-end=\"378\">2. Avantajlar<\/h2>\n<p data-start=\"379\" data-end=\"698\">\u2022 A\u011f\u0131r y\u00fck alt\u0131nda m\u00fckemmel EP ve a\u015f\u0131nma \u00f6nleyici koruma<br data-start=\"435\" data-end=\"438\" \/>\u2022 Uzun ya\u011f \u00f6mr\u00fc i\u00e7in \u00fcst\u00fcn oksidasyon ve termal kararl\u0131l\u0131k<br data-start=\"496\" data-end=\"499\" \/>\u2022 Pas ve korozyona kar\u015f\u0131 ola\u011fan\u00fcst\u00fc koruma<br data-start=\"541\" data-end=\"544\" \/>\u2022 M\u00fckemmel su ayr\u0131\u015ft\u0131rma (demulsibilite) ve k\u00f6p\u00fck \u00f6nleme \u00f6zellikleri<br data-start=\"612\" data-end=\"615\" \/>\u2022 Geni\u015f bir end\u00fcstriyel di\u015fli uygulama yelpazesinde g\u00fcvenilir ya\u011flama performans\u0131<\/p>\n<h2 data-start=\"700\" data-end=\"726\">3. Kullan\u0131m Alanlar\u0131<\/h2>\n<p data-start=\"727\" data-end=\"1062\">\u2022 Sirk\u00fclasyon veya s\u0131\u00e7ratmal\u0131 ya\u011flama sistemlerine sahip a\u011f\u0131r hizmet tipi kapal\u0131 end\u00fcstriyel di\u015fli \u00fcniteleri<br data-start=\"835\" data-end=\"838\" \/>\u2022 D\u00fcz, konik, helisel ve sonsuz di\u015flilerde y\u00fcksek y\u00fck alt\u0131nda \u00e7al\u0131\u015fma ko\u015fullar\u0131<br data-start=\"917\" data-end=\"920\" \/>\u2022 DIN 51517-3 CLP performans seviyesi gerektiren madencilik, \u00e7elik, ka\u011f\u0131t, \u00e7imento ve di\u011fer end\u00fcstriyel uygulamalarda kullan\u0131m i\u00e7in uygundur<\/p>\n<h2 data-start=\"1064\" data-end=\"1116\">4. Performans Standartlar\u0131 ve Spesifikasyonlar<\/h2>\n<p data-start=\"1117\" data-end=\"1266\">\u2022 DIN 51517-3 (CLP)<br data-start=\"1136\" data-end=\"1139\" \/>\u2022 ISO 12925-1 CKC\/CKD<br data-start=\"1160\" data-end=\"1163\" \/>\u2022 AGMA 9005-E02<br data-start=\"1178\" data-end=\"1181\" \/>\u2022 David Brown S1.53.101<br data-start=\"1204\" data-end=\"1207\" \/>\u2022 Ba\u015fl\u0131ca end\u00fcstriyel di\u015fli OEM gerekliliklerini kar\u015f\u0131lar<\/p>\n<h2 data-start=\"1268\" data-end=\"1315\">5. Tipik Teknik \u00d6zellikler (Genel Aral\u0131k)<\/h2>\n<table width=\"0\">\n<tbody>\n<tr>\n<td width=\"133\"><strong>Property<\/strong><\/td>\n<td colspan=\"9\" width=\"611\"><strong>\u00a0<\/strong><\/td>\n<\/tr>\n<tr>\n<td width=\"133\"><strong>Grade<\/strong><\/td>\n<td width=\"71\"><strong>46<\/strong><\/td>\n<td width=\"63\"><strong>68<\/strong><\/td>\n<td width=\"68\"><strong>100<\/strong><\/td>\n<td width=\"68\"><strong>150<\/strong><\/td>\n<td width=\"68\"><strong>220<\/strong><\/td>\n<td width=\"68\"><strong>320<\/strong><\/td>\n<td width=\"68\"><strong>460<\/strong><\/td>\n<td width=\"68\"><strong>680<\/strong><\/td>\n<td width=\"68\"><strong>1000<\/strong><\/td>\n<\/tr>\n<tr>\n<td width=\"133\">Kinematic Viscosity @ 40\u00b0C, mm2\/s, ASTM D445<\/td>\n<td width=\"71\">41,4 \u2013 50,6<\/td>\n<td width=\"63\">61,2 \u2013 74,8<\/td>\n<td width=\"68\">90 \u2013 110<\/td>\n<td width=\"68\">135 \u2013 165<\/td>\n<td width=\"68\">198 \u2013 242<\/td>\n<td width=\"68\">288 \u2013 352<\/td>\n<td width=\"68\">414 \u2013 506<\/td>\n<td width=\"68\">612 \u2013 748<\/td>\n<td width=\"68\">900 \u2013 1100<\/td>\n<\/tr>\n<tr>\n<td width=\"133\">Kinematic Viscosity @ 100\u00b0C, mm2\/s, ASTM D445<\/td>\n<td width=\"71\">6,5\u20137,5<\/td>\n<td width=\"63\">8,5\u20139,3<\/td>\n<td width=\"68\">11,0\u201312,5<\/td>\n<td width=\"68\">14 \u2013 16<\/td>\n<td width=\"68\">18 \u2013 20<\/td>\n<td width=\"68\">22 \u2013 24<\/td>\n<td width=\"68\">28 \u2013 32<\/td>\n<td width=\"68\">35 \u2013 40<\/td>\n<td width=\"68\">42 \u2013 48<\/td>\n<\/tr>\n<tr>\n<td width=\"133\">Viscosity Index, ASTM D2270, Min.<\/td>\n<td colspan=\"9\" width=\"611\">95<\/td>\n<\/tr>\n<tr>\n<td width=\"133\">Pour Point, \u00b0C, ASTM D97, Max.<\/td>\n<td width=\"71\">-24<\/td>\n<td width=\"63\">-21<\/td>\n<td width=\"68\">-18<\/td>\n<td width=\"68\">-16<\/td>\n<td width=\"68\">-12<\/td>\n<td width=\"68\">-9<\/td>\n<td width=\"68\">-6<\/td>\n<td width=\"68\">-6<\/td>\n<td width=\"68\">-6<\/td>\n<\/tr>\n<tr>\n<td width=\"133\">Flash Point, COC, \u00b0C, ASTM D92, Min.<\/td>\n<td width=\"71\">210<\/td>\n<td width=\"63\">220<\/td>\n<td width=\"68\">220<\/td>\n<td width=\"68\">230<\/td>\n<td width=\"68\">230<\/td>\n<td width=\"68\">235<\/td>\n<td width=\"68\">235<\/td>\n<td width=\"68\">240<\/td>\n<td width=\"68\">245<\/td>\n<\/tr>\n<tr>\n<td width=\"133\">Density @ 15.6\u00b0C, g\/ml, ASTM D4052<\/td>\n<td width=\"71\">0.875<\/td>\n<td width=\"63\">0.880<\/td>\n<td width=\"68\">0.885<\/td>\n<td width=\"68\">0.885<\/td>\n<td width=\"68\">0.890<\/td>\n<td width=\"68\">0.890<\/td>\n<td width=\"68\">0.895<\/td>\n<td width=\"68\">0.900<\/td>\n<td width=\"68\">0.905<\/td>\n<\/tr>\n<\/tbody>\n<\/table>\n<p data-start=\"1316\" data-end=\"1528\"><strong data-start=\"1316\" data-end=\"1332\">Feragatname:<\/strong> Yukar\u0131da belirtilen tipik \u00f6zellikler ortalama de\u011ferleri temsil eder ve kabul edilebilir \u00fcretim toleranslar\u0131 dahilinde de\u011fi\u015fiklik g\u00f6sterebilir. Bu bilgiler teknik spesifikasyon niteli\u011fi ta\u015f\u0131maz.<\/p>\n<h2 data-start=\"1530\" data-end=\"1558\">6. Ambalaj Se\u00e7enekleri<\/h2>\n<p data-start=\"1559\" data-end=\"1717\">Mevcut ambalajlar: 20L kova, 55L varil, 200\u2013208L f\u0131\u00e7\u0131, 1000L IBC<br data-start=\"1627\" data-end=\"1630\" \/>Talep \u00fczerine \u00f6zel marka (private label) ve d\u00f6kme teslimat se\u00e7enekleri sunulmaktad\u0131r.<\/p>\n<h2 data-start=\"1719\" data-end=\"1749\">7. Depolama ve Elle\u00e7leme<\/h2>\n<ul data-start=\"1750\" data-end=\"1945\">\n<li data-start=\"1750\" data-end=\"1824\">\n<p data-start=\"1752\" data-end=\"1824\">0\u00b0C \u2013 40\u00b0C aras\u0131nda, kuru ve iyi havaland\u0131r\u0131lan ortamlarda depolay\u0131n\u0131z<\/p>\n<\/li>\n<li data-start=\"1825\" data-end=\"1893\">\n<p data-start=\"1827\" data-end=\"1893\">Do\u011frudan g\u00fcne\u015f \u0131\u015f\u0131\u011f\u0131ndan ve ate\u015fleme kaynaklar\u0131ndan uzak tutunuz<\/p>\n<\/li>\n<li data-start=\"1894\" data-end=\"1945\">\n<p data-start=\"1896\" data-end=\"1945\">Raf \u00f6mr\u00fc: Orijinal kapal\u0131 ambalaj\u0131nda 5 y\u0131l<\/p>\n<\/li>\n<\/ul>\n<h3 data-start=\"1947\" data-end=\"1974\">8. Sa\u011fl\u0131k ve G\u00fcvenlik<\/h3>\n<p data-start=\"1975\" data-end=\"2101\">Elle\u00e7leme, bertaraf ve g\u00fcvenlik \u00f6nlemleri hakk\u0131nda detayl\u0131 bilgi i\u00e7in Malzeme G\u00fcvenlik Bilgi Formu (MSDS)\u2019na ba\u015fvurunuz.<\/p>\n<p data-start=\"2103\" data-end=\"2256\" data-is-last-node=\"\" data-is-only-node=\"\">\n","protected":false},"featured_media":22076,"template":"","meta":[],"product_cat":[178],"product_tag":[],"_links":{"self":[{"href":"https:\/\/gtmaxoil.net\/tr\/wp-json\/wp\/v2\/product\/22339"}],"collection":[{"href":"https:\/\/gtmaxoil.net\/tr\/wp-json\/wp\/v2\/product"}],"about":[{"href":"https:\/\/gtmaxoil.net\/tr\/wp-json\/wp\/v2\/types\/product"}],"wp:featuredmedia":[{"embeddable":true,"href":"https:\/\/gtmaxoil.net\/tr\/wp-json\/wp\/v2\/media\/22076"}],"wp:attachment":[{"href":"https:\/\/gtmaxoil.net\/tr\/wp-json\/wp\/v2\/media?parent=22339"}],"wp:term":[{"taxonomy":"product_cat","embeddable":true,"href":"https:\/\/gtmaxoil.net\/tr\/wp-json\/wp\/v2\/product_cat?post=22339"},{"taxonomy":"product_tag","embeddable":true,"href":"https:\/\/gtmaxoil.net\/tr\/wp-json\/wp\/v2\/product_tag?post=22339"}],"curies":[{"name":"wp","href":"https:\/\/api.w.org\/{rel}","templated":true}]}}