{"id":22332,"date":"2025-10-15T16:44:28","date_gmt":"2025-10-15T13:44:28","guid":{"rendered":"https:\/\/gtmaxoil.net\/tr\/?post_type=product&#038;p=22332"},"modified":"2025-10-15T16:51:22","modified_gmt":"2025-10-15T13:51:22","slug":"sentetik-yuksek-performansli-disli-yaglari","status":"publish","type":"product","link":"https:\/\/gtmaxoil.net\/tr\/urunler\/sentetik-yuksek-performansli-disli-yaglari\/","title":{"rendered":"D\u00dcZ M\u0130NERAL H\u0130DROL\u0130K YA\u011eLARI"},"content":{"rendered":"<p><em><strong>Not<\/strong>: Burada verilen bilgiler mevcut bilgi ve deneyime dayanmaktad\u0131r. Belirli \u00f6zellikler i\u00e7in yasal olarak ba\u011flay\u0131c\u0131 bir garanti te\u015fkil etmez.<\/em><\/p>\n","protected":false},"excerpt":{"rendered":"<h2 data-start=\"0\" data-end=\"20\">1. \u00dcr\u00fcn Tan\u0131m\u0131<\/h2>\n<p data-start=\"21\" data-end=\"298\">GTMAX D\u00dcZ M\u0130NERAL H\u0130DROL\u0130K YA\u011eI, genel ama\u00e7l\u0131 hidrolik sistemler i\u00e7in tasarlanm\u0131\u015f y\u00fcksek kaliteli mineral bazl\u0131 hidrolik ak\u0131\u015fkanlard\u0131r. Orta d\u00fczeydeki \u00e7al\u0131\u015fma ko\u015fullar\u0131nda faaliyet g\u00f6steren end\u00fcstriyel ve mobil hidrolik ekipmanlarda g\u00fcvenilir koruma ve performans sa\u011flar.<\/p>\n<h2 data-start=\"300\" data-end=\"319\">2. Avantajlar<\/h2>\n<p data-start=\"320\" data-end=\"576\">\u2022 Pompa ve bile\u015fenler i\u00e7in iyi d\u00fczeyde a\u015f\u0131nma korumas\u0131<br data-start=\"374\" data-end=\"377\" \/>\u2022 G\u00fcvenilir oksidasyon ve termal kararl\u0131l\u0131k<br data-start=\"420\" data-end=\"423\" \/>\u2022 Pas ve korozyona kar\u015f\u0131 koruma<br data-start=\"454\" data-end=\"457\" \/>\u2022 \u0130yi su ayr\u0131\u015ft\u0131rma, k\u00f6p\u00fck \u00f6nleme ve hava tahliyesi \u00f6zellikleri<br data-start=\"520\" data-end=\"523\" \/>\u2022 Standart hidrolik uygulamalar i\u00e7in ekonomik \u00e7\u00f6z\u00fcm<\/p>\n<h2 data-start=\"578\" data-end=\"604\">3. Kullan\u0131m Alanlar\u0131<\/h2>\n<p data-start=\"605\" data-end=\"879\">\u2022 Orta bas\u0131n\u00e7 ve s\u0131cakl\u0131k ko\u015fullar\u0131nda \u00e7al\u0131\u015fan end\u00fcstriyel ve mobil hidrolik sistemlerde \u00f6nerilir<br data-start=\"702\" data-end=\"705\" \/>\u2022 Forkliftler, tar\u0131m makineleri ve hafif in\u015faat ekipmanlar\u0131 i\u00e7in uygundur<br data-start=\"778\" data-end=\"781\" \/>\u2022 DIN 51524 Part 1 (HL) veya temel HLP spesifikasyonlar\u0131n\u0131 gerektiren sistemlerde kullan\u0131labilir<\/p>\n<h2 data-start=\"881\" data-end=\"933\">4. Performans Standartlar\u0131 ve Spesifikasyonlar<\/h2>\n<p data-start=\"934\" data-end=\"1027\">\u2022 DIN 51524 Part 1 (HL) \/ Temel HLP performans\u0131<br data-start=\"981\" data-end=\"984\" \/>\u2022 ISO 11158 (HM)<br data-start=\"1000\" data-end=\"1003\" \/>\u2022 AFNOR NF E 48-603 HL<\/p>\n<h3 data-start=\"1029\" data-end=\"1076\">5. Tipik Teknik \u00d6zellikler (Genel Aral\u0131k)<\/h3>\n<table width=\"0\">\n<tbody>\n<tr>\n<td width=\"159\"><strong>Property<\/strong><\/td>\n<td colspan=\"6\" width=\"488\"><strong>\u00a0<\/strong><\/td>\n<\/tr>\n<tr>\n<td width=\"159\"><strong>Grade<\/strong><\/td>\n<td width=\"85\"><strong>22<\/strong><\/td>\n<td width=\"76\"><strong>32<\/strong><\/td>\n<td width=\"82\"><strong>37<\/strong><\/td>\n<td width=\"82\"><strong>46<\/strong><\/td>\n<td width=\"82\"><strong>68<\/strong><\/td>\n<td width=\"82\"><strong>100<\/strong><\/td>\n<\/tr>\n<tr>\n<td width=\"159\">Kinematic Viscosity @ 40\u00b0C, mm2\/s, ASTM D445<\/td>\n<td width=\"85\">19,8 \u2013 24,2<\/td>\n<td width=\"76\">28,8 \u2013 35,2<\/td>\n<td width=\"82\">33,3 \u2013 40,7<\/td>\n<td width=\"82\">41,4 \u2013 50,6<\/td>\n<td width=\"82\">61,2 \u2013 74,8<\/td>\n<td width=\"82\">90 \u2013 110<\/td>\n<\/tr>\n<tr>\n<td width=\"159\">Kinematic Viscosity @ 100\u00b0C, mm2\/s, ASTM D445<\/td>\n<td width=\"85\">4,1\u20134,5<\/td>\n<td width=\"76\">5,0\u20136,0<\/td>\n<td width=\"82\">5,6\u20136,3<\/td>\n<td width=\"82\">6,5\u20137,5<\/td>\n<td width=\"82\">8,5\u20139,3<\/td>\n<td width=\"82\">11,0\u201312,5<\/td>\n<\/tr>\n<tr>\n<td width=\"159\">Viscosity Index, ASTM D2270, Min.<\/td>\n<td width=\"85\">100<\/td>\n<td width=\"76\">100<\/td>\n<td width=\"82\">100<\/td>\n<td width=\"82\">97<\/td>\n<td width=\"82\">95<\/td>\n<td width=\"82\">95<\/td>\n<\/tr>\n<tr>\n<td width=\"159\">Pour Point, \u00b0C, ASTM D97, Max.<\/td>\n<td width=\"85\">-30<\/td>\n<td width=\"76\">-27<\/td>\n<td width=\"82\">-27<\/td>\n<td width=\"82\">-24<\/td>\n<td width=\"82\">-21<\/td>\n<td width=\"82\">-18<\/td>\n<\/tr>\n<tr>\n<td width=\"159\">Flash Point, COC, \u00b0C, ASTM D92, Min.<\/td>\n<td width=\"85\">190<\/td>\n<td width=\"76\">200<\/td>\n<td width=\"82\">\u00a0205<\/td>\n<td width=\"82\">210<\/td>\n<td width=\"82\">220<\/td>\n<td width=\"82\">230<\/td>\n<\/tr>\n<tr>\n<td width=\"159\">Density @ 15.6\u00b0C, g\/ml, ASTM D4052<\/td>\n<td width=\"85\">0.865<\/td>\n<td width=\"76\">0.870<\/td>\n<td width=\"82\">0.872<\/td>\n<td width=\"82\">0.875<\/td>\n<td width=\"82\">0.880<\/td>\n<td width=\"82\">0.885<\/td>\n<\/tr>\n<\/tbody>\n<\/table>\n<p data-start=\"2067\" data-end=\"2279\"><strong data-start=\"2067\" data-end=\"2083\">Feragatname:<\/strong> Yukar\u0131da belirtilen tipik \u00f6zellikler ortalama de\u011ferleri temsil eder ve kabul edilebilir \u00fcretim toleranslar\u0131 dahilinde de\u011fi\u015fiklik g\u00f6sterebilir. Bu bilgiler teknik spesifikasyon niteli\u011fi ta\u015f\u0131maz.<\/p>\n<h2 data-start=\"2281\" data-end=\"2309\">6. Ambalaj Se\u00e7enekleri<\/h2>\n<p data-start=\"2310\" data-end=\"2468\">Mevcut ambalajlar: 20L kova, 55L varil, 200\u2013208L f\u0131\u00e7\u0131, 1000L IBC<br data-start=\"2378\" data-end=\"2381\" \/>Talep \u00fczerine \u00f6zel marka (private label) ve d\u00f6kme teslimat se\u00e7enekleri sunulmaktad\u0131r.<\/p>\n<h2 data-start=\"2470\" data-end=\"2500\">7. Depolama ve Elle\u00e7leme<\/h2>\n<ul data-start=\"2501\" data-end=\"2696\">\n<li data-start=\"2501\" data-end=\"2575\">\n<p data-start=\"2503\" data-end=\"2575\">0\u00b0C \u2013 40\u00b0C aras\u0131nda, kuru ve iyi havaland\u0131r\u0131lan ortamlarda depolay\u0131n\u0131z<\/p>\n<\/li>\n<li data-start=\"2576\" data-end=\"2644\">\n<p data-start=\"2578\" data-end=\"2644\">Do\u011frudan g\u00fcne\u015f \u0131\u015f\u0131\u011f\u0131ndan ve ate\u015fleme kaynaklar\u0131ndan uzak tutunuz<\/p>\n<\/li>\n<li data-start=\"2645\" data-end=\"2696\">\n<p data-start=\"2647\" data-end=\"2696\">Raf \u00f6mr\u00fc: Orijinal kapal\u0131 ambalaj\u0131nda 5 y\u0131l<\/p>\n<\/li>\n<\/ul>\n<h2 data-start=\"2698\" data-end=\"2725\">8. Sa\u011fl\u0131k ve G\u00fcvenlik<\/h2>\n<p data-start=\"2726\" data-end=\"2852\">Elle\u00e7leme, bertaraf ve g\u00fcvenlik \u00f6nlemleri hakk\u0131nda detayl\u0131 bilgi i\u00e7in Malzeme G\u00fcvenlik Bilgi Formu (MSDS)\u2019na ba\u015fvurunuz.<\/p>\n<p data-start=\"2854\" data-end=\"3007\" data-is-last-node=\"\" data-is-only-node=\"\">\n","protected":false},"featured_media":22334,"template":"","meta":[],"product_cat":[178],"product_tag":[],"_links":{"self":[{"href":"https:\/\/gtmaxoil.net\/tr\/wp-json\/wp\/v2\/product\/22332"}],"collection":[{"href":"https:\/\/gtmaxoil.net\/tr\/wp-json\/wp\/v2\/product"}],"about":[{"href":"https:\/\/gtmaxoil.net\/tr\/wp-json\/wp\/v2\/types\/product"}],"wp:featuredmedia":[{"embeddable":true,"href":"https:\/\/gtmaxoil.net\/tr\/wp-json\/wp\/v2\/media\/22334"}],"wp:attachment":[{"href":"https:\/\/gtmaxoil.net\/tr\/wp-json\/wp\/v2\/media?parent=22332"}],"wp:term":[{"taxonomy":"product_cat","embeddable":true,"href":"https:\/\/gtmaxoil.net\/tr\/wp-json\/wp\/v2\/product_cat?post=22332"},{"taxonomy":"product_tag","embeddable":true,"href":"https:\/\/gtmaxoil.net\/tr\/wp-json\/wp\/v2\/product_tag?post=22332"}],"curies":[{"name":"wp","href":"https:\/\/api.w.org\/{rel}","templated":true}]}}