{"id":22322,"date":"2025-10-15T14:26:30","date_gmt":"2025-10-15T11:26:30","guid":{"rendered":"https:\/\/gtmaxoil.net\/en\/?post_type=product&#038;p=22322"},"modified":"2025-10-15T14:36:23","modified_gmt":"2025-10-15T11:36:23","slug":"atf-vi","status":"publish","type":"product","link":"https:\/\/gtmaxoil.net\/tr\/urunler\/atf-vi\/","title":{"rendered":"\u00c7OK AMA\u00c7LI D\u0130\u015eL\u0130 YA\u011eLARI"},"content":{"rendered":"<p><em><strong>Not<\/strong>: Burada verilen bilgiler mevcut bilgi ve deneyime dayanmaktad\u0131r. Belirli \u00f6zellikler i\u00e7in yasal olarak ba\u011flay\u0131c\u0131 bir garanti te\u015fkil etmez.<\/em><\/p>\n","protected":false},"excerpt":{"rendered":"<h3 data-start=\"0\" data-end=\"20\">1. \u00dcr\u00fcn Tan\u0131m\u0131<\/h3>\n<p data-start=\"21\" data-end=\"278\">\u00c7OK AMA\u00c7LI D\u0130\u015eL\u0130 YA\u011eLAR SER\u0130S\u0130, y\u00fcksek kaliteli baz ya\u011flar ve EP (A\u015f\u0131r\u0131 Bas\u0131n\u00e7) katk\u0131 maddeleri ile form\u00fcle edilmi\u015f \u00e7ok ama\u00e7l\u0131 di\u015fli ya\u011flar\u0131d\u0131r. Manuel \u015fanz\u0131manlar ve akslarda y\u00fcksek y\u00fck ko\u015fullar\u0131nda a\u015f\u0131nma, pas ve oksidasyona kar\u015f\u0131 m\u00fckemmel koruma sa\u011flar.<\/p>\n<h3 data-start=\"280\" data-end=\"299\">2. Avantajlar<\/h3>\n<p data-start=\"300\" data-end=\"522\">\u2022 Y\u00fcksek y\u00fck ko\u015fullar\u0131nda \u00fcst\u00fcn a\u015f\u0131nma korumas\u0131<br data-start=\"347\" data-end=\"350\" \/>\u2022 Ola\u011fan\u00fcst\u00fc termal ve oksidasyon kararl\u0131l\u0131\u011f\u0131<br data-start=\"395\" data-end=\"398\" \/>\u2022 Uzun par\u00e7a \u00f6mr\u00fc i\u00e7in pas ve korozyona kar\u015f\u0131 dayan\u0131kl\u0131l\u0131k<br data-start=\"456\" data-end=\"459\" \/>\u2022 Geni\u015f di\u015fli uygulama aral\u0131\u011f\u0131na uygun \u00e7ok ama\u00e7l\u0131 form\u00fclasyon<\/p>\n<h3 data-start=\"524\" data-end=\"550\">3. Kullan\u0131m Alanlar\u0131<\/h3>\n<p data-start=\"551\" data-end=\"802\">\u2022 Binek ara\u00e7lar, kamyonlar ve otob\u00fcslerde manuel \u015fanz\u0131manlar ve akslar<br data-start=\"621\" data-end=\"624\" \/>\u2022 Ticari ara\u00e7larda a\u011f\u0131r hizmet di\u015fli uygulamalar\u0131<br data-start=\"673\" data-end=\"676\" \/>\u2022 API GL-4 veya GL-5 ya\u011f gerektiren tar\u0131m ve in\u015faat makineleri<br data-start=\"738\" data-end=\"741\" \/>\u2022 Y\u00fcksek y\u00fck ve darbe ko\u015fullar\u0131nda \u00e7al\u0131\u015fan di\u015fli sistemleri<\/p>\n<h3 data-start=\"804\" data-end=\"847\">4. Performans Standartlar\u0131 ve Onaylar<\/h3>\n<p data-start=\"848\" data-end=\"922\">\u2022 API GL-4 \/ GL-5<br data-start=\"865\" data-end=\"868\" \/>\u2022 MIL-L-2105D<br data-start=\"881\" data-end=\"884\" \/>\u2022 ZF TE-ML (05A, 07A, 12E, 16B, 17B)<\/p>\n<h3 data-start=\"924\" data-end=\"971\">5. Tipik Teknik \u00d6zellikler (Genel Aral\u0131k)<\/h3>\n<table width=\"0\">\n<tbody>\n<tr>\n<td width=\"283\"><strong>Property<\/strong><\/td>\n<td width=\"139\"><\/td>\n<td width=\"153\"><\/td>\n<\/tr>\n<tr>\n<td width=\"283\">Grade<\/td>\n<td width=\"139\">80W-90<\/td>\n<td width=\"153\">85W-140<\/td>\n<\/tr>\n<tr>\n<td width=\"283\">Kinematic Viscosity @ 100\u00b0C, mm2\/s, ASTM D445<\/td>\n<td width=\"139\">13,5 \u2013 18,5<\/td>\n<td width=\"153\">24,0 \u2013 32,5<\/td>\n<\/tr>\n<tr>\n<td width=\"283\">Viscosity Index, ASTM D2270, Min.<\/td>\n<td width=\"139\">100<\/td>\n<td width=\"153\">92<\/td>\n<\/tr>\n<tr>\n<td width=\"283\">Copper Strip Corrosion (3h,100\u00b0C), ASTM D130, Max.<\/td>\n<td width=\"139\">1a<\/td>\n<td width=\"153\">1a<\/td>\n<\/tr>\n<tr>\n<td width=\"283\">Pour Point, \u00b0C, ASTM D97, Max.<\/td>\n<td width=\"139\">-17<\/td>\n<td width=\"153\">-14<\/td>\n<\/tr>\n<tr>\n<td width=\"283\">Flash Point, COC, \u00b0C, ASTM D92, Min.<\/td>\n<td width=\"139\">210<\/td>\n<td width=\"153\">230<\/td>\n<\/tr>\n<tr>\n<td width=\"283\">Density @ 15.6\u00b0C, g\/ml, ASTM D4052<\/td>\n<td width=\"139\">0,890<\/td>\n<td width=\"153\">0,890<\/td>\n<\/tr>\n<tr>\n<td width=\"283\">Kinematic Viscosity @ 40\u00b0C, mm2\/s, ASTM D445<\/td>\n<td width=\"139\">140<\/td>\n<td width=\"153\">340<\/td>\n<\/tr>\n<\/tbody>\n<\/table>\n<p data-start=\"972\" data-end=\"1184\"><strong data-start=\"972\" data-end=\"988\">Feragatname:<\/strong> Yukar\u0131da belirtilen tipik \u00f6zellikler ortalama de\u011ferleri temsil eder ve kabul edilebilir \u00fcretim toleranslar\u0131 dahilinde de\u011fi\u015fiklik g\u00f6sterebilir. Bu bilgiler teknik spesifikasyon niteli\u011fi ta\u015f\u0131maz.<\/p>\n<h3 data-start=\"1186\" data-end=\"1214\">6. Ambalaj Se\u00e7enekleri<\/h3>\n<p data-start=\"1215\" data-end=\"1395\">Mevcut ambalajlar: 1L, 4L, 5L, 10L, 20L, 25L kova, 55L varil, 200\u2013208L f\u0131\u00e7\u0131, 1000L IBC<br data-start=\"1305\" data-end=\"1308\" \/>Talep \u00fczerine \u00f6zel marka (private label) ve d\u00f6kme teslimat se\u00e7enekleri sunulmaktad\u0131r.<\/p>\n<h3 data-start=\"1397\" data-end=\"1427\">7. Depolama ve Elle\u00e7leme<\/h3>\n<ul data-start=\"1428\" data-end=\"1623\">\n<li data-start=\"1428\" data-end=\"1502\">\n<p data-start=\"1430\" data-end=\"1502\">0\u00b0C \u2013 40\u00b0C aras\u0131nda, kuru ve iyi havaland\u0131r\u0131lan ortamlarda depolay\u0131n\u0131z<\/p>\n<\/li>\n<li data-start=\"1503\" data-end=\"1571\">\n<p data-start=\"1505\" data-end=\"1571\">Do\u011frudan g\u00fcne\u015f \u0131\u015f\u0131\u011f\u0131ndan ve ate\u015fleme kaynaklar\u0131ndan uzak tutunuz<\/p>\n<\/li>\n<li data-start=\"1572\" data-end=\"1623\">\n<p data-start=\"1574\" data-end=\"1623\">Raf \u00f6mr\u00fc: Orijinal kapal\u0131 ambalaj\u0131nda 5 y\u0131l<\/p>\n<\/li>\n<\/ul>\n<h3 data-start=\"1625\" data-end=\"1652\">8. Sa\u011fl\u0131k ve G\u00fcvenlik<\/h3>\n<p data-start=\"1653\" data-end=\"1779\">Elle\u00e7leme, bertaraf ve g\u00fcvenlik \u00f6nlemleri hakk\u0131nda detayl\u0131 bilgi i\u00e7in Malzeme G\u00fcvenlik Bilgi Formu (MSDS)\u2019na ba\u015fvurunuz.<\/p>\n<p data-start=\"1781\" data-end=\"1934\" data-is-last-node=\"\" data-is-only-node=\"\">\n","protected":false},"featured_media":22323,"template":"","meta":[],"product_cat":[177],"product_tag":[],"_links":{"self":[{"href":"https:\/\/gtmaxoil.net\/tr\/wp-json\/wp\/v2\/product\/22322"}],"collection":[{"href":"https:\/\/gtmaxoil.net\/tr\/wp-json\/wp\/v2\/product"}],"about":[{"href":"https:\/\/gtmaxoil.net\/tr\/wp-json\/wp\/v2\/types\/product"}],"wp:featuredmedia":[{"embeddable":true,"href":"https:\/\/gtmaxoil.net\/tr\/wp-json\/wp\/v2\/media\/22323"}],"wp:attachment":[{"href":"https:\/\/gtmaxoil.net\/tr\/wp-json\/wp\/v2\/media?parent=22322"}],"wp:term":[{"taxonomy":"product_cat","embeddable":true,"href":"https:\/\/gtmaxoil.net\/tr\/wp-json\/wp\/v2\/product_cat?post=22322"},{"taxonomy":"product_tag","embeddable":true,"href":"https:\/\/gtmaxoil.net\/tr\/wp-json\/wp\/v2\/product_tag?post=22322"}],"curies":[{"name":"wp","href":"https:\/\/api.w.org\/{rel}","templated":true}]}}