{"id":22320,"date":"2025-10-15T13:24:13","date_gmt":"2025-10-15T10:24:13","guid":{"rendered":"https:\/\/gtmaxoil.net\/tr\/?post_type=product&#038;p=22320"},"modified":"2025-10-15T14:26:06","modified_gmt":"2025-10-15T11:26:06","slug":"atf-cvt-2","status":"publish","type":"product","link":"https:\/\/gtmaxoil.net\/tr\/urunler\/atf-cvt-2\/","title":{"rendered":"ATF VI"},"content":{"rendered":"<p><strong>Not<\/strong>: Burada verilen bilgiler mevcut bilgi ve deneyime dayanmaktad\u0131r. Belirli \u00f6zellikler i\u00e7in yasal olarak ba\u011flay\u0131c\u0131 bir garanti te\u015fkil etmez.<\/p>\n","protected":false},"excerpt":{"rendered":"<h3 data-start=\"227\" data-end=\"247\">1. \u00dcr\u00fcn Tan\u0131m\u0131<\/h3>\n<p data-start=\"248\" data-end=\"665\">ATF VI, modern binek ara\u00e7lar ve hafif ticari ara\u00e7lardaki otomatik \u015fanz\u0131manlar i\u00e7in tasarlanm\u0131\u015f tam sentetik otomatik \u015fanz\u0131man ya\u011f\u0131d\u0131r. Geli\u015ftirilmi\u015f s\u00fcrt\u00fcnme dayan\u0131kl\u0131l\u0131\u011f\u0131, m\u00fckemmel termal ve oksidasyon kararl\u0131l\u0131\u011f\u0131 ile \u00fcst\u00fcn d\u00fc\u015f\u00fck s\u0131cakl\u0131k ak\u0131\u015fkanl\u0131\u011f\u0131 sa\u011flar. Bu \u00fcr\u00fcn, GM Dexron VI lisans\u0131 alt\u0131nda resmi olarak onaylanm\u0131\u015ft\u0131r ve Ford Mercon V ile e\u015fde\u011fer spesifikasyonlar\u0131 gerektiren uygulamalarda da kullan\u0131labilir.<\/p>\n<h3 data-start=\"667\" data-end=\"686\">2. Avantajlar<\/h3>\n<p data-start=\"687\" data-end=\"968\">\u2022 Lisansl\u0131 GM Dexron VI form\u00fclasyonu<br data-start=\"723\" data-end=\"726\" \/>\u2022 Tutarl\u0131 vites ge\u00e7i\u015f kalitesi i\u00e7in geli\u015ftirilmi\u015f s\u00fcrt\u00fcnme dayan\u0131kl\u0131l\u0131\u011f\u0131<br data-start=\"798\" data-end=\"801\" \/>\u2022 So\u011fuk iklimlerde \u00fcst\u00fcn d\u00fc\u015f\u00fck s\u0131cakl\u0131k performans\u0131<br data-start=\"852\" data-end=\"855\" \/>\u2022 Uzat\u0131lm\u0131\u015f ya\u011f de\u011fi\u015fim aral\u0131klar\u0131 i\u00e7in m\u00fckemmel oksidasyon direnci<br data-start=\"922\" data-end=\"925\" \/>\u2022 Ford Mercon V uygulamalar\u0131yla uyumluluk<\/p>\n<h3 data-start=\"970\" data-end=\"996\">3. Kullan\u0131m Alanlar\u0131<\/h3>\n<p data-start=\"997\" data-end=\"1225\">\u2022 Modern binek ara\u00e7lar ve hafif ticari ara\u00e7lardaki otomatik \u015fanz\u0131manlar<br data-start=\"1068\" data-end=\"1071\" \/>\u2022 Dexron VI veya Mercon V s\u0131v\u0131s\u0131 belirtilen hidrolik direksiyon sistemleri<br data-start=\"1145\" data-end=\"1148\" \/>\u2022 D\u00fc\u015f\u00fck viskoziteli ATF gerektiren hidrolik tork konvert\u00f6rleri ve sistemler<\/p>\n<h3 data-start=\"1227\" data-end=\"1270\">4. Performans Standartlar\u0131 ve Onaylar<\/h3>\n<p data-start=\"1271\" data-end=\"1418\">\u2022 GM Dexron VI (lisansl\u0131)<br data-start=\"1296\" data-end=\"1299\" \/>\u2022 Ford Mercon V \/ Mercon LV<br data-start=\"1326\" data-end=\"1329\" \/>\u2022 Allison TES-389<br data-start=\"1346\" data-end=\"1349\" \/>\u2022 Mercedes-Benz MB 236.9<br data-start=\"1373\" data-end=\"1376\" \/>\u2022 ZF TE-ML 09, 11B<br data-start=\"1394\" data-end=\"1397\" \/>\u2022 JASO M315 Type 1A<\/p>\n<h3 data-start=\"1420\" data-end=\"1452\">5. Tipik Teknik \u00d6zellikler<\/h3>\n<div class=\"_tableContainer_1rjym_1\">\n<div class=\"group _tableWrapper_1rjym_13 flex w-fit flex-col-reverse\" tabindex=\"-1\">\n<table class=\"w-fit min-w-(--thread-content-width)\" data-start=\"1454\" data-end=\"1883\">\n<thead data-start=\"1454\" data-end=\"1476\">\n<tr data-start=\"1454\" data-end=\"1476\">\n<th data-start=\"1454\" data-end=\"1464\" data-col-size=\"md\">\u00d6zellik<\/th>\n<th data-start=\"1464\" data-end=\"1476\" data-col-size=\"sm\">ATF VI<\/th>\n<\/tr>\n<\/thead>\n<tbody data-start=\"1500\" data-end=\"1883\">\n<tr data-start=\"1500\" data-end=\"1560\">\n<td data-start=\"1500\" data-end=\"1547\" data-col-size=\"md\">Kinematik Viskozite @ 40\u00b0C, mm\u00b2\/s, ASTM D445<\/td>\n<td data-start=\"1547\" data-end=\"1560\" data-col-size=\"sm\">28 \u2013 34<\/td>\n<\/tr>\n<tr data-start=\"1561\" data-end=\"1624\">\n<td data-start=\"1561\" data-end=\"1609\" data-col-size=\"md\">Kinematik Viskozite @ 100\u00b0C, mm\u00b2\/s, ASTM D445<\/td>\n<td data-start=\"1609\" data-end=\"1624\" data-col-size=\"sm\">5,9 \u2013 6,4<\/td>\n<\/tr>\n<tr data-start=\"1625\" data-end=\"1672\">\n<td data-start=\"1625\" data-end=\"1663\" data-col-size=\"md\">Viskozite \u0130ndeksi, ASTM D2270, Min.<\/td>\n<td data-start=\"1663\" data-end=\"1672\" data-col-size=\"sm\">140<\/td>\n<\/tr>\n<tr data-start=\"1673\" data-end=\"1734\">\n<td data-start=\"1673\" data-end=\"1726\" data-col-size=\"md\">Bak\u0131r \u015eerit Korozyonu (3s,100\u00b0C), ASTM D130, Maks.<\/td>\n<td data-start=\"1726\" data-end=\"1734\" data-col-size=\"sm\">1a<\/td>\n<\/tr>\n<tr data-start=\"1735\" data-end=\"1780\">\n<td data-start=\"1735\" data-end=\"1771\" data-col-size=\"md\">Akma Noktas\u0131, \u00b0C, ASTM D97, Maks.<\/td>\n<td data-start=\"1771\" data-end=\"1780\" data-col-size=\"sm\">-42<\/td>\n<\/tr>\n<tr data-start=\"1781\" data-end=\"1833\">\n<td data-start=\"1781\" data-end=\"1824\" data-col-size=\"md\">Parlama Noktas\u0131, COC, \u00b0C, ASTM D92, Min.<\/td>\n<td data-start=\"1824\" data-end=\"1833\" data-col-size=\"sm\">200<\/td>\n<\/tr>\n<tr data-start=\"1834\" data-end=\"1883\">\n<td data-start=\"1834\" data-end=\"1872\" data-col-size=\"md\">Yo\u011funluk @ 15.6\u00b0C, g\/ml, ASTM D4052<\/td>\n<td data-start=\"1872\" data-end=\"1883\" data-col-size=\"sm\">0,865<\/td>\n<\/tr>\n<\/tbody>\n<\/table>\n<\/div>\n<\/div>\n<p data-start=\"1885\" data-end=\"2082\"><strong data-start=\"1885\" data-end=\"1893\">Not:<\/strong> Yukar\u0131da listelenen tipik \u00f6zellikler ortalama de\u011ferleri temsil eder ve kabul edilebilir \u00fcretim toleranslar\u0131 dahilinde de\u011fi\u015fiklik g\u00f6sterebilir. Bu bilgiler bir spesifikasyon te\u015fkil etmez.<\/p>\n<h3 data-start=\"2084\" data-end=\"2112\">6. Ambalaj Se\u00e7enekleri<\/h3>\n<p data-start=\"2113\" data-end=\"2273\">Mevcut ambalajlar: 1L, 4L, 5L, 10L, 20L, 25L kova, 55L varil, 200\u2013208L f\u0131\u00e7\u0131, 1000L IBC<br data-start=\"2199\" data-end=\"2202\" \/>\u00d6zel marka ve d\u00f6kme teslimat se\u00e7enekleri talep \u00fczerine sunulmaktad\u0131r.<\/p>\n<h3 data-start=\"2275\" data-end=\"2304\">7. Depolama ve Kullan\u0131m<\/h3>\n<ul data-start=\"2305\" data-end=\"2493\">\n<li data-start=\"2305\" data-end=\"2380\">\n<p data-start=\"2307\" data-end=\"2380\">0\u00b0C ile 40\u00b0C aras\u0131nda, kuru ve iyi havaland\u0131r\u0131lan ortamlarda saklay\u0131n\u0131z<\/p>\n<\/li>\n<li data-start=\"2381\" data-end=\"2445\">\n<p data-start=\"2383\" data-end=\"2445\">Do\u011frudan g\u00fcne\u015f \u0131\u015f\u0131\u011f\u0131ndan ve ate\u015f kaynaklar\u0131ndan uzak tutunuz<\/p>\n<\/li>\n<li data-start=\"2446\" data-end=\"2493\">\n<p data-start=\"2448\" data-end=\"2493\">Raf \u00f6mr\u00fc: Orijinal kapal\u0131 ambalaj\u0131nda 5 y\u0131l<\/p>\n<\/li>\n<\/ul>\n<h3 data-start=\"2495\" data-end=\"2522\">8. Sa\u011fl\u0131k ve G\u00fcvenlik<\/h3>\n<p data-start=\"2523\" data-end=\"2656\">Kullan\u0131m, bertaraf ve g\u00fcvenlik \u00f6nlemleriyle ilgili ayr\u0131nt\u0131l\u0131 talimatlar i\u00e7in Malzeme G\u00fcvenlik Bilgi Formu (MSDS<strong data-start=\"2600\" data-end=\"2639\">)<\/strong>\u2019na ba\u015fvurunuz.<\/p>\n","protected":false},"featured_media":22321,"template":"","meta":[],"product_cat":[177],"product_tag":[],"_links":{"self":[{"href":"https:\/\/gtmaxoil.net\/tr\/wp-json\/wp\/v2\/product\/22320"}],"collection":[{"href":"https:\/\/gtmaxoil.net\/tr\/wp-json\/wp\/v2\/product"}],"about":[{"href":"https:\/\/gtmaxoil.net\/tr\/wp-json\/wp\/v2\/types\/product"}],"wp:featuredmedia":[{"embeddable":true,"href":"https:\/\/gtmaxoil.net\/tr\/wp-json\/wp\/v2\/media\/22321"}],"wp:attachment":[{"href":"https:\/\/gtmaxoil.net\/tr\/wp-json\/wp\/v2\/media?parent=22320"}],"wp:term":[{"taxonomy":"product_cat","embeddable":true,"href":"https:\/\/gtmaxoil.net\/tr\/wp-json\/wp\/v2\/product_cat?post=22320"},{"taxonomy":"product_tag","embeddable":true,"href":"https:\/\/gtmaxoil.net\/tr\/wp-json\/wp\/v2\/product_tag?post=22320"}],"curies":[{"name":"wp","href":"https:\/\/api.w.org\/{rel}","templated":true}]}}