{"id":22317,"date":"2025-10-15T13:07:39","date_gmt":"2025-10-15T10:07:39","guid":{"rendered":"https:\/\/gtmaxoil.net\/en\/?post_type=product&#038;p=22317"},"modified":"2025-10-15T13:22:19","modified_gmt":"2025-10-15T10:22:19","slug":"atf-cvt","status":"publish","type":"product","link":"https:\/\/gtmaxoil.net\/tr\/urunler\/atf-cvt\/","title":{"rendered":"ATF DCT"},"content":{"rendered":"<p><em><strong>Not<\/strong>: Burada verilen bilgiler mevcut bilgi ve deneyime dayanmaktad\u0131r. Belirli \u00f6zellikler i\u00e7in yasal olarak ba\u011flay\u0131c\u0131 bir garanti te\u015fkil etmez.<\/em><\/p>\n","protected":false},"excerpt":{"rendered":"<h3 data-start=\"0\" data-end=\"20\">1. \u00dcr\u00fcn Tan\u0131m\u0131<\/h3>\n<p data-start=\"21\" data-end=\"340\">GTMAX DCT FLUID, modern \u00e7ift kavramal\u0131 \u015fanz\u0131manlar (\u0131slak ve kuru tip) i\u00e7in \u00f6zel olarak geli\u015ftirilmi\u015f y\u00fcksek performansl\u0131 sentetik bir \u015fanz\u0131man ya\u011f\u0131d\u0131r. \u00dcst\u00fcn termal ve oksidasyon kararl\u0131l\u0131\u011f\u0131, d\u00fc\u015f\u00fck s\u00fcrt\u00fcnme katsay\u0131s\u0131 ve ola\u011fan\u00fcst\u00fc a\u015f\u0131nma korumas\u0131 sunarak yumu\u015fak, g\u00fcvenilir ve uzun \u00f6m\u00fcrl\u00fc vites ge\u00e7i\u015fleri sa\u011flar.<\/p>\n<h3 data-start=\"342\" data-end=\"361\">2. Avantajlar<\/h3>\n<p data-start=\"362\" data-end=\"642\">\u2022 \u00c7ift kavramal\u0131 \u015fanz\u0131manlarda kesintisiz ve p\u00fcr\u00fczs\u00fcz vites ge\u00e7i\u015fi sa\u011flar<br data-start=\"435\" data-end=\"438\" \/>\u2022 \u00dcst\u00fcn termal ve oksidasyon kararl\u0131l\u0131\u011f\u0131<br data-start=\"478\" data-end=\"481\" \/>\u2022 A\u015f\u0131nma, korozyon ve k\u00f6p\u00fck olu\u015fumuna kar\u015f\u0131 m\u00fckemmel koruma<br data-start=\"540\" data-end=\"543\" \/>\u2022 Sessiz ve konforlu s\u00fcr\u00fc\u015f deneyimi sunar<br data-start=\"584\" data-end=\"587\" \/>\u2022 Uzat\u0131lm\u0131\u015f servis aral\u0131klar\u0131 ve \u015fanz\u0131man \u00f6mr\u00fc sa\u011flar<\/p>\n<h3 data-start=\"644\" data-end=\"670\">3. Kullan\u0131m Alanlar\u0131<\/h3>\n<p data-start=\"671\" data-end=\"924\">\u2022 VW DSG, Ford Powershift, Mercedes 7G-DCT, BMW DKG ve di\u011fer \u00e7ift kavramal\u0131 \u015fanz\u0131man sistemlerinde kullan\u0131ma uygundur<br data-start=\"788\" data-end=\"791\" \/>\u2022 Hem \u0131slak hem de kuru tip DCT sistemleriyle uyumludur<br data-start=\"846\" data-end=\"849\" \/>\u2022 Y\u00fcksek performansl\u0131 binek ara\u00e7lar ve hafif ticari ara\u00e7lar i\u00e7in \u00f6nerilir<\/p>\n<h3 data-start=\"926\" data-end=\"969\">4. Performans Standartlar\u0131 ve Onaylar<\/h3>\n<p data-start=\"970\" data-end=\"1228\">A\u015fa\u011f\u0131daki spesifikasyonlar\u0131n istendi\u011fi yerlerde kullan\u0131lmas\u0131 tavsiye edilir:<br data-start=\"1046\" data-end=\"1049\" \/>\u2022 VW TL 521 82 (DSG)<br data-start=\"1069\" data-end=\"1072\" \/>\u2022 Ford WSS-M2C936-A<br data-start=\"1091\" data-end=\"1094\" \/>\u2022 MB 236.21<br data-start=\"1105\" data-end=\"1108\" \/>\u2022 BMW DCTF-1<br data-start=\"1120\" data-end=\"1123\" \/>\u2022 Porsche PDK<br data-start=\"1136\" data-end=\"1139\" \/>Modern \u00e7ift kavramal\u0131 \u015fanz\u0131man sistemlerinin geni\u015f bir yelpazesinde kullan\u0131ma uygundur.<\/p>\n<h3 data-start=\"1230\" data-end=\"1277\">5. Tipik Teknik \u00d6zellikler (Genel Aral\u0131k)<\/h3>\n<table width=\"0\">\n<tbody>\n<tr>\n<td width=\"299\"><strong>Property<\/strong><\/td>\n<td width=\"147\"><strong>DCT<\/strong><\/td>\n<\/tr>\n<tr>\n<td width=\"299\">Kinematic Viscosity @ 40\u00b0C, mm2\/s, ASTM D445<\/td>\n<td width=\"147\">28 &#8211; 34<\/td>\n<\/tr>\n<tr>\n<td width=\"299\">Kinematic Viscosity @ 100\u00b0C, mm2\/s, ASTM D445<\/td>\n<td width=\"147\">5,9 \u2013 6,4<\/td>\n<\/tr>\n<tr>\n<td width=\"299\">Viscosity Index, ASTM D2270, Min.<\/td>\n<td width=\"147\">140<\/td>\n<\/tr>\n<tr>\n<td width=\"299\">Copper Strip Corrosion (3h,100\u00b0C), ASTM D130, Max.<\/td>\n<td width=\"147\">1a<\/td>\n<\/tr>\n<tr>\n<td width=\"299\">Pour Point, \u00b0C, ASTM D97, Max.<\/td>\n<td width=\"147\">-42<\/td>\n<\/tr>\n<tr>\n<td width=\"299\">Flash Point, COC, \u00b0C, ASTM D92, Min.<\/td>\n<td width=\"147\">200<\/td>\n<\/tr>\n<tr>\n<td width=\"299\">Density @ 15.6\u00b0C, g\/ml, ASTM D4052<\/td>\n<td width=\"147\">0,865<\/td>\n<\/tr>\n<\/tbody>\n<\/table>\n<p data-start=\"1278\" data-end=\"1547\"><strong data-start=\"1278\" data-end=\"1287\">Renk:<\/strong> OEM\u2019e \u00f6zel boyad\u0131r ve performans\u0131 etkilemez.<br data-start=\"1332\" data-end=\"1335\" \/><strong data-start=\"1335\" data-end=\"1351\">Feragatname:<\/strong> Yukar\u0131da belirtilen tipik \u00f6zellikler ortalama de\u011ferleri temsil eder ve kabul edilebilir \u00fcretim toleranslar\u0131 dahilinde de\u011fi\u015fiklik g\u00f6sterebilir. Bu bilgiler teknik spesifikasyon niteli\u011fi ta\u015f\u0131maz.<\/p>\n<h3 data-start=\"1549\" data-end=\"1577\">6. Ambalaj Se\u00e7enekleri<\/h3>\n<p data-start=\"1578\" data-end=\"1745\">Mevcut ambalajlar: 1L, 20L, 25L kova, 55L varil, 200\u2013208L f\u0131\u00e7\u0131, 1000L IBC<br data-start=\"1655\" data-end=\"1658\" \/>Talep \u00fczerine \u00f6zel marka (private label) ve d\u00f6kme teslimat se\u00e7enekleri sunulmaktad\u0131r.<\/p>\n<h3 data-start=\"1747\" data-end=\"1777\">7. Depolama ve Elle\u00e7leme<\/h3>\n<ul data-start=\"1778\" data-end=\"1973\">\n<li data-start=\"1778\" data-end=\"1852\">\n<p data-start=\"1780\" data-end=\"1852\">0\u00b0C \u2013 40\u00b0C aras\u0131nda, kuru ve iyi havaland\u0131r\u0131lan ortamlarda depolay\u0131n\u0131z<\/p>\n<\/li>\n<li data-start=\"1853\" data-end=\"1921\">\n<p data-start=\"1855\" data-end=\"1921\">Do\u011frudan g\u00fcne\u015f \u0131\u015f\u0131\u011f\u0131ndan ve ate\u015fleme kaynaklar\u0131ndan uzak tutunuz<\/p>\n<\/li>\n<li data-start=\"1922\" data-end=\"1973\">\n<p data-start=\"1924\" data-end=\"1973\">Raf \u00f6mr\u00fc: Orijinal kapal\u0131 ambalaj\u0131nda <strong data-start=\"1962\" data-end=\"1971\">5 y\u0131l<\/strong><\/p>\n<\/li>\n<\/ul>\n<h3 data-start=\"1975\" data-end=\"2002\">8. Sa\u011fl\u0131k ve G\u00fcvenlik<\/h3>\n<p data-start=\"2003\" data-end=\"2129\">Elle\u00e7leme, bertaraf ve g\u00fcvenlik \u00f6nlemleri hakk\u0131nda detayl\u0131 bilgi i\u00e7in Malzeme G\u00fcvenlik Bilgi Formu (MSDS)\u2019na ba\u015fvurunuz.<\/p>\n","protected":false},"featured_media":22319,"template":"","meta":[],"product_cat":[177],"product_tag":[],"_links":{"self":[{"href":"https:\/\/gtmaxoil.net\/tr\/wp-json\/wp\/v2\/product\/22317"}],"collection":[{"href":"https:\/\/gtmaxoil.net\/tr\/wp-json\/wp\/v2\/product"}],"about":[{"href":"https:\/\/gtmaxoil.net\/tr\/wp-json\/wp\/v2\/types\/product"}],"wp:featuredmedia":[{"embeddable":true,"href":"https:\/\/gtmaxoil.net\/tr\/wp-json\/wp\/v2\/media\/22319"}],"wp:attachment":[{"href":"https:\/\/gtmaxoil.net\/tr\/wp-json\/wp\/v2\/media?parent=22317"}],"wp:term":[{"taxonomy":"product_cat","embeddable":true,"href":"https:\/\/gtmaxoil.net\/tr\/wp-json\/wp\/v2\/product_cat?post=22317"},{"taxonomy":"product_tag","embeddable":true,"href":"https:\/\/gtmaxoil.net\/tr\/wp-json\/wp\/v2\/product_tag?post=22317"}],"curies":[{"name":"wp","href":"https:\/\/api.w.org\/{rel}","templated":true}]}}