{"id":22314,"date":"2025-10-15T11:45:52","date_gmt":"2025-10-15T08:45:52","guid":{"rendered":"https:\/\/gtmaxoil.net\/en\/?post_type=product&#038;p=22314"},"modified":"2025-10-15T11:53:37","modified_gmt":"2025-10-15T08:53:37","slug":"high-performance-heavy-duty-engine-oils","status":"publish","type":"product","link":"https:\/\/gtmaxoil.net\/tr\/urunler\/high-performance-heavy-duty-engine-oils\/","title":{"rendered":"KLAS\u0130K A\u011eIR H\u0130ZMET MOTOR YA\u011eLARI"},"content":{"rendered":"<p><strong data-start=\"2706\" data-end=\"2714\">Not:<\/strong> Burada verilen bilgiler mevcut bilgi ve deneyime dayanmaktad\u0131r. Belirli \u00f6zellikler i\u00e7in yasal olarak ba\u011flay\u0131c\u0131 bir garanti te\u015fkil etmez.<\/p>\n","protected":false},"excerpt":{"rendered":"<h3 data-start=\"0\" data-end=\"20\">1. \u00dcr\u00fcn Tan\u0131m\u0131<\/h3>\n<p data-start=\"21\" data-end=\"514\">KLAS\u0130K A\u011eIR H\u0130ZMET motor ya\u011flar\u0131, zorlu ko\u015fullarda \u00e7al\u0131\u015fan \u00e7e\u015fitli a\u011f\u0131r hizmet dizel motorlar\u0131nda kullan\u0131lmak \u00fczere tasarlanm\u0131\u015ft\u0131r. Y\u00fcksek kaliteli mineral ve yar\u0131 sentetik baz ya\u011flar ile geli\u015fmi\u015f katk\u0131 teknolojisinin birle\u015ftirilmesiyle form\u00fcle edilen bu ya\u011flar, g\u00fcvenilir a\u015f\u0131nma korumas\u0131, kurum kontrol\u00fc ve oksidasyona kar\u015f\u0131 diren\u00e7 sa\u011flar. Turbo\u015farjl\u0131 ve do\u011fal emi\u015fli dizel motorlar\u0131n yan\u0131 s\u0131ra API CF-4 \/ SJ performans seviyesi gerektiren benzinli motorlar i\u00e7in de uygundur.<\/p>\n<h3 data-start=\"516\" data-end=\"541\">2. Temel Avantajlar<\/h3>\n<p data-start=\"542\" data-end=\"870\">\u2022 Y\u00fcksek y\u00fck ko\u015fullar\u0131nda a\u015f\u0131nma ve tortuya kar\u015f\u0131 g\u00fc\u00e7l\u00fc koruma<br data-start=\"604\" data-end=\"607\" \/>\u2022 Uzun ya\u011f \u00f6mr\u00fc i\u00e7in y\u00fcksek termal ve oksidasyon kararl\u0131l\u0131\u011f\u0131<br data-start=\"667\" data-end=\"670\" \/>\u2022 \u00c7amur, vernik ve piston birikintilerine kar\u015f\u0131 etkili kontrol<br data-start=\"732\" data-end=\"735\" \/>\u2022 Motorun temiz kalmas\u0131n\u0131 sa\u011flayan \u00fcst\u00fcn kurum da\u011f\u0131tma \u00f6zelli\u011fi<br data-start=\"798\" data-end=\"801\" \/>\u2022 \u00c7oklu yak\u0131t uyumlulu\u011fu \u2013 dizel ve benzinli motorlar i\u00e7in uygundur<\/p>\n<h3 data-start=\"872\" data-end=\"915\">3. Performans Standartlar\u0131 ve Onaylar<\/h3>\n<p data-start=\"916\" data-end=\"1053\"><strong data-start=\"916\" data-end=\"933\">API CF-4 \/ SJ<\/strong><br data-start=\"933\" data-end=\"936\" \/>A\u015fa\u011f\u0131daki gereklilikleri kar\u015f\u0131lar:<br data-start=\"970\" data-end=\"973\" \/>\u2022 MB 228.1<br data-start=\"983\" data-end=\"986\" \/>\u2022 MAN 271<br data-start=\"995\" data-end=\"998\" \/>\u2022 ACEA E2<br data-start=\"1007\" data-end=\"1010\" \/>\u2022 Volvo VDS<br data-start=\"1021\" data-end=\"1024\" \/>\u2022 MTU Type 1<br data-start=\"1036\" data-end=\"1039\" \/>\u2022 Mack EO-K2<\/p>\n<h3 data-start=\"1055\" data-end=\"1087\">4. Tipik Teknik \u00d6zellikler<\/h3>\n<table width=\"0\">\n<tbody>\n<tr>\n<td width=\"236\">Property<\/td>\n<td width=\"166\"><\/td>\n<td width=\"166\"><\/td>\n<\/tr>\n<tr>\n<td width=\"236\"><strong>Grades<\/strong><\/td>\n<td width=\"166\"><strong>15W-40<\/strong><\/td>\n<td width=\"166\"><strong>20W-50<\/strong><\/td>\n<\/tr>\n<tr>\n<td width=\"236\">Density @ 15.6\u00b0C, g\/ml, ASTM D4052<\/td>\n<td width=\"166\">0.875<\/td>\n<td width=\"166\">0.880<\/td>\n<\/tr>\n<tr>\n<td width=\"236\">Kinematic Viscosity @ 40\u00b0C, mm2\/s, ASTM D445<\/td>\n<td width=\"166\">118,1<\/td>\n<td width=\"166\">169,4<\/td>\n<\/tr>\n<tr>\n<td width=\"236\">Kinematic Viscosity @ 100\u00b0C, mm2\/s, ASTM D445<\/td>\n<td width=\"166\">12,5 \u2013 16,3<\/td>\n<td width=\"166\">16,3 \u2013 21,9<\/td>\n<\/tr>\n<tr>\n<td width=\"236\">Viscosity Index, ASTM D2270, Min.<\/td>\n<td width=\"166\">115<\/td>\n<td width=\"166\">115<\/td>\n<\/tr>\n<tr>\n<td width=\"236\">Flash Point, COC, \u00b0C, ASTM D92, Min.<\/td>\n<td width=\"166\">215<\/td>\n<td width=\"166\">220<\/td>\n<\/tr>\n<tr>\n<td width=\"236\">Pour Point, \u00b0C, ASTM D97, Max.<\/td>\n<td width=\"166\">-28<\/td>\n<td width=\"166\">-25<\/td>\n<\/tr>\n<tr>\n<td width=\"236\">Total Base Number, mgKOH\/g, ASTM D2896, Min.<\/td>\n<td width=\"166\">5,5<\/td>\n<td width=\"166\">5,5<\/td>\n<\/tr>\n<tr>\n<td width=\"236\">Ash, Sulfated, %, ASTM D874, Max.<\/td>\n<td width=\"166\">1.3<\/td>\n<td width=\"166\">1.3<\/td>\n<\/tr>\n<\/tbody>\n<\/table>\n<p data-start=\"1088\" data-end=\"1300\"><strong data-start=\"1088\" data-end=\"1104\">Feragatname:<\/strong> Yukar\u0131da belirtilen tipik \u00f6zellikler ortalama de\u011ferleri temsil eder ve kabul edilebilir \u00fcretim toleranslar\u0131 dahilinde de\u011fi\u015fiklik g\u00f6sterebilir. Bu bilgiler teknik spesifikasyon niteli\u011fi ta\u015f\u0131maz.<\/p>\n<h3 data-start=\"1302\" data-end=\"1330\">5. Ambalaj Se\u00e7enekleri<\/h3>\n<p data-start=\"1331\" data-end=\"1501\">Mevcut ambalajlar: 1L, 4L, 5L, 20L kova, 55L varil, 200\u2013208L f\u0131\u00e7\u0131, 1000L IBC<br data-start=\"1411\" data-end=\"1414\" \/>Talep \u00fczerine \u00f6zel marka (private label) ve d\u00f6kme teslimat se\u00e7enekleri sunulmaktad\u0131r.<\/p>\n<h3 data-start=\"1503\" data-end=\"1533\">6. Depolama ve Elle\u00e7leme<\/h3>\n<ul data-start=\"1534\" data-end=\"1729\">\n<li data-start=\"1534\" data-end=\"1608\">\n<p data-start=\"1536\" data-end=\"1608\">0\u00b0C \u2013 40\u00b0C aras\u0131nda, kuru ve iyi havaland\u0131r\u0131lan ortamlarda depolay\u0131n\u0131z<\/p>\n<\/li>\n<li data-start=\"1609\" data-end=\"1677\">\n<p data-start=\"1611\" data-end=\"1677\">Do\u011frudan g\u00fcne\u015f \u0131\u015f\u0131\u011f\u0131ndan ve ate\u015fleme kaynaklar\u0131ndan uzak tutunuz<\/p>\n<\/li>\n<li data-start=\"1678\" data-end=\"1729\">\n<p data-start=\"1680\" data-end=\"1729\">Raf \u00f6mr\u00fc: Orijinal kapal\u0131 ambalaj\u0131nda <strong data-start=\"1718\" data-end=\"1727\">5 y\u0131l<\/strong><\/p>\n<\/li>\n<\/ul>\n<h3 data-start=\"1731\" data-end=\"1758\">7. Sa\u011fl\u0131k ve G\u00fcvenlik<\/h3>\n<p data-start=\"1759\" data-end=\"1885\">Elle\u00e7leme, bertaraf ve g\u00fcvenlik \u00f6nlemleri hakk\u0131nda detayl\u0131 bilgi i\u00e7in Malzeme G\u00fcvenlik Bilgi Formu (MSDS)\u2019na ba\u015fvurunuz.<\/p>\n<p data-start=\"1887\" data-end=\"2040\" data-is-last-node=\"\" data-is-only-node=\"\">\n","protected":false},"featured_media":22315,"template":"","meta":[],"product_cat":[174],"product_tag":[],"_links":{"self":[{"href":"https:\/\/gtmaxoil.net\/tr\/wp-json\/wp\/v2\/product\/22314"}],"collection":[{"href":"https:\/\/gtmaxoil.net\/tr\/wp-json\/wp\/v2\/product"}],"about":[{"href":"https:\/\/gtmaxoil.net\/tr\/wp-json\/wp\/v2\/types\/product"}],"wp:featuredmedia":[{"embeddable":true,"href":"https:\/\/gtmaxoil.net\/tr\/wp-json\/wp\/v2\/media\/22315"}],"wp:attachment":[{"href":"https:\/\/gtmaxoil.net\/tr\/wp-json\/wp\/v2\/media?parent=22314"}],"wp:term":[{"taxonomy":"product_cat","embeddable":true,"href":"https:\/\/gtmaxoil.net\/tr\/wp-json\/wp\/v2\/product_cat?post=22314"},{"taxonomy":"product_tag","embeddable":true,"href":"https:\/\/gtmaxoil.net\/tr\/wp-json\/wp\/v2\/product_tag?post=22314"}],"curies":[{"name":"wp","href":"https:\/\/api.w.org\/{rel}","templated":true}]}}