{"id":22311,"date":"2025-10-15T11:34:08","date_gmt":"2025-10-15T08:34:08","guid":{"rendered":"https:\/\/gtmaxoil.net\/en\/?post_type=product&#038;p=22311"},"modified":"2025-10-15T11:43:04","modified_gmt":"2025-10-15T08:43:04","slug":"low-saps-heavy-duty-engine-oils","status":"publish","type":"product","link":"https:\/\/gtmaxoil.net\/tr\/urunler\/low-saps-heavy-duty-engine-oils\/","title":{"rendered":"Y\u00dcKSEK PERFORMANSLI A\u011eIR H\u0130ZMET MOTOR YA\u011eLARI"},"content":{"rendered":"<p><strong data-start=\"2706\" data-end=\"2714\">Not:<\/strong> Burada verilen bilgiler mevcut bilgi ve deneyime dayanmaktad\u0131r. Belirli \u00f6zellikler i\u00e7in yasal olarak ba\u011flay\u0131c\u0131 bir garanti te\u015fkil etmez.<\/p>\n","protected":false},"excerpt":{"rendered":"<h3 data-start=\"0\" data-end=\"20\">1. \u00dcr\u00fcn Tan\u0131m\u0131<\/h3>\n<p data-start=\"21\" data-end=\"380\">GTMAX HIGH PERFORMANCE a\u011f\u0131r hizmet dizel motor ya\u011flar\u0131, zorlu ko\u015fullar alt\u0131nda \u00e7al\u0131\u015fan modern dizel motorlar\u0131n gerekliliklerini kar\u015f\u0131lamak \u00fczere form\u00fcle edilmi\u015f y\u00fcksek performansl\u0131 ya\u011flard\u0131r. DPF sistemi bulunmayan ara\u00e7lar i\u00e7in tasarlanan bu ya\u011flar, ola\u011fan\u00fcst\u00fc termal kararl\u0131l\u0131k, kurum kontrol kabiliyeti ve a\u015f\u0131nma ile tortuya kar\u015f\u0131 \u00fcst\u00fcn koruma sa\u011flar.<\/p>\n<h3 data-start=\"382\" data-end=\"407\">2. Temel Avantajlar<\/h3>\n<p data-start=\"408\" data-end=\"716\">\u2022 A\u015f\u0131nma, korozyon ve tortuya kar\u015f\u0131 m\u00fckemmel koruma<br data-start=\"459\" data-end=\"462\" \/>\u2022 Uzun ya\u011f \u00f6mr\u00fc i\u00e7in geli\u015fmi\u015f oksidasyon ve termal kararl\u0131l\u0131k<br data-start=\"523\" data-end=\"526\" \/>\u2022 Daha temiz motorlar i\u00e7in geli\u015fmi\u015f deterjan\/dispersan katk\u0131 teknolojisi<br data-start=\"598\" data-end=\"601\" \/>\u2022 DPF (Dizel Partik\u00fcl Filtresi) olmayan motorlar i\u00e7in optimize edilmi\u015ftir<br data-start=\"674\" data-end=\"677\" \/>\u2022 Karma filo operasyonlar\u0131na uygundur<\/p>\n<h3 data-start=\"718\" data-end=\"761\">3. Performans Standartlar\u0131 ve Onaylar<\/h3>\n<p data-start=\"762\" data-end=\"944\">\u2022 API CI-4 (CI-4 PLUS performans seviyesini kar\u015f\u0131lamak \u00fczere form\u00fcle edilmi\u015ftir)<br data-start=\"842\" data-end=\"845\" \/>\u2022 ACEA E7<br data-start=\"854\" data-end=\"857\" \/>\u2022 MB-Approval 228.3<br data-start=\"876\" data-end=\"879\" \/>\u2022 MAN 3275<br data-start=\"889\" data-end=\"892\" \/>\u2022 Volvo VDS-3<br data-start=\"905\" data-end=\"908\" \/>\u2022 Renault RLD-2<br data-start=\"923\" data-end=\"926\" \/>\u2022 Mack EO-M Plus<\/p>\n<h3 data-start=\"946\" data-end=\"978\">4. Tipik Teknik \u00d6zellikler<\/h3>\n<table width=\"0\">\n<tbody>\n<tr>\n<td width=\"169\">Property<\/td>\n<td width=\"118\">&nbsp;<\/td>\n<td width=\"118\">&nbsp;<\/td>\n<td width=\"118\">&nbsp;<\/td>\n<\/tr>\n<tr>\n<td width=\"169\"><strong>Grades<\/strong><\/td>\n<td width=\"118\"><strong>10W-40<\/strong><\/td>\n<td width=\"118\"><strong>15W-40<\/strong><\/td>\n<td width=\"118\"><strong>20W-50<\/strong><\/td>\n<\/tr>\n<tr>\n<td width=\"169\">Density @ 15.6\u00b0C, g\/ml, ASTM D4052<\/td>\n<td width=\"118\">0.865<\/td>\n<td width=\"118\">0.870<\/td>\n<td width=\"118\">0.875<\/td>\n<\/tr>\n<tr>\n<td width=\"169\">Kinematic Viscosity @ 40\u00b0C, mm2\/s, ASTM D445<\/td>\n<td width=\"118\">110,8<\/td>\n<td width=\"118\">118,1<\/td>\n<td width=\"118\">169,4<\/td>\n<\/tr>\n<tr>\n<td width=\"169\">Kinematic Viscosity @ 100\u00b0C, mm2\/s, ASTM D445<\/td>\n<td width=\"118\">12,5 \u2013 16,3<\/td>\n<td width=\"118\">12,5 \u2013 16,3<\/td>\n<td width=\"118\">16,3 \u2013 21,9<\/td>\n<\/tr>\n<tr>\n<td width=\"169\">Viscosity Index, ASTM D2270, Min.<\/td>\n<td width=\"118\">135<\/td>\n<td width=\"118\">130<\/td>\n<td width=\"118\">130<\/td>\n<\/tr>\n<tr>\n<td width=\"169\">Flash Point, COC, \u00b0C, ASTM D92, Min.<\/td>\n<td width=\"118\">215<\/td>\n<td width=\"118\">215<\/td>\n<td width=\"118\">220<\/td>\n<\/tr>\n<tr>\n<td width=\"169\">Pour Point, \u00b0C, ASTM D97, Max.<\/td>\n<td width=\"118\">-33<\/td>\n<td width=\"118\">-28<\/td>\n<td width=\"118\">-25<\/td>\n<\/tr>\n<tr>\n<td width=\"169\">Total Base Number, mgKOH\/g, ASTM D2896, Min.<\/td>\n<td width=\"118\">9,0<\/td>\n<td width=\"118\">8,0<\/td>\n<td width=\"118\">8,0<\/td>\n<\/tr>\n<tr>\n<td width=\"169\">Ash, Sulfated, %, ASTM D874, Max.<\/td>\n<td width=\"118\">1.2<\/td>\n<td width=\"118\">1.3<\/td>\n<td width=\"118\">1.3<\/td>\n<\/tr>\n<\/tbody>\n<\/table>\n<p data-start=\"979\" data-end=\"1191\"><strong data-start=\"979\" data-end=\"995\">Feragatname:<\/strong> Yukar\u0131da belirtilen tipik \u00f6zellikler ortalama de\u011ferleri temsil eder ve kabul edilebilir \u00fcretim toleranslar\u0131 dahilinde de\u011fi\u015fiklik g\u00f6sterebilir. Bu bilgiler teknik spesifikasyon niteli\u011fi ta\u015f\u0131maz.<\/p>\n<h3 data-start=\"1193\" data-end=\"1221\">5. Ambalaj Se\u00e7enekleri<\/h3>\n<p data-start=\"1222\" data-end=\"1392\">Mevcut ambalajlar: 1L, 4L, 5L, 20L kova, 55L varil, 200\u2013208L f\u0131\u00e7\u0131, 1000L IBC<br data-start=\"1302\" data-end=\"1305\" \/>Talep \u00fczerine \u00f6zel marka (private label) ve d\u00f6kme teslimat se\u00e7enekleri sunulmaktad\u0131r.<\/p>\n<h3 data-start=\"1394\" data-end=\"1424\">6. Depolama ve Elle\u00e7leme<\/h3>\n<ul data-start=\"1425\" data-end=\"1620\">\n<li data-start=\"1425\" data-end=\"1499\">\n<p data-start=\"1427\" data-end=\"1499\">0\u00b0C \u2013 40\u00b0C aras\u0131nda, kuru ve iyi havaland\u0131r\u0131lan ortamlarda depolay\u0131n\u0131z<\/p>\n<\/li>\n<li data-start=\"1500\" data-end=\"1568\">\n<p data-start=\"1502\" data-end=\"1568\">Do\u011frudan g\u00fcne\u015f \u0131\u015f\u0131\u011f\u0131ndan ve ate\u015fleme kaynaklar\u0131ndan uzak tutunuz<\/p>\n<\/li>\n<li data-start=\"1569\" data-end=\"1620\">\n<p data-start=\"1571\" data-end=\"1620\">Raf \u00f6mr\u00fc: Orijinal kapal\u0131 ambalaj\u0131nda 5 y\u0131l<\/p>\n<\/li>\n<\/ul>\n<h3 data-start=\"1622\" data-end=\"1649\">7. Sa\u011fl\u0131k ve G\u00fcvenlik<\/h3>\n<p data-start=\"1650\" data-end=\"1776\">Elle\u00e7leme, bertaraf ve g\u00fcvenlik \u00f6nlemleri hakk\u0131nda detayl\u0131 bilgi i\u00e7in Malzeme G\u00fcvenlik Bilgi Formu (MSDS)\u2019na ba\u015fvurunuz.<\/p>\n<p data-start=\"1778\" data-end=\"1931\" data-is-last-node=\"\" data-is-only-node=\"\">\n","protected":false},"featured_media":22312,"template":"","meta":[],"product_cat":[174],"product_tag":[],"_links":{"self":[{"href":"https:\/\/gtmaxoil.net\/tr\/wp-json\/wp\/v2\/product\/22311"}],"collection":[{"href":"https:\/\/gtmaxoil.net\/tr\/wp-json\/wp\/v2\/product"}],"about":[{"href":"https:\/\/gtmaxoil.net\/tr\/wp-json\/wp\/v2\/types\/product"}],"wp:featuredmedia":[{"embeddable":true,"href":"https:\/\/gtmaxoil.net\/tr\/wp-json\/wp\/v2\/media\/22312"}],"wp:attachment":[{"href":"https:\/\/gtmaxoil.net\/tr\/wp-json\/wp\/v2\/media?parent=22311"}],"wp:term":[{"taxonomy":"product_cat","embeddable":true,"href":"https:\/\/gtmaxoil.net\/tr\/wp-json\/wp\/v2\/product_cat?post=22311"},{"taxonomy":"product_tag","embeddable":true,"href":"https:\/\/gtmaxoil.net\/tr\/wp-json\/wp\/v2\/product_tag?post=22311"}],"curies":[{"name":"wp","href":"https:\/\/api.w.org\/{rel}","templated":true}]}}