{"id":22126,"date":"2023-01-02T16:13:48","date_gmt":"2023-01-02T13:13:48","guid":{"rendered":"http:\/\/dev.gtmaxoil.net\/tr\/?post_type=product&#038;p=22126"},"modified":"2025-09-24T13:48:10","modified_gmt":"2025-09-24T10:48:10","slug":"g12-antifriz","status":"publish","type":"product","link":"https:\/\/gtmaxoil.net\/tr\/urunler\/g12-antifriz\/","title":{"rendered":"GTMAX Antifriz IAT"},"content":{"rendered":"<p><strong data-start=\"2224\" data-end=\"2232\">Not:<\/strong> Buradaki bilgiler mevcut bilgi ve deneyime dayanmaktad\u0131r. Belirli \u00f6zellikler i\u00e7in yasal ba\u011flay\u0131c\u0131l\u0131\u011f\u0131 olan bir garanti te\u015fkil etmez.<\/p>\n","protected":false},"excerpt":{"rendered":"<h3 data-start=\"58\" data-end=\"78\">1. \u00dcr\u00fcn Tan\u0131m\u0131<\/h3>\n<p data-start=\"79\" data-end=\"396\">GTMAX Antifriz IAT Konsantre, g\u00fcvenilir donma, a\u015f\u0131r\u0131 \u0131s\u0131nma ve korozyon korumas\u0131 sa\u011flamak \u00fczere form\u00fcle edilmi\u015f geleneksel \u0130norganik Katk\u0131 Teknolojisi (IAT) esasl\u0131 etilen glikol bazl\u0131 bir antifrizdir. Geleneksel so\u011futucu teknolojisi gerektiren eski nesil ara\u00e7lar i\u00e7in tavsiye edilir. Ye\u015fil\/Mavi renkte mevcuttur.<\/p>\n<h3 data-start=\"398\" data-end=\"417\">2. Avantajlar<\/h3>\n<p data-start=\"418\" data-end=\"726\">\u2022 Donma ve a\u015f\u0131r\u0131 \u0131s\u0131nmaya kar\u015f\u0131 uzun s\u00fcreli koruma sa\u011flar<br data-start=\"475\" data-end=\"478\" \/>\u2022 Metal y\u00fczeyleri korozyona, paslanmaya ve kire\u00e7lenmeye kar\u015f\u0131 korur<br data-start=\"545\" data-end=\"548\" \/>\u2022 Al\u00fcminyum ve di\u011fer ala\u015f\u0131m motor par\u00e7alar\u0131yla uyumludur<br data-start=\"604\" data-end=\"607\" \/>\u2022 Hortumlar, contalar ve s\u0131zd\u0131rmazl\u0131k malzemeleri i\u00e7in g\u00fcvenlidir<br data-start=\"672\" data-end=\"675\" \/>\u2022 So\u011futma sisteminde verimli \u0131s\u0131 transferi sa\u011flar<\/p>\n<h3 data-start=\"728\" data-end=\"748\">3. Uygulamalar<\/h3>\n<p data-start=\"749\" data-end=\"956\">\u2022 IAT teknolojisi gerektiren t\u00fcm benzinli ve dizel motorlarda<br data-start=\"810\" data-end=\"813\" \/>\u2022 Binek otomobiller, hafif ticari ara\u00e7lar ve kamyonlarda<br data-start=\"869\" data-end=\"872\" \/>\u2022 Kar\u0131\u015f\u0131k metal bile\u015fenlere sahip radyat\u00f6r ve so\u011futma sistemlerinde kullan\u0131labilir<\/p>\n<h3 data-start=\"958\" data-end=\"1004\">4. Tipik Teknik \u00d6zellikler (Genel Bak\u0131\u015f)<\/h3>\n<div class=\"_tableContainer_1rjym_1\">\n<div class=\"group _tableWrapper_1rjym_13 flex w-fit flex-col-reverse\" tabindex=\"-1\">\n<table class=\"w-fit min-w-(--thread-content-width)\" data-start=\"1006\" data-end=\"1459\">\n<thead data-start=\"1006\" data-end=\"1069\">\n<tr data-start=\"1006\" data-end=\"1069\">\n<th data-start=\"1006\" data-end=\"1039\" data-col-size=\"sm\">\u00d6zellik<\/th>\n<th data-start=\"1039\" data-end=\"1069\" data-col-size=\"sm\">Tipik De\u011fer<\/th>\n<\/tr>\n<\/thead>\n<tbody data-start=\"1134\" data-end=\"1459\">\n<tr data-start=\"1134\" data-end=\"1198\">\n<td data-start=\"1134\" data-end=\"1168\" data-col-size=\"sm\">G\u00f6r\u00fcn\u00fcm<\/td>\n<td data-start=\"1168\" data-end=\"1198\" data-col-size=\"sm\">Ye\u015fil\/Mavi s\u0131v\u0131<\/td>\n<\/tr>\n<tr data-start=\"1199\" data-end=\"1263\">\n<td data-start=\"1199\" data-end=\"1233\" data-col-size=\"sm\">Yo\u011funluk @20 \u00b0C<\/td>\n<td data-start=\"1233\" data-end=\"1263\" data-col-size=\"sm\">~1.120 g\/cm\u00b3<\/td>\n<\/tr>\n<tr data-start=\"1264\" data-end=\"1328\">\n<td data-start=\"1264\" data-end=\"1298\" data-col-size=\"sm\">pH ( %50 seyreltme)<\/td>\n<td data-start=\"1298\" data-end=\"1328\" data-col-size=\"sm\">7,5 \u2013 8,5<\/td>\n<\/tr>\n<tr data-start=\"1329\" data-end=\"1393\">\n<td data-start=\"1329\" data-end=\"1363\" data-col-size=\"sm\">Kaynama Noktas\u0131 (seyreltilmemi\u015f)<\/td>\n<td data-start=\"1363\" data-end=\"1393\" data-col-size=\"sm\">>160 \u00b0C<\/td>\n<\/tr>\n<tr data-start=\"1394\" data-end=\"1459\">\n<td data-start=\"1394\" data-end=\"1428\" data-col-size=\"sm\">Donma Noktas\u0131 (%50 seyreltme)<\/td>\n<td data-start=\"1428\" data-end=\"1459\" data-col-size=\"sm\">yakla\u015f\u0131k -36 \u00b0C<\/td>\n<\/tr>\n<\/tbody>\n<\/table>\n<\/div>\n<\/div>\n<h3 data-start=\"1461\" data-end=\"1494\">5. Dozaj &#038; Kar\u0131\u015f\u0131m Oranlar\u0131<\/h3>\n<p data-start=\"1495\" data-end=\"1764\">Kullan\u0131mdan \u00f6nce demineralize su ile seyreltiniz. Tavsiye edilen kar\u0131\u015f\u0131m oranlar\u0131:<br data-start=\"1577\" data-end=\"1580\" \/>\u2022 %33 Antifriz : %67 Su \u2192 -20 \u00b0C\u2019ye kadar donma korumas\u0131<br data-start=\"1636\" data-end=\"1639\" \/>\u2022 %50 Antifriz : %50 Su \u2192 -36 \u00b0C\u2019ye kadar donma korumas\u0131<br data-start=\"1695\" data-end=\"1698\" \/>%70\u2019in \u00fczerinde veya %33\u2019\u00fcn alt\u0131nda konsantrasyon kullanmay\u0131n\u0131z.<\/p>\n<h3 data-start=\"1766\" data-end=\"1794\">6. Ambalaj Se\u00e7enekleri<\/h3>\n<p data-start=\"1795\" data-end=\"1918\">Mevcut ambalajlar: 1 L, 3 L, 5 L, 20 L, 200 L, 1000 L IBC.<br data-start=\"1853\" data-end=\"1856\" \/>Talep \u00fczerine \u00f6zel marka (private label) se\u00e7ene\u011fi mevcuttur.<\/p>\n<h3 data-start=\"1920\" data-end=\"1949\">7. Depolama &#038; Elle\u00e7leme<\/h3>\n<p data-start=\"1950\" data-end=\"2091\">Serin, kuru ve iyi havaland\u0131r\u0131lan bir yerde saklay\u0131n\u0131z. Do\u011frudan g\u00fcne\u015f \u0131\u015f\u0131\u011f\u0131ndan koruyunuz. Raf \u00f6mr\u00fc: A\u00e7\u0131lmam\u0131\u015f orijinal ambalaj\u0131nda 2 y\u0131l.<\/p>\n<h3 data-start=\"2093\" data-end=\"2119\">8. Sa\u011fl\u0131k &#038; G\u00fcvenlik<\/h3>\n<p data-start=\"2120\" data-end=\"2217\">Kullan\u0131m, bertaraf ve g\u00fcvenlik \u00f6nlemleri i\u00e7in Malzeme G\u00fcvenlik Bilgi Formuna (MSDS) ba\u015fvurunuz.<\/p>\n","protected":false},"featured_media":22128,"template":"","meta":[],"product_cat":[181],"product_tag":[],"_links":{"self":[{"href":"https:\/\/gtmaxoil.net\/tr\/wp-json\/wp\/v2\/product\/22126"}],"collection":[{"href":"https:\/\/gtmaxoil.net\/tr\/wp-json\/wp\/v2\/product"}],"about":[{"href":"https:\/\/gtmaxoil.net\/tr\/wp-json\/wp\/v2\/types\/product"}],"wp:featuredmedia":[{"embeddable":true,"href":"https:\/\/gtmaxoil.net\/tr\/wp-json\/wp\/v2\/media\/22128"}],"wp:attachment":[{"href":"https:\/\/gtmaxoil.net\/tr\/wp-json\/wp\/v2\/media?parent=22126"}],"wp:term":[{"taxonomy":"product_cat","embeddable":true,"href":"https:\/\/gtmaxoil.net\/tr\/wp-json\/wp\/v2\/product_cat?post=22126"},{"taxonomy":"product_tag","embeddable":true,"href":"https:\/\/gtmaxoil.net\/tr\/wp-json\/wp\/v2\/product_tag?post=22126"}],"curies":[{"name":"wp","href":"https:\/\/api.w.org\/{rel}","templated":true}]}}