{"id":22123,"date":"2023-01-02T15:53:50","date_gmt":"2023-01-02T12:53:50","guid":{"rendered":"http:\/\/dev.gtmaxoil.net\/tr\/?post_type=product&#038;p=22123"},"modified":"2025-10-02T13:53:24","modified_gmt":"2025-10-02T10:53:24","slug":"dot-4","status":"publish","type":"product","link":"https:\/\/gtmaxoil.net\/tr\/urunler\/dot-4\/","title":{"rendered":"Fren S\u0131v\u0131lar\u0131"},"content":{"rendered":"<p><strong data-start=\"2235\" data-end=\"2243\">Not:<\/strong> Sa\u011flanan bilgiler mevcut bilgi ve deneyime dayanmaktad\u0131r. Belirli \u00f6zelliklere ili\u015fkin yasal olarak ba\u011flay\u0131c\u0131 bir garanti te\u015fkil etmez.<\/p>\n","protected":false},"excerpt":{"rendered":"<h3 data-start=\"78\" data-end=\"98\">1. \u00dcr\u00fcn Tan\u0131m\u0131<\/h3>\n<p data-start=\"99\" data-end=\"417\">GTMAX Fren S\u0131v\u0131lar\u0131 DOT 3 &#038; DOT 4, modern ara\u00e7lar\u0131n disk, kampana ve ABS fren sistemlerinde kullan\u0131lmak \u00fczere geli\u015ftirilmi\u015f, y\u00fcksek kaliteli, glikol eter bazl\u0131 hidrolik s\u0131v\u0131lard\u0131r. Geni\u015f s\u0131cakl\u0131k aral\u0131\u011f\u0131nda g\u00fcvenilir performans sa\u011flar ve uluslararas\u0131 standartlara uygundur: FMVSS No.116, ISO 4925 ve SAE J1703\/J1704.<\/p>\n<h3 data-start=\"419\" data-end=\"439\">2. Avantajlar\u0131<\/h3>\n<ul data-start=\"440\" data-end=\"707\">\n<li data-start=\"440\" data-end=\"489\">\n<p data-start=\"442\" data-end=\"489\">Y\u00fcksek termal stabilite ve oksidasyon direnci<\/p>\n<\/li>\n<li data-start=\"490\" data-end=\"530\">\n<p data-start=\"492\" data-end=\"530\">Buhar kilidine kar\u015f\u0131 m\u00fckemmel koruma<\/p>\n<\/li>\n<li data-start=\"531\" data-end=\"591\">\n<p data-start=\"533\" data-end=\"591\">D\u00fc\u015f\u00fck viskozite sayesinde fren sistemlerinde h\u0131zl\u0131 tepki<\/p>\n<\/li>\n<li data-start=\"592\" data-end=\"648\">\n<p data-start=\"594\" data-end=\"648\">Contalar ve fren sistemi kau\u00e7uk par\u00e7alar\u0131 ile uyumlu<\/p>\n<\/li>\n<li data-start=\"649\" data-end=\"707\">\n<p data-start=\"651\" data-end=\"707\">Fren sistemi bile\u015fenleri i\u00e7in korozyon korumas\u0131 sa\u011flar<\/p>\n<\/li>\n<\/ul>\n<h3 data-start=\"709\" data-end=\"735\">3. Kullan\u0131m Alanlar\u0131<\/h3>\n<ul data-start=\"736\" data-end=\"969\">\n<li data-start=\"736\" data-end=\"842\">\n<p data-start=\"738\" data-end=\"842\">DOT 3 veya DOT 4 s\u0131v\u0131s\u0131 gerektiren t\u00fcm binek ara\u00e7lar, ticari ara\u00e7lar ve motosikletlerde kullan\u0131labilir<\/p>\n<\/li>\n<li data-start=\"843\" data-end=\"910\">\n<p data-start=\"845\" data-end=\"910\">ABS, ESP ve modern hidrolik fren sistemleri i\u00e7in tavsiye edilir<\/p>\n<\/li>\n<li data-start=\"911\" data-end=\"969\">\n<p data-start=\"913\" data-end=\"969\">Di\u011fer DOT 3 \/ DOT 4 s\u0131v\u0131lar\u0131 ile uyumlu ve kar\u0131\u015fabilir<\/p>\n<\/li>\n<\/ul>\n<h3 data-start=\"971\" data-end=\"1003\">4. Tipik Teknik \u00d6zellikler<\/h3>\n<div class=\"_tableContainer_1rjym_1\">\n<div class=\"group _tableWrapper_1rjym_13 flex w-fit flex-col-reverse\" tabindex=\"-1\">\n<table>\n<tbody>\n<tr>\n<td width=\"189\"><strong>Property<\/strong><\/td>\n<td width=\"188\"><strong>DOT 3<\/strong><\/td>\n<td width=\"188\"><strong>DOT 4<\/strong><\/td>\n<\/tr>\n<tr>\n<td width=\"189\">Appearance<\/td>\n<td width=\"188\">Clear to amber liquid<\/td>\n<td width=\"188\">Clear to amber liquid<\/td>\n<\/tr>\n<tr>\n<td width=\"189\">Density @20 \u00b0C<\/td>\n<td width=\"188\">~1.04 g\/cm\u00b3<\/td>\n<td width=\"188\">~1.05 g\/cm\u00b3<\/td>\n<\/tr>\n<tr>\n<td width=\"189\">pH (FMVSS 116)<\/td>\n<td width=\"188\">7.0 \u2013 11.5<\/td>\n<td width=\"188\">7.0 \u2013 11.5<\/td>\n<\/tr>\n<tr>\n<td width=\"189\">Dry Boiling Point<\/td>\n<td width=\"188\">\u2265205 \u00b0C<\/td>\n<td width=\"188\">\u2265230 \u00b0C<\/td>\n<\/tr>\n<tr>\n<td width=\"189\">Wet Boiling Point<\/td>\n<td width=\"188\">\u2265140 \u00b0C<\/td>\n<td width=\"188\">\u2265155 \u00b0C<\/td>\n<\/tr>\n<tr>\n<td width=\"189\">Viscosity @ -40 \u00b0C<\/td>\n<td width=\"188\">\u22641500 mm\u00b2\/s<\/td>\n<td width=\"188\">\u22641800 mm\u00b2\/s<\/td>\n<\/tr>\n<tr>\n<td width=\"189\">Viscosity @ 100 \u00b0C<\/td>\n<td width=\"188\">\u22651.5 mm\u00b2\/s<\/td>\n<td width=\"188\">\u22651.5 mm\u00b2\/s<\/td>\n<\/tr>\n<\/tbody>\n<\/table>\n<h3 data-start=\"1734\" data-end=\"1762\">5. Ambalaj Se\u00e7enekleri<\/h3>\n<p data-start=\"1763\" data-end=\"1886\">500 cc, 1 L, 200 L, 1000 L IBC ambalajlarda mevcuttur.<br data-start=\"1817\" data-end=\"1820\" \/>Talep \u00fczerine \u00f6zel marka (private label) se\u00e7ene\u011fi sunulmaktad\u0131r.<\/p>\n<h3 data-start=\"1888\" data-end=\"1917\">6. Depolama ve Kullan\u0131m<\/h3>\n<p data-start=\"1918\" data-end=\"2087\">Nemden uzak, s\u0131k\u0131ca kapat\u0131lm\u0131\u015f kaplarda saklay\u0131n\u0131z.<br data-start=\"1969\" data-end=\"1972\" \/>Higroskopik \u00fcr\u00fcn \u2013 su \u00e7eker, yaln\u0131zca m\u00fch\u00fcrl\u00fc ambalajlardan kullan\u0131n\u0131z.<br data-start=\"2043\" data-end=\"2046\" \/>Raf \u00f6mr\u00fc: A\u00e7\u0131lmam\u0131\u015f ambalajda 2 y\u0131ld\u0131r.<\/p>\n<h3 data-start=\"2089\" data-end=\"2116\">7. Sa\u011fl\u0131k ve G\u00fcvenlik<\/h3>\n<p data-start=\"2117\" data-end=\"2233\">Kullan\u0131m, bertaraf ve g\u00fcvenlik \u00f6nlemleri hakk\u0131nda tam bilgi i\u00e7in Malzeme G\u00fcvenlik Bilgi Formuna (MSDS) ba\u015fvurunuz.<\/p>\n<p data-start=\"2235\" data-end=\"2380\">\n<\/div>\n<\/div>\n","protected":false},"featured_media":0,"template":"","meta":[],"product_cat":[181],"product_tag":[],"_links":{"self":[{"href":"https:\/\/gtmaxoil.net\/tr\/wp-json\/wp\/v2\/product\/22123"}],"collection":[{"href":"https:\/\/gtmaxoil.net\/tr\/wp-json\/wp\/v2\/product"}],"about":[{"href":"https:\/\/gtmaxoil.net\/tr\/wp-json\/wp\/v2\/types\/product"}],"wp:attachment":[{"href":"https:\/\/gtmaxoil.net\/tr\/wp-json\/wp\/v2\/media?parent=22123"}],"wp:term":[{"taxonomy":"product_cat","embeddable":true,"href":"https:\/\/gtmaxoil.net\/tr\/wp-json\/wp\/v2\/product_cat?post=22123"},{"taxonomy":"product_tag","embeddable":true,"href":"https:\/\/gtmaxoil.net\/tr\/wp-json\/wp\/v2\/product_tag?post=22123"}],"curies":[{"name":"wp","href":"https:\/\/api.w.org\/{rel}","templated":true}]}}