{"id":22114,"date":"2023-01-02T14:32:15","date_gmt":"2023-01-02T11:32:15","guid":{"rendered":"http:\/\/dev.gtmaxoil.net\/tr\/?post_type=product&#038;p=22114"},"modified":"2025-09-30T11:32:13","modified_gmt":"2025-09-30T08:32:13","slug":"kirmizi-gres","status":"publish","type":"product","link":"https:\/\/gtmaxoil.net\/tr\/urunler\/kirmizi-gres\/","title":{"rendered":"KIRMIZI KAP GRES\u0130"},"content":{"rendered":"<p><strong data-start=\"2393\" data-end=\"2401\">Not:<\/strong> Burada verilen bilgiler mevcut bilgi ve deneyimlere dayanmaktad\u0131r. Belirli \u00f6zellikler i\u00e7in yasal olarak ba\u011flay\u0131c\u0131 bir garanti niteli\u011fi ta\u015f\u0131maz.<\/p>\n","protected":false},"excerpt":{"rendered":"<p>GTMAX Rubber Green Grease ve CUP Red Grease, otomotiv, tar\u0131m ve end\u00fcstriyel uygulamalarda suya dayan\u0131kl\u0131l\u0131k, pas korumas\u0131 ve maliyet etkinli\u011fi gerektiren durumlar i\u00e7in tasarlanm\u0131\u015f kalsiyum sabun k\u0131vamla\u015ft\u0131r\u0131c\u0131l\u0131 greslerdir.<br data-start=\"295\" data-end=\"298\" \/>Rubber Green Grease, O-ring ve bur\u00e7lar gibi kau\u00e7uk bile\u015fenlerle uyumluluk sa\u011flarken, CAP Red Grease ise \u015fasi ya\u011flamas\u0131, tar\u0131m makineleri ve nemli ortamlara maruz kalan rulmanlarda yayg\u0131n olarak kullan\u0131lmaktad\u0131r.<\/p>\n<h2 data-start=\"518\" data-end=\"536\">2. Avantajlar<\/h2>\n<ul data-start=\"537\" data-end=\"844\">\n<li data-start=\"537\" data-end=\"562\">\n<p data-start=\"539\" data-end=\"562\">\u0130yi suya dayan\u0131kl\u0131l\u0131k<\/p>\n<\/li>\n<li data-start=\"563\" data-end=\"596\">\n<p data-start=\"565\" data-end=\"596\">Pas ve korozyona kar\u015f\u0131 koruma<\/p>\n<\/li>\n<li data-start=\"597\" data-end=\"639\">\n<p data-start=\"599\" data-end=\"639\">Maliyet a\u00e7\u0131s\u0131ndan uygun ya\u011flama \u00e7\u00f6z\u00fcm\u00fc<\/p>\n<\/li>\n<li data-start=\"640\" data-end=\"691\">\n<p data-start=\"642\" data-end=\"691\">Birden fazla NLGI s\u0131n\u0131f\u0131nda mevcut (0, 1, 2, 3)<\/p>\n<\/li>\n<li data-start=\"692\" data-end=\"788\">\n<p data-start=\"694\" data-end=\"788\">Kolay tan\u0131mlama i\u00e7in ay\u0131rt edici renkler (Rubber Grease i\u00e7in Ye\u015fil, CAP Grease i\u00e7in K\u0131rm\u0131z\u0131)<\/p>\n<\/li>\n<li data-start=\"789\" data-end=\"844\">\n<p data-start=\"791\" data-end=\"844\">Hafif ve orta y\u00fckl\u00fc uygulamalarda g\u00fcvenilir ya\u011flama<\/p>\n<h2 data-start=\"851\" data-end=\"876\">3. Kullan\u0131m Alanlar\u0131<\/h2>\n<ul data-start=\"877\" data-end=\"1133\">\n<li data-start=\"877\" data-end=\"919\">\n<p data-start=\"879\" data-end=\"919\">Otomotiv \u015fasi ve s\u00fcspansiyon ya\u011flamas\u0131<\/p>\n<\/li>\n<li data-start=\"920\" data-end=\"955\">\n<p data-start=\"922\" data-end=\"955\">Tar\u0131m makineleri ve ekipmanlar\u0131<\/p>\n<\/li>\n<li data-start=\"956\" data-end=\"1001\">\n<p data-start=\"958\" data-end=\"1001\">Hafif ve orta y\u00fckl\u00fc rulmanlar ve yataklar<\/p>\n<\/li>\n<li data-start=\"1002\" data-end=\"1079\">\n<p data-start=\"1004\" data-end=\"1079\">Kau\u00e7uk\/metal temas y\u00fczeyleri, O-ringler ve contalar (Rubber Green Grease)<\/p>\n<\/li>\n<li data-start=\"1080\" data-end=\"1133\">\n<p data-start=\"1082\" data-end=\"1133\">Suya dayan\u0131kl\u0131l\u0131k gerektiren genel ama\u00e7l\u0131 ya\u011flama<\/p>\n<p>4. Tipik Teknik \u00d6zellikler (Genel Aral\u0131k)<\/p>\n<table width=\"0\">\n<tbody>\n<tr>\n<td width=\"121\">Property<\/td>\n<td width=\"121\">NLGI 0<\/td>\n<td width=\"121\">NLGI 1<\/td>\n<td width=\"121\">NLGI 2<\/td>\n<td width=\"121\">NLGI 3<\/td>\n<\/tr>\n<tr>\n<td width=\"121\">Thickener Type<\/td>\n<td width=\"121\">Calcium Soap<\/td>\n<td width=\"121\">Calcium Soap<\/td>\n<td width=\"121\">Calcium Soap<\/td>\n<td width=\"121\">Calcium Soap<\/td>\n<\/tr>\n<tr>\n<td width=\"121\">Worked Penetration (0.1 mm @25\u00b0C)<\/td>\n<td width=\"121\">355 \u2013 385<\/td>\n<td width=\"121\">310 \u2013 340<\/td>\n<td width=\"121\">265 \u2013 295<\/td>\n<td width=\"121\">220 \u2013 250<\/td>\n<\/tr>\n<tr>\n<td width=\"121\">Dropping Point (\u00b0C)<\/td>\n<td width=\"121\">\u226590<\/td>\n<td width=\"121\">\u2265100<\/td>\n<td width=\"121\">\u2265100<\/td>\n<td width=\"121\">\u2265100<\/td>\n<\/tr>\n<tr>\n<td width=\"121\">Operating Temp (\u00b0C)<\/td>\n<td width=\"121\">-20 to +70<\/td>\n<td width=\"121\">-20 to +70<\/td>\n<td width=\"121\">-20 to +70<\/td>\n<td width=\"121\">-20 to +70<\/td>\n<\/tr>\n<tr>\n<td width=\"121\">Color<\/td>\n<td colspan=\"4\" width=\"486\">Red \/ Green<\/td>\n<\/tr>\n<\/tbody>\n<\/table>\n<p><strong data-start=\"1629\" data-end=\"1637\">Not:<\/strong> Yukar\u0131da belirtilen tipik \u00f6zellikler ortalama de\u011ferleri temsil eder ve kabul edilebilir \u00fcretim toleranslar\u0131 dahilinde de\u011fi\u015febilir. Bu bilgiler, bir \u00fcr\u00fcn spesifikasyonu niteli\u011fi ta\u015f\u0131maz.<\/li>\n<\/ul>\n<\/li>\n<\/ul>\n<h2 data-start=\"1832\" data-end=\"1859\">5. Ambalaj Se\u00e7enekleri<\/h2>\n<p data-start=\"1860\" data-end=\"2001\">Mevcut ambalajlar: 500 gr, 900 gr, 3,75 kg, 15 kg plastik kova, 180 kg varil<br data-start=\"1936\" data-end=\"1939\" \/>Talep \u00fczerine \u00f6zel marka (private label) se\u00e7ene\u011fi mevcuttur.<\/p>\n<h2 data-start=\"2008\" data-end=\"2036\">6. Depolama ve Kullan\u0131m<\/h2>\n<ul data-start=\"2037\" data-end=\"2232\">\n<li data-start=\"2037\" data-end=\"2113\">\n<p data-start=\"2039\" data-end=\"2113\">0\u00b0C ile 40\u00b0C aras\u0131nda, kuru ve iyi havaland\u0131r\u0131lan ortamlarda saklay\u0131n\u0131z.<\/p>\n<\/li>\n<li data-start=\"2114\" data-end=\"2183\">\n<p data-start=\"2116\" data-end=\"2183\">Do\u011frudan g\u00fcne\u015f \u0131\u015f\u0131\u011f\u0131ndan ve ate\u015fleme kaynaklar\u0131ndan uzak tutunuz.<\/p>\n<\/li>\n<li data-start=\"2184\" data-end=\"2232\">\n<p data-start=\"2186\" data-end=\"2232\">Raf \u00f6mr\u00fc: Orijinal kapal\u0131 ambalaj\u0131nda 2 y\u0131l.<\/p>\n<\/li>\n<\/ul>\n<h2 data-start=\"2239\" data-end=\"2265\">7. Sa\u011fl\u0131k ve G\u00fcvenlik<\/h2>\n<p data-start=\"2266\" data-end=\"2391\">\u00dcr\u00fcn\u00fcn kullan\u0131m, bertaraf ve g\u00fcvenlik \u00f6nlemleriyle ilgili tam bilgi i\u00e7in Malzeme G\u00fcvenlik Bilgi Formu\u2019na (MSDS) ba\u015fvurunuz.<\/p>\n<p data-start=\"2393\" data-end=\"2547\">\n","protected":false},"featured_media":22074,"template":"","meta":[],"product_cat":[179],"product_tag":[],"_links":{"self":[{"href":"https:\/\/gtmaxoil.net\/tr\/wp-json\/wp\/v2\/product\/22114"}],"collection":[{"href":"https:\/\/gtmaxoil.net\/tr\/wp-json\/wp\/v2\/product"}],"about":[{"href":"https:\/\/gtmaxoil.net\/tr\/wp-json\/wp\/v2\/types\/product"}],"wp:featuredmedia":[{"embeddable":true,"href":"https:\/\/gtmaxoil.net\/tr\/wp-json\/wp\/v2\/media\/22074"}],"wp:attachment":[{"href":"https:\/\/gtmaxoil.net\/tr\/wp-json\/wp\/v2\/media?parent=22114"}],"wp:term":[{"taxonomy":"product_cat","embeddable":true,"href":"https:\/\/gtmaxoil.net\/tr\/wp-json\/wp\/v2\/product_cat?post=22114"},{"taxonomy":"product_tag","embeddable":true,"href":"https:\/\/gtmaxoil.net\/tr\/wp-json\/wp\/v2\/product_tag?post=22114"}],"curies":[{"name":"wp","href":"https:\/\/api.w.org\/{rel}","templated":true}]}}