{"id":22113,"date":"2023-01-02T14:04:10","date_gmt":"2023-01-02T11:04:10","guid":{"rendered":"http:\/\/dev.gtmaxoil.net\/tr\/?post_type=product&#038;p=22113"},"modified":"2025-10-15T16:35:07","modified_gmt":"2025-10-15T13:35:07","slug":"stou-super-traktor-10w-30","status":"publish","type":"product","link":"https:\/\/gtmaxoil.net\/tr\/urunler\/stou-super-traktor-10w-30\/","title":{"rendered":"STOU 15W-40"},"content":{"rendered":"<p><strong>GTmax <span id=\"productTitle\" class=\"a-size-large product-title-word-break\">STOU S\u00fcper Trakt\u00f6r 10W-30 <\/span>\u00a0Ya\u011f\u0131 A\u015fa\u011f\u0131daki Performanslar\u0131 Kar\u015f\u0131lar:<\/strong><\/p>\n<ul>\n<li>API CF-4\/SF<\/li>\n<li>API GL-4<\/li>\n<li>ACEA E2<\/li>\n<li>ZF TE ML 06B ve 07B<\/li>\n<li>ALLISON C4<\/li>\n<li>Ford M2C 159B, 134 D<\/li>\n<li>New Holland 82009201\/2\/3<\/li>\n<li>Case New Holland MAT 3532 ve 3526<\/li>\n<li>John Deere J27, J20C<\/li>\n<li>Massey Ferguson CMS M1144 ve 1139<\/li>\n<li>Massey Ferguson CMS M1145, M1143 ve M1135<\/li>\n<\/ul>\n","protected":false},"excerpt":{"rendered":"<p>GTmax STOU 10W-30, dizel ve benzinli motorlar\u0131n ya\u011flama gereksinimlerini kar\u015f\u0131lamak \u00fczere geli\u015ftirilen ve \u00e7o\u011fu modern tar\u0131m ekipman\u0131 i\u00e7in \u015fanz\u0131man, hidrolik, son tahrik ya\u011flay\u0131c\u0131 olarak kullan\u0131lan \u00fcst\u00fcn kaliteli \u00e7ok ama\u00e7l\u0131 bir \u201cTek S\u0131v\u0131\u201d ya\u011flay\u0131c\u0131d\u0131r. Standart trakt\u00f6r s\u0131v\u0131lar\u0131na kar\u015f\u0131 ola\u011fan\u00fcst\u00fc d\u00fc\u015f\u00fck s\u0131cakl\u0131k performans\u0131 ve hidrolik sistemler, vanalar, pompalar, hortumlar i\u00e7in olduk\u00e7a iyi a\u015f\u0131nma korumas\u0131 sunar. De\u011fi\u015fken viskozite \u00f6zellikleri hem \u00e7ok y\u00fcksek hem de \u00e7ok d\u00fc\u015f\u00fck ortam s\u0131cakl\u0131klar\u0131nda kullan\u0131lmas\u0131n\u0131 m\u00fcmk\u00fcn k\u0131lar.<\/p>\n<p><img decoding=\"async\" loading=\"lazy\" class=\"alignnone wp-image-22182 size-full\" src=\"http:\/\/gtmaxoil.net\/wp-content\/uploads\/2023\/01\/WhatsApp-Image-2023-01-06-at-16.07.26-1-1.jpeg\" alt=\"\" width=\"629\" height=\"217\" srcset=\"https:\/\/gtmaxoil.net\/wp-content\/uploads\/2023\/01\/WhatsApp-Image-2023-01-06-at-16.07.26-1-1.jpeg 629w, https:\/\/gtmaxoil.net\/wp-content\/uploads\/2023\/01\/WhatsApp-Image-2023-01-06-at-16.07.26-1-1-300x103.jpeg 300w, https:\/\/gtmaxoil.net\/wp-content\/uploads\/2023\/01\/WhatsApp-Image-2023-01-06-at-16.07.26-1-1-540x186.jpeg 540w\" sizes=\"(max-width: 629px) 100vw, 629px\" \/><\/p>\n","protected":false},"featured_media":22076,"template":"","meta":[],"product_cat":[176],"product_tag":[],"_links":{"self":[{"href":"https:\/\/gtmaxoil.net\/tr\/wp-json\/wp\/v2\/product\/22113"}],"collection":[{"href":"https:\/\/gtmaxoil.net\/tr\/wp-json\/wp\/v2\/product"}],"about":[{"href":"https:\/\/gtmaxoil.net\/tr\/wp-json\/wp\/v2\/types\/product"}],"wp:featuredmedia":[{"embeddable":true,"href":"https:\/\/gtmaxoil.net\/tr\/wp-json\/wp\/v2\/media\/22076"}],"wp:attachment":[{"href":"https:\/\/gtmaxoil.net\/tr\/wp-json\/wp\/v2\/media?parent=22113"}],"wp:term":[{"taxonomy":"product_cat","embeddable":true,"href":"https:\/\/gtmaxoil.net\/tr\/wp-json\/wp\/v2\/product_cat?post=22113"},{"taxonomy":"product_tag","embeddable":true,"href":"https:\/\/gtmaxoil.net\/tr\/wp-json\/wp\/v2\/product_tag?post=22113"}],"curies":[{"name":"wp","href":"https:\/\/api.w.org\/{rel}","templated":true}]}}