{"id":22101,"date":"2022-12-28T10:40:56","date_gmt":"2022-12-28T07:40:56","guid":{"rendered":"http:\/\/dev.gtmaxoil.net\/tr\/?post_type=product&#038;p=22101"},"modified":"2025-10-30T10:53:48","modified_gmt":"2025-10-30T07:53:48","slug":"atf-dexron-vi","status":"publish","type":"product","link":"https:\/\/gtmaxoil.net\/tr\/urunler\/atf-dexron-vi\/","title":{"rendered":"ATF 4"},"content":{"rendered":"<p>Not: Burada verilen bilgiler mevcut bilgi ve deneyime dayanmaktad\u0131r. Belirli \u00f6zellikler i\u00e7in yasal olarak ba\u011flay\u0131c\u0131 bir garanti te\u015fkil etmez.<\/p>\n","protected":false},"excerpt":{"rendered":"<h3 data-start=\"246\" data-end=\"266\">1. \u00dcr\u00fcn Tan\u0131m\u0131<\/h3>\n<p data-start=\"267\" data-end=\"650\">ATF 4 , Chrysler, Jeep ve Dodge ara\u00e7lar\u0131 i\u00e7in \u00f6zel olarak geli\u015ftirilmi\u015f y\u00fcksek performansl\u0131 tam sentetik otomatik \u015fanz\u0131man ya\u011f\u0131d\u0131r. Ola\u011fan\u00fcst\u00fc s\u00fcrt\u00fcnme dayan\u0131kl\u0131l\u0131\u011f\u0131, m\u00fckemmel termal ve oksidasyon kararl\u0131l\u0131\u011f\u0131 ile \u00fcst\u00fcn a\u015f\u0131nma korumas\u0131 sa\u011flar. \u00d6nceki Chrysler ATF spesifikasyonlar\u0131yla (ATF+, ATF+2, ATF+3) geriye d\u00f6n\u00fck uyumludur ve yumu\u015fak vites ge\u00e7i\u015fleri ile uzun servis \u00f6mr\u00fc sunar.<\/p>\n<h3 data-start=\"652\" data-end=\"671\">2. Avantajlar<\/h3>\n<p data-start=\"672\" data-end=\"960\">\u2022 Chrysler, Jeep ve Dodge ara\u00e7lar\u0131 i\u00e7in \u00f6zel olarak geli\u015ftirilmi\u015ftir<br data-start=\"740\" data-end=\"743\" \/>\u2022 ATF+, ATF+2 ve ATF+3 ile geriye d\u00f6n\u00fck uyumluluk<br data-start=\"792\" data-end=\"795\" \/>\u2022 Geli\u015ftirilmi\u015f oksidasyon kararl\u0131l\u0131\u011f\u0131 ve termal diren\u00e7<br data-start=\"850\" data-end=\"853\" \/>\u2022 Yumu\u015fak vites ge\u00e7i\u015fleri i\u00e7in \u00fcst\u00fcn s\u00fcrt\u00fcnme dayan\u0131kl\u0131l\u0131\u011f\u0131<br data-start=\"912\" data-end=\"915\" \/>\u2022 A\u015f\u0131nma ve tortulara kar\u015f\u0131 m\u00fckemmel koruma<\/p>\n<h3 data-start=\"962\" data-end=\"988\">3. Kullan\u0131m Alanlar\u0131<\/h3>\n<p data-start=\"989\" data-end=\"1241\">\u2022 ATF+4 gerektiren Chrysler, Jeep, Dodge ve Fiat ara\u00e7lar\u0131n\u0131n otomatik \u015fanz\u0131manlar\u0131nda<br data-start=\"1074\" data-end=\"1077\" \/>\u2022 ATF+4 belirtilen direksiyon sistemleri ve transfer kutular\u0131nda<br data-start=\"1141\" data-end=\"1144\" \/>\u2022 Ba\u015flang\u0131\u00e7ta ATF+, ATF+2 veya ATF+3 \u00f6nerilen uygulamalarda geriye d\u00f6n\u00fck uyumluluk ile kullan\u0131m<\/p>\n<h3 data-start=\"1243\" data-end=\"1286\">4. Performans Standartlar\u0131 ve Onaylar<\/h3>\n<p data-start=\"1287\" data-end=\"1534\">Kullan\u0131m i\u00e7in uygundur:<br data-start=\"1310\" data-end=\"1313\" \/>\u2022 Chrysler MS-9602 (ATF+4 standard\u0131)<br data-start=\"1349\" data-end=\"1352\" \/>\u2022 ATF+, ATF+2 ve ATF+3 spesifikasyonlar\u0131yla geriye d\u00f6n\u00fck uyumludur<br data-start=\"1418\" data-end=\"1421\" \/><em data-start=\"1421\" data-end=\"1532\">(ATF+4 veya \u00f6nceki ATF s\u0131v\u0131lar\u0131n\u0131 gerektiren t\u00fcm Chrysler, Jeep ve Dodge ara\u00e7lar\u0131nda kullan\u0131m i\u00e7in uygundur.)<\/em><\/p>\n<h3 data-start=\"1536\" data-end=\"1568\">5. Tipik Teknik \u00d6zellikler<\/h3>\n<div class=\"_tableContainer_1rjym_1\">\n<div class=\"group _tableWrapper_1rjym_13 flex w-fit flex-col-reverse\" tabindex=\"-1\">\n<table class=\"w-fit min-w-(--thread-content-width)\" data-start=\"1570\" data-end=\"1997\">\n<thead data-start=\"1570\" data-end=\"1591\">\n<tr data-start=\"1570\" data-end=\"1591\">\n<th data-start=\"1570\" data-end=\"1580\" data-col-size=\"md\">\u00d6zellik<\/th>\n<th data-start=\"1580\" data-end=\"1591\" data-col-size=\"sm\">ATF+4<\/th>\n<\/tr>\n<\/thead>\n<tbody data-start=\"1614\" data-end=\"1997\">\n<tr data-start=\"1614\" data-end=\"1674\">\n<td data-start=\"1614\" data-end=\"1661\" data-col-size=\"md\">Kinematik Viskozite @ 40\u00b0C, mm\u00b2\/s, ASTM D445<\/td>\n<td data-start=\"1661\" data-end=\"1674\" data-col-size=\"sm\">33 \u2013 36<\/td>\n<\/tr>\n<tr data-start=\"1675\" data-end=\"1738\">\n<td data-start=\"1675\" data-end=\"1723\" data-col-size=\"md\">Kinematik Viskozite @ 100\u00b0C, mm\u00b2\/s, ASTM D445<\/td>\n<td data-start=\"1723\" data-end=\"1738\" data-col-size=\"sm\">7,2 \u2013 7,5<\/td>\n<\/tr>\n<tr data-start=\"1739\" data-end=\"1786\">\n<td data-start=\"1739\" data-end=\"1777\" data-col-size=\"md\">Viskozite \u0130ndeksi, ASTM D2270, Min.<\/td>\n<td data-start=\"1777\" data-end=\"1786\" data-col-size=\"sm\">160<\/td>\n<\/tr>\n<tr data-start=\"1787\" data-end=\"1848\">\n<td data-start=\"1787\" data-end=\"1840\" data-col-size=\"md\">Bak\u0131r \u015eerit Korozyonu (3s,100\u00b0C), ASTM D130, Maks.<\/td>\n<td data-start=\"1840\" data-end=\"1848\" data-col-size=\"sm\">1a<\/td>\n<\/tr>\n<tr data-start=\"1849\" data-end=\"1894\">\n<td data-start=\"1849\" data-end=\"1885\" data-col-size=\"md\">Akma Noktas\u0131, \u00b0C, ASTM D97, Maks.<\/td>\n<td data-start=\"1885\" data-end=\"1894\" data-col-size=\"sm\">-42<\/td>\n<\/tr>\n<tr data-start=\"1895\" data-end=\"1947\">\n<td data-start=\"1895\" data-end=\"1938\" data-col-size=\"md\">Parlama Noktas\u0131, COC, \u00b0C, ASTM D92, Min.<\/td>\n<td data-start=\"1938\" data-end=\"1947\" data-col-size=\"sm\">200<\/td>\n<\/tr>\n<tr data-start=\"1948\" data-end=\"1997\">\n<td data-start=\"1948\" data-end=\"1986\" data-col-size=\"md\">Yo\u011funluk @ 15.6\u00b0C, g\/ml, ASTM D4052<\/td>\n<td data-start=\"1986\" data-end=\"1997\" data-col-size=\"sm\">0,865<\/td>\n<\/tr>\n<\/tbody>\n<\/table>\n<\/div>\n<\/div>\n<p data-start=\"1999\" data-end=\"2196\"><strong data-start=\"1999\" data-end=\"2007\">Not:<\/strong> Yukar\u0131da listelenen tipik \u00f6zellikler ortalama de\u011ferleri temsil eder ve kabul edilebilir \u00fcretim toleranslar\u0131 dahilinde de\u011fi\u015fiklik g\u00f6sterebilir. Bu bilgiler bir spesifikasyon te\u015fkil etmez.<\/p>\n<h3 data-start=\"2198\" data-end=\"2226\">6. Ambalaj Se\u00e7enekleri<\/h3>\n<p data-start=\"2227\" data-end=\"2387\">Mevcut ambalajlar: 1L, 4L, 5L, 10L, 20L, 25L kova, 55L varil, 200\u2013208L f\u0131\u00e7\u0131, 1000L IBC<br data-start=\"2313\" data-end=\"2316\" \/>\u00d6zel marka ve d\u00f6kme teslimat se\u00e7enekleri talep \u00fczerine sunulmaktad\u0131r.<\/p>\n<h3 data-start=\"2389\" data-end=\"2418\">7. Depolama ve Kullan\u0131m<\/h3>\n<ul data-start=\"2419\" data-end=\"2607\">\n<li data-start=\"2419\" data-end=\"2494\">\n<p data-start=\"2421\" data-end=\"2494\">0\u00b0C ile 40\u00b0C aras\u0131nda, kuru ve iyi havaland\u0131r\u0131lan ortamlarda saklay\u0131n\u0131z<\/p>\n<\/li>\n<li data-start=\"2495\" data-end=\"2559\">\n<p data-start=\"2497\" data-end=\"2559\">Do\u011frudan g\u00fcne\u015f \u0131\u015f\u0131\u011f\u0131ndan ve ate\u015f kaynaklar\u0131ndan uzak tutunuz<\/p>\n<\/li>\n<li data-start=\"2560\" data-end=\"2607\">\n<p data-start=\"2562\" data-end=\"2607\">Raf \u00f6mr\u00fc: Orijinal kapal\u0131 ambalaj\u0131nda 5 y\u0131l<\/p>\n<\/li>\n<\/ul>\n<h3 data-start=\"2609\" data-end=\"2636\">8. Sa\u011fl\u0131k ve G\u00fcvenlik<\/h3>\n<p data-start=\"2637\" data-end=\"2770\">Kullan\u0131m, bertaraf ve g\u00fcvenlik \u00f6nlemleriyle ilgili ayr\u0131nt\u0131l\u0131 talimatlar i\u00e7in <strong data-start=\"2714\" data-end=\"2753\">Malzeme G\u00fcvenlik Bilgi Formu (MSDS)<\/strong>\u2019na ba\u015fvurunuz.<\/p>\n","protected":false},"featured_media":22384,"template":"","meta":[],"product_cat":[177],"product_tag":[],"_links":{"self":[{"href":"https:\/\/gtmaxoil.net\/tr\/wp-json\/wp\/v2\/product\/22101"}],"collection":[{"href":"https:\/\/gtmaxoil.net\/tr\/wp-json\/wp\/v2\/product"}],"about":[{"href":"https:\/\/gtmaxoil.net\/tr\/wp-json\/wp\/v2\/types\/product"}],"wp:featuredmedia":[{"embeddable":true,"href":"https:\/\/gtmaxoil.net\/tr\/wp-json\/wp\/v2\/media\/22384"}],"wp:attachment":[{"href":"https:\/\/gtmaxoil.net\/tr\/wp-json\/wp\/v2\/media?parent=22101"}],"wp:term":[{"taxonomy":"product_cat","embeddable":true,"href":"https:\/\/gtmaxoil.net\/tr\/wp-json\/wp\/v2\/product_cat?post=22101"},{"taxonomy":"product_tag","embeddable":true,"href":"https:\/\/gtmaxoil.net\/tr\/wp-json\/wp\/v2\/product_tag?post=22101"}],"curies":[{"name":"wp","href":"https:\/\/api.w.org\/{rel}","templated":true}]}}