{"id":22099,"date":"2022-12-28T10:25:58","date_gmt":"2022-12-28T07:25:58","guid":{"rendered":"http:\/\/dev.gtmaxoil.net\/tr\/?post_type=product&#038;p=22099"},"modified":"2025-09-24T17:03:23","modified_gmt":"2025-09-24T14:03:23","slug":"atf-cvt-sentetik-otomatik-sanziman-yagi","status":"publish","type":"product","link":"https:\/\/gtmaxoil.net\/tr\/urunler\/atf-cvt-sentetik-otomatik-sanziman-yagi\/","title":{"rendered":"ATF CVT"},"content":{"rendered":"<p>Not: Burada verilen bilgiler mevcut bilgi ve deneyime dayanmaktad\u0131r. Belirli \u00f6zellikler i\u00e7in yasal olarak ba\u011flay\u0131c\u0131 bir garanti te\u015fkil etmez.<\/p>\n","protected":false},"excerpt":{"rendered":"<h3 data-start=\"180\" data-end=\"200\">1. \u00dcr\u00fcn Tan\u0131m\u0131<\/h3>\n<p data-start=\"201\" data-end=\"565\">CVT Fluid, modern s\u00fcrekli de\u011fi\u015fken oranl\u0131 \u015fanz\u0131manlar (CVT) i\u00e7in \u00f6zel olarak geli\u015ftirilmi\u015f y\u00fcksek performansl\u0131 sentetik \u015fanz\u0131man ya\u011f\u0131d\u0131r. M\u00fckemmel anti-shudder (titre\u015fim \u00f6nleyici) dayan\u0131kl\u0131l\u0131\u011f\u0131, \u00fcst\u00fcn oksidasyon kararl\u0131l\u0131\u011f\u0131 ve a\u015f\u0131nma, korozyon ile tortulara kar\u015f\u0131 g\u00fcvenilir koruma sa\u011flar. \u00dcr\u00fcn\u00fcn form\u00fclasyonu, yumu\u015fak s\u00fcr\u00fc\u015f performans\u0131 ve uzun servis \u00f6mr\u00fc sunar.<\/p>\n<h3 data-start=\"567\" data-end=\"586\">2. Avantajlar<\/h3>\n<p data-start=\"587\" data-end=\"942\">\u2022 CVT sistemlerinde yumu\u015fak ve s\u00fcrekli g\u00fc\u00e7 aktar\u0131m\u0131 sa\u011flar<br data-start=\"645\" data-end=\"648\" \/>\u2022 Konforlu s\u00fcr\u00fc\u015f i\u00e7in \u00fcst\u00fcn anti-shudder dayan\u0131kl\u0131l\u0131\u011f\u0131 sunar<br data-start=\"708\" data-end=\"711\" \/>\u2022 Daha uzun \u015fanz\u0131man \u00f6mr\u00fc i\u00e7in g\u00fcvenilir a\u015f\u0131nma ve korozyon korumas\u0131 sa\u011flar<br data-start=\"786\" data-end=\"789\" \/>\u2022 Uzat\u0131lm\u0131\u015f ya\u011f de\u011fi\u015fim aral\u0131klar\u0131 i\u00e7in \u00fcst\u00fcn termal ve oksidasyon kararl\u0131l\u0131\u011f\u0131 sunar<br data-start=\"873\" data-end=\"876\" \/>\u2022 So\u011fuk iklim ko\u015fullar\u0131nda iyi d\u00fc\u015f\u00fck s\u0131cakl\u0131k ak\u0131\u015fkanl\u0131\u011f\u0131 sa\u011flar<\/p>\n<h3 data-start=\"944\" data-end=\"970\">3. Kullan\u0131m Alanlar\u0131<\/h3>\n<p data-start=\"971\" data-end=\"1229\">\u2022 Binek ara\u00e7lar ve SUV\u2019larda kullan\u0131lan kay\u0131\u015f ve zincir tip s\u00fcrekli de\u011fi\u015fken oranl\u0131 \u015fanz\u0131manlar (CVT) i\u00e7in<br data-start=\"1077\" data-end=\"1080\" \/>\u2022 Modern CVT donan\u0131ml\u0131 ara\u00e7larda yumu\u015fak ve g\u00fcvenilir \u00e7al\u0131\u015fma sa\u011flar<br data-start=\"1148\" data-end=\"1151\" \/>\u2022 CVT sistemlerinde a\u015f\u0131nma, oksidasyon ve tortu olu\u015fumuna kar\u015f\u0131 koruma sunar<\/p>\n<h3 data-start=\"1231\" data-end=\"1274\">4. Performans Standartlar\u0131 ve Onaylar<\/h3>\n<p data-start=\"1275\" data-end=\"1474\">\u2022 Nissan NS-2 \/ NS-3<br data-start=\"1295\" data-end=\"1298\" \/>\u2022 Toyota CVT TC \/ CVT FE<br data-start=\"1322\" data-end=\"1325\" \/>\u2022 Honda HMMF \/ HCF-2<br data-start=\"1345\" data-end=\"1348\" \/>\u2022 Hyundai \/ Kia SP-CVT1<br data-start=\"1371\" data-end=\"1374\" \/>\u2022 Mitsubishi CVTF-J1 \/ J4<br data-start=\"1399\" data-end=\"1402\" \/>\u2022 OEM ye\u015fil CVTF+4 s\u0131v\u0131lar\u0131n\u0131n yerine ge\u00e7er (\u00f6r. Chrysler, Suzuki vb.)<\/p>\n<h3 data-start=\"1476\" data-end=\"1508\">5. Tipik Teknik \u00d6zellikler<\/h3>\n<div class=\"_tableContainer_1rjym_1\">\n<div class=\"group _tableWrapper_1rjym_13 flex w-fit flex-col-reverse\" tabindex=\"-1\">\n<table class=\"w-fit min-w-(--thread-content-width)\" data-start=\"1510\" data-end=\"1933\">\n<thead data-start=\"1510\" data-end=\"1529\">\n<tr data-start=\"1510\" data-end=\"1529\">\n<th data-start=\"1510\" data-end=\"1520\" data-col-size=\"md\">\u00d6zellik<\/th>\n<th data-start=\"1520\" data-end=\"1529\" data-col-size=\"sm\">CVT<\/th>\n<\/tr>\n<\/thead>\n<tbody data-start=\"1550\" data-end=\"1933\">\n<tr data-start=\"1550\" data-end=\"1610\">\n<td data-start=\"1550\" data-end=\"1597\" data-col-size=\"md\">Kinematik Viskozite @ 40\u00b0C, mm\u00b2\/s, ASTM D445<\/td>\n<td data-start=\"1597\" data-end=\"1610\" data-col-size=\"sm\">28 \u2013 34<\/td>\n<\/tr>\n<tr data-start=\"1611\" data-end=\"1674\">\n<td data-start=\"1611\" data-end=\"1659\" data-col-size=\"md\">Kinematik Viskozite @ 100\u00b0C, mm\u00b2\/s, ASTM D445<\/td>\n<td data-start=\"1659\" data-end=\"1674\" data-col-size=\"sm\">5,9 \u2013 6,4<\/td>\n<\/tr>\n<tr data-start=\"1675\" data-end=\"1722\">\n<td data-start=\"1675\" data-end=\"1713\" data-col-size=\"md\">Viskozite \u0130ndeksi, ASTM D2270, Min.<\/td>\n<td data-start=\"1713\" data-end=\"1722\" data-col-size=\"sm\">140<\/td>\n<\/tr>\n<tr data-start=\"1723\" data-end=\"1784\">\n<td data-start=\"1723\" data-end=\"1776\" data-col-size=\"md\">Bak\u0131r \u015eerit Korozyonu (3s,100\u00b0C), ASTM D130, Maks.<\/td>\n<td data-start=\"1776\" data-end=\"1784\" data-col-size=\"sm\">1a<\/td>\n<\/tr>\n<tr data-start=\"1785\" data-end=\"1830\">\n<td data-start=\"1785\" data-end=\"1821\" data-col-size=\"md\">Akma Noktas\u0131, \u00b0C, ASTM D97, Maks.<\/td>\n<td data-start=\"1821\" data-end=\"1830\" data-col-size=\"sm\">-42<\/td>\n<\/tr>\n<tr data-start=\"1831\" data-end=\"1883\">\n<td data-start=\"1831\" data-end=\"1874\" data-col-size=\"md\">Parlama Noktas\u0131, COC, \u00b0C, ASTM D92, Min.<\/td>\n<td data-start=\"1874\" data-end=\"1883\" data-col-size=\"sm\">200<\/td>\n<\/tr>\n<tr data-start=\"1884\" data-end=\"1933\">\n<td data-start=\"1884\" data-end=\"1922\" data-col-size=\"md\">Yo\u011funluk @ 15.6\u00b0C, g\/ml, ASTM D4052<\/td>\n<td data-start=\"1922\" data-end=\"1933\" data-col-size=\"sm\">0,865<\/td>\n<\/tr>\n<\/tbody>\n<\/table>\n<\/div>\n<\/div>\n<p data-start=\"1935\" data-end=\"2188\"><strong data-start=\"1935\" data-end=\"1944\">Renk:<\/strong> OEM\u2019e \u00f6zel boya olup performans\u0131 etkilemez.<br data-start=\"1988\" data-end=\"1991\" \/><strong data-start=\"1991\" data-end=\"1999\">Not:<\/strong> Yukar\u0131da listelenen tipik \u00f6zellikler ortalama de\u011ferleri temsil eder ve kabul edilebilir \u00fcretim toleranslar\u0131 dahilinde de\u011fi\u015fiklik g\u00f6sterebilir. Bu bilgiler bir spesifikasyon te\u015fkil etmez.<\/p>\n<h3 data-start=\"2190\" data-end=\"2218\">6. Ambalaj Se\u00e7enekleri<\/h3>\n<p data-start=\"2219\" data-end=\"2366\">Mevcut ambalajlar: 1L, 20L, 25L kova, 55L varil, 200\u2013208L f\u0131\u00e7\u0131, 1000L IBC<br data-start=\"2292\" data-end=\"2295\" \/>\u00d6zel marka ve d\u00f6kme teslimat se\u00e7enekleri talep \u00fczerine sunulmaktad\u0131r.<\/p>\n<h3 data-start=\"2368\" data-end=\"2397\">7. Depolama ve Kullan\u0131m<\/h3>\n<ul data-start=\"2398\" data-end=\"2586\">\n<li data-start=\"2398\" data-end=\"2473\">\n<p data-start=\"2400\" data-end=\"2473\">0\u00b0C ile 40\u00b0C aras\u0131nda, kuru ve iyi havaland\u0131r\u0131lan ortamlarda saklay\u0131n\u0131z<\/p>\n<\/li>\n<li data-start=\"2474\" data-end=\"2538\">\n<p data-start=\"2476\" data-end=\"2538\">Do\u011frudan g\u00fcne\u015f \u0131\u015f\u0131\u011f\u0131ndan ve ate\u015f kaynaklar\u0131ndan uzak tutunuz<\/p>\n<\/li>\n<li data-start=\"2539\" data-end=\"2586\">\n<p data-start=\"2541\" data-end=\"2586\">Raf \u00f6mr\u00fc: Orijinal kapal\u0131 ambalaj\u0131nda 5 y\u0131l<\/p>\n<\/li>\n<\/ul>\n<h3 data-start=\"2588\" data-end=\"2615\">8. Sa\u011fl\u0131k ve G\u00fcvenlik<\/h3>\n<p data-start=\"2616\" data-end=\"2749\">Kullan\u0131m, bertaraf ve g\u00fcvenlik \u00f6nlemleriyle ilgili ayr\u0131nt\u0131l\u0131 talimatlar i\u00e7in <strong data-start=\"2693\" data-end=\"2732\">Malzeme G\u00fcvenlik Bilgi Formu (MSDS)<\/strong>\u2019na ba\u015fvurunuz.<\/p>\n","protected":false},"featured_media":22166,"template":"","meta":[],"product_cat":[177],"product_tag":[],"_links":{"self":[{"href":"https:\/\/gtmaxoil.net\/tr\/wp-json\/wp\/v2\/product\/22099"}],"collection":[{"href":"https:\/\/gtmaxoil.net\/tr\/wp-json\/wp\/v2\/product"}],"about":[{"href":"https:\/\/gtmaxoil.net\/tr\/wp-json\/wp\/v2\/types\/product"}],"wp:featuredmedia":[{"embeddable":true,"href":"https:\/\/gtmaxoil.net\/tr\/wp-json\/wp\/v2\/media\/22166"}],"wp:attachment":[{"href":"https:\/\/gtmaxoil.net\/tr\/wp-json\/wp\/v2\/media?parent=22099"}],"wp:term":[{"taxonomy":"product_cat","embeddable":true,"href":"https:\/\/gtmaxoil.net\/tr\/wp-json\/wp\/v2\/product_cat?post=22099"},{"taxonomy":"product_tag","embeddable":true,"href":"https:\/\/gtmaxoil.net\/tr\/wp-json\/wp\/v2\/product_tag?post=22099"}],"curies":[{"name":"wp","href":"https:\/\/api.w.org\/{rel}","templated":true}]}}