{"id":21729,"date":"2022-11-26T17:57:36","date_gmt":"2022-11-26T14:57:36","guid":{"rendered":"https:\/\/gtmaxoil.test\/?post_type=product&#038;p=21729"},"modified":"2025-10-15T10:47:03","modified_gmt":"2025-10-15T07:47:03","slug":"tam-sentetik-motor-yaglari","status":"publish","type":"product","link":"https:\/\/gtmaxoil.net\/tr\/urunler\/tam-sentetik-motor-yaglari\/","title":{"rendered":"TAM SENTET\u0130K MOTOR YA\u011eLARI"},"content":{"rendered":"<p><strong data-start=\"2526\" data-end=\"2534\">Not:<\/strong> Burada verilen bilgiler mevcut bilgi ve deneyime dayanmaktad\u0131r. Belirli \u00f6zellikler i\u00e7in yasal olarak ba\u011flay\u0131c\u0131 bir garanti te\u015fkil etmez.<\/p>\n","protected":false},"excerpt":{"rendered":"<h3 data-start=\"238\" data-end=\"258\">1. \u00dcr\u00fcn Tan\u0131m\u0131<\/h3>\n<p data-start=\"259\" data-end=\"562\">GTMAX tam sentetik y\u00fcksek performansl\u0131 motor ya\u011flar\u0131, modern benzinli, LPG\u2019li ve DPF\u2019siz dizel binek ara\u00e7lar i\u00e7in geli\u015ftirilmi\u015ftir. Geli\u015fmi\u015f form\u00fclasyonu, zorlu s\u00fcr\u00fc\u015f ko\u015fullar\u0131nda dahi \u00fcst\u00fcn motor temizli\u011fi, a\u015f\u0131nma korumas\u0131 ve termal stabilite sa\u011flar. DPF donan\u0131ml\u0131 dizel motorlar i\u00e7in uygun de\u011fildir.<\/p>\n<h3 data-start=\"564\" data-end=\"607\">2. Performans Standartlar\u0131 ve Onaylar<\/h3>\n<p data-start=\"608\" data-end=\"764\">\u2022 API: SN\/CF<br data-start=\"620\" data-end=\"623\" \/>\u2022 ACEA: A3\/B4<br data-start=\"636\" data-end=\"639\" \/>\u2022 MB-Approval 229.5<br data-start=\"658\" data-end=\"661\" \/>\u2022 VW 502 00 \/ 505 00<br data-start=\"681\" data-end=\"684\" \/>\u2022 BMW Longlife-01<br data-start=\"701\" data-end=\"704\" \/>\u2022 Porsche A40<br data-start=\"717\" data-end=\"720\" \/>\u2022 Renault RN0700 \/ RN0710<br data-start=\"745\" data-end=\"748\" \/>\u2022 PSA B71 2296<\/p>\n<h3 data-start=\"766\" data-end=\"789\">3. Temel Faydalar<\/h3>\n<ul data-start=\"790\" data-end=\"1147\">\n<li data-start=\"790\" data-end=\"842\">\n<p data-start=\"792\" data-end=\"842\">A\u015f\u0131nma ve tortulara kar\u015f\u0131 m\u00fckemmel koruma sa\u011flar<\/p>\n<\/li>\n<li data-start=\"843\" data-end=\"891\">\n<p data-start=\"845\" data-end=\"891\">\u00dcst\u00fcn motor temizli\u011fi ve uzun ya\u011f \u00f6mr\u00fc sunar<\/p>\n<\/li>\n<li data-start=\"892\" data-end=\"958\">\n<p data-start=\"894\" data-end=\"958\">D\u00fc\u015f\u00fck ve y\u00fcksek s\u0131cakl\u0131k ko\u015fullar\u0131nda g\u00fcvenilir ya\u011flama sa\u011flar<\/p>\n<\/li>\n<li data-start=\"959\" data-end=\"1027\">\n<p data-start=\"961\" data-end=\"1027\">Yak\u0131t ekonomisini ve motor performans\u0131n\u0131 art\u0131rmaya yard\u0131mc\u0131 olur<\/p>\n<\/li>\n<li data-start=\"1028\" data-end=\"1081\">\n<p data-start=\"1030\" data-end=\"1081\">Turbo\u015farjl\u0131 ve \u00e7ok supapl\u0131 motorlar i\u00e7in uygundur<\/p>\n<\/li>\n<li data-start=\"1082\" data-end=\"1147\">\n<p data-start=\"1084\" data-end=\"1147\">Zamanla kararl\u0131 viskozite sa\u011flayarak tutarl\u0131 performans sunar<\/p>\n<\/li>\n<\/ul>\n<h3 data-start=\"1149\" data-end=\"1195\">4. Tipik Teknik \u00d6zellikler (Genel Bak\u0131\u015f)<\/h3>\n<div class=\"_tableContainer_1rjym_1\">\n<div class=\"group _tableWrapper_1rjym_13 flex w-fit flex-col-reverse\" tabindex=\"-1\">\n<table class=\"w-fit min-w-(--thread-content-width)\" data-start=\"1197\" data-end=\"1960\">\n<thead data-start=\"1197\" data-end=\"1250\">\n<tr data-start=\"1197\" data-end=\"1250\">\n<th data-start=\"1197\" data-end=\"1207\" data-col-size=\"md\">\u00d6zellik<\/th>\n<th data-start=\"1207\" data-end=\"1215\" data-col-size=\"sm\">S\u0131n\u0131f<\/th>\n<th data-start=\"1215\" data-end=\"1223\" data-col-size=\"sm\">0W-30<\/th>\n<th data-start=\"1223\" data-end=\"1231\" data-col-size=\"sm\">0W-40<\/th>\n<th data-start=\"1231\" data-end=\"1239\" data-col-size=\"sm\">5W-30<\/th>\n<th data-start=\"1239\" data-end=\"1250\" data-col-size=\"sm\">5W-40<\/th>\n<\/tr>\n<\/thead>\n<tbody data-start=\"1305\" data-end=\"1960\">\n<tr data-start=\"1305\" data-end=\"1419\">\n<td data-start=\"1305\" data-end=\"1353\" data-col-size=\"md\">Kinematik Viskozite @ 100\u00b0C, mm\u00b2\/s, ASTM D445<\/td>\n<td data-start=\"1353\" data-end=\"1356\" data-col-size=\"sm\"><\/td>\n<td data-start=\"1356\" data-end=\"1370\" data-col-size=\"sm\">9,30 \u2013 12,5<\/td>\n<td data-start=\"1370\" data-end=\"1386\" data-col-size=\"sm\">12,50 \u2013 16,30<\/td>\n<td data-start=\"1386\" data-end=\"1400\" data-col-size=\"sm\">9,30 \u2013 12,5<\/td>\n<td data-start=\"1400\" data-end=\"1419\" data-col-size=\"sm\">12,50 \u2013 16,30<\/td>\n<\/tr>\n<tr data-start=\"1420\" data-end=\"1488\">\n<td data-start=\"1420\" data-end=\"1458\" data-col-size=\"md\">Viskozite \u0130ndeksi, ASTM D2270, Min.<\/td>\n<td data-start=\"1458\" data-end=\"1461\" data-col-size=\"sm\"><\/td>\n<td data-start=\"1461\" data-end=\"1467\" data-col-size=\"sm\">150<\/td>\n<td data-start=\"1467\" data-end=\"1473\" data-col-size=\"sm\">150<\/td>\n<td data-start=\"1473\" data-end=\"1479\" data-col-size=\"sm\">145<\/td>\n<td data-start=\"1479\" data-end=\"1488\" data-col-size=\"sm\">145<\/td>\n<\/tr>\n<tr data-start=\"1489\" data-end=\"1555\">\n<td data-start=\"1489\" data-end=\"1525\" data-col-size=\"md\">Akma Noktas\u0131, \u00b0C, ASTM D97, Maks.<\/td>\n<td data-start=\"1525\" data-end=\"1528\" data-col-size=\"sm\"><\/td>\n<td data-start=\"1528\" data-end=\"1534\" data-col-size=\"sm\">-40<\/td>\n<td data-start=\"1534\" data-end=\"1540\" data-col-size=\"sm\">-40<\/td>\n<td data-start=\"1540\" data-end=\"1546\" data-col-size=\"sm\">-38<\/td>\n<td data-start=\"1546\" data-end=\"1555\" data-col-size=\"sm\">-37<\/td>\n<\/tr>\n<tr data-start=\"1556\" data-end=\"1629\">\n<td data-start=\"1556\" data-end=\"1599\" data-col-size=\"md\">Parlama Noktas\u0131, COC, \u00b0C, ASTM D92, Min.<\/td>\n<td data-start=\"1599\" data-end=\"1602\" data-col-size=\"sm\"><\/td>\n<td data-start=\"1602\" data-end=\"1608\" data-col-size=\"sm\">210<\/td>\n<td data-start=\"1608\" data-end=\"1614\" data-col-size=\"sm\">210<\/td>\n<td data-start=\"1614\" data-end=\"1620\" data-col-size=\"sm\">215<\/td>\n<td data-start=\"1620\" data-end=\"1629\" data-col-size=\"sm\">215<\/td>\n<\/tr>\n<tr data-start=\"1630\" data-end=\"1706\">\n<td data-start=\"1630\" data-end=\"1668\" data-col-size=\"md\">Yo\u011funluk @ 15.6\u00b0C, g\/ml, ASTM D4052<\/td>\n<td data-start=\"1668\" data-end=\"1671\" data-col-size=\"sm\"><\/td>\n<td data-start=\"1671\" data-end=\"1679\" data-col-size=\"sm\">0,865<\/td>\n<td data-start=\"1679\" data-end=\"1687\" data-col-size=\"sm\">0,865<\/td>\n<td data-start=\"1687\" data-end=\"1695\" data-col-size=\"sm\">0,870<\/td>\n<td data-start=\"1695\" data-end=\"1706\" data-col-size=\"sm\">0,870<\/td>\n<\/tr>\n<tr data-start=\"1707\" data-end=\"1794\">\n<td data-start=\"1707\" data-end=\"1754\" data-col-size=\"md\">Kinematik Viskozite @ 40\u00b0C, mm\u00b2\/s, ASTM D445<\/td>\n<td data-start=\"1754\" data-end=\"1757\" data-col-size=\"sm\"><\/td>\n<td data-start=\"1757\" data-end=\"1765\" data-col-size=\"sm\">71,20<\/td>\n<td data-start=\"1765\" data-end=\"1774\" data-col-size=\"sm\">100,20<\/td>\n<td data-start=\"1774\" data-end=\"1782\" data-col-size=\"sm\">77,00<\/td>\n<td data-start=\"1782\" data-end=\"1794\" data-col-size=\"sm\">103,60<\/td>\n<\/tr>\n<tr data-start=\"1795\" data-end=\"1854\">\n<td data-start=\"1795\" data-end=\"1830\" data-col-size=\"md\">Noack Buharla\u015fma Kayb\u0131, %, Maks.<\/td>\n<td data-start=\"1830\" data-end=\"1833\" data-col-size=\"sm\"><\/td>\n<td data-start=\"1833\" data-end=\"1837\" data-col-size=\"sm\">9<\/td>\n<td data-start=\"1837\" data-end=\"1841\" data-col-size=\"sm\">9<\/td>\n<td data-start=\"1841\" data-end=\"1846\" data-col-size=\"sm\">10<\/td>\n<td data-start=\"1846\" data-end=\"1854\" data-col-size=\"sm\">10<\/td>\n<\/tr>\n<tr data-start=\"1855\" data-end=\"1900\">\n<td data-start=\"1855\" data-end=\"1878\" data-col-size=\"md\">TBN (mg KOH\/g), Min.<\/td>\n<td data-start=\"1878\" data-end=\"1881\" data-col-size=\"sm\"><\/td>\n<td data-start=\"1881\" data-end=\"1885\" data-col-size=\"sm\">9<\/td>\n<td data-start=\"1885\" data-end=\"1889\" data-col-size=\"sm\">9<\/td>\n<td data-start=\"1889\" data-end=\"1893\" data-col-size=\"sm\">8<\/td>\n<td data-start=\"1893\" data-end=\"1900\" data-col-size=\"sm\">8<\/td>\n<\/tr>\n<tr data-start=\"1901\" data-end=\"1960\">\n<td data-start=\"1901\" data-end=\"1930\" data-col-size=\"md\">S\u00fclfatlanm\u0131\u015f K\u00fcl, %, Maks.<\/td>\n<td data-start=\"1930\" data-end=\"1933\" data-col-size=\"sm\"><\/td>\n<td data-start=\"1933\" data-end=\"1939\" data-col-size=\"sm\">1,1<\/td>\n<td data-start=\"1939\" data-end=\"1945\" data-col-size=\"sm\">1,1<\/td>\n<td data-start=\"1945\" data-end=\"1951\" data-col-size=\"sm\">1,2<\/td>\n<td data-start=\"1951\" data-end=\"1960\" data-col-size=\"sm\">1,2<\/td>\n<\/tr>\n<\/tbody>\n<\/table>\n<\/div>\n<\/div>\n<h3 data-start=\"1962\" data-end=\"1990\">5. Ambalaj Se\u00e7enekleri<\/h3>\n<p data-start=\"1991\" data-end=\"2141\">Mevcut ambalajlar: 1L, 4L, 5L, 20L kova, 55L varil, 200\u2013208L f\u0131\u00e7\u0131, 1000L IBC<br data-start=\"2067\" data-end=\"2070\" \/>\u00d6zel marka ve d\u00f6kme teslimat se\u00e7enekleri talep \u00fczerine sunulmaktad\u0131r.<\/p>\n<h3 data-start=\"2143\" data-end=\"2172\">6. Depolama ve Kullan\u0131m<\/h3>\n<ul data-start=\"2173\" data-end=\"2361\">\n<li data-start=\"2173\" data-end=\"2248\">\n<p data-start=\"2175\" data-end=\"2248\">0\u00b0C ile 40\u00b0C aras\u0131nda, kuru ve iyi havaland\u0131r\u0131lan ortamlarda saklay\u0131n\u0131z<\/p>\n<\/li>\n<li data-start=\"2249\" data-end=\"2313\">\n<p data-start=\"2251\" data-end=\"2313\">Do\u011frudan g\u00fcne\u015f \u0131\u015f\u0131\u011f\u0131ndan ve ate\u015f kaynaklar\u0131ndan uzak tutunuz<\/p>\n<\/li>\n<li data-start=\"2314\" data-end=\"2361\">\n<p data-start=\"2316\" data-end=\"2361\">Raf \u00f6mr\u00fc: Orijinal kapal\u0131 ambalaj\u0131nda 5 y\u0131l<\/p>\n<\/li>\n<\/ul>\n<h3 data-start=\"2363\" data-end=\"2390\">7. Sa\u011fl\u0131k ve G\u00fcvenlik<\/h3>\n<p data-start=\"2391\" data-end=\"2524\">Kullan\u0131m, bertaraf ve g\u00fcvenlik \u00f6nlemleriyle ilgili ayr\u0131nt\u0131l\u0131 talimatlar i\u00e7in <strong data-start=\"2468\" data-end=\"2507\">Malzeme G\u00fcvenlik Bilgi Formu (MSDS)<\/strong>\u2019na ba\u015fvurunuz.<\/p>\n<p data-start=\"2526\" data-end=\"2673\">\n","protected":false},"featured_media":22053,"template":"","meta":[],"product_cat":[173],"product_tag":[],"_links":{"self":[{"href":"https:\/\/gtmaxoil.net\/tr\/wp-json\/wp\/v2\/product\/21729"}],"collection":[{"href":"https:\/\/gtmaxoil.net\/tr\/wp-json\/wp\/v2\/product"}],"about":[{"href":"https:\/\/gtmaxoil.net\/tr\/wp-json\/wp\/v2\/types\/product"}],"wp:featuredmedia":[{"embeddable":true,"href":"https:\/\/gtmaxoil.net\/tr\/wp-json\/wp\/v2\/media\/22053"}],"wp:attachment":[{"href":"https:\/\/gtmaxoil.net\/tr\/wp-json\/wp\/v2\/media?parent=21729"}],"wp:term":[{"taxonomy":"product_cat","embeddable":true,"href":"https:\/\/gtmaxoil.net\/tr\/wp-json\/wp\/v2\/product_cat?post=21729"},{"taxonomy":"product_tag","embeddable":true,"href":"https:\/\/gtmaxoil.net\/tr\/wp-json\/wp\/v2\/product_tag?post=21729"}],"curies":[{"name":"wp","href":"https:\/\/api.w.org\/{rel}","templated":true}]}}