{"id":21728,"date":"2022-11-26T17:57:35","date_gmt":"2022-11-26T14:57:35","guid":{"rendered":"https:\/\/gtmaxoil.test\/?post_type=product&#038;p=21728"},"modified":"2025-10-10T12:52:29","modified_gmt":"2025-10-10T09:52:29","slug":"yari-sentetik-motor-yaglari","status":"publish","type":"product","link":"https:\/\/gtmaxoil.net\/tr\/urunler\/yari-sentetik-motor-yaglari\/","title":{"rendered":"YARI SENTET\u0130K MOTOR YA\u011eLARI"},"content":{"rendered":"","protected":false},"excerpt":{"rendered":"<h2 data-start=\"24\" data-end=\"43\">1. \u00dcr\u00fcn Tan\u0131m\u0131<\/h2>\n<p data-start=\"44\" data-end=\"384\">GTMAX Yar\u0131 Sentetik Motor Ya\u011flar\u0131 , farkl\u0131 s\u00fcr\u00fc\u015f ko\u015fullar\u0131nda g\u00fcvenilir motor temizli\u011fi ve korumas\u0131 gerektiren binek ara\u00e7lar i\u00e7in geli\u015ftirilmi\u015f yar\u0131 sentetik ya\u011flard\u0131r. Form\u00fclasyonu, performans ile uygun fiyat aras\u0131nda denge sa\u011flar ve DPF (Dizel Partik\u00fcl Filtresi) bulunmayan hafif hizmet benzinli ve dizel motorlar i\u00e7in idealdir.<\/p>\n<h2 data-start=\"386\" data-end=\"410\">2. Ba\u015fl\u0131ca Faydalar<\/h2>\n<ul data-start=\"411\" data-end=\"773\">\n<li data-start=\"411\" data-end=\"488\">\n<p data-start=\"413\" data-end=\"488\">\u015eehir i\u00e7i ve uzun yol s\u00fcr\u00fc\u015flerinde g\u00fcvenilir motor a\u015f\u0131nma korumas\u0131 sa\u011flar<\/p>\n<\/li>\n<li data-start=\"489\" data-end=\"543\">\n<p data-start=\"491\" data-end=\"543\">Motor temizli\u011fini korur ve tortu olu\u015fumunu azalt\u0131r<\/p>\n<\/li>\n<li data-start=\"544\" data-end=\"606\">\n<p data-start=\"546\" data-end=\"606\">Geni\u015f yelpazedeki benzinli ve dizel motorlar i\u00e7in uygundur<\/p>\n<\/li>\n<li data-start=\"607\" data-end=\"700\">\n<p data-start=\"609\" data-end=\"700\">Yar\u0131 sentetik form\u00fclasyon, mineral ya\u011flara k\u0131yasla daha uzun ya\u011f de\u011fi\u015fim aral\u0131klar\u0131 sunar<\/p>\n<\/li>\n<li data-start=\"701\" data-end=\"773\">\n<p data-start=\"703\" data-end=\"773\">M\u00fckemmel viskozite kararl\u0131l\u0131\u011f\u0131 ve so\u011fukta ilk \u00e7al\u0131\u015ft\u0131rma performans\u0131<\/p>\n<\/li>\n<\/ul>\n<h2 data-start=\"775\" data-end=\"816\">3. Performans Standartlar\u0131 &#038; Onaylar<\/h2>\n<ul data-start=\"817\" data-end=\"964\">\n<li data-start=\"817\" data-end=\"832\">\n<p data-start=\"819\" data-end=\"832\">API SL \/ CF<\/p>\n<\/li>\n<li data-start=\"833\" data-end=\"847\">\n<p data-start=\"835\" data-end=\"847\">ACEA A3\/B3<\/p>\n<\/li>\n<li data-start=\"848\" data-end=\"964\">\n<p data-start=\"850\" data-end=\"964\">A\u015fa\u011f\u0131daki performans gerekliliklerini kar\u015f\u0131lar:<br data-start=\"897\" data-end=\"900\" \/>\u2013 MB 229.1<br data-start=\"913\" data-end=\"916\" \/>\u2013 VW 501.01 \/ 505.00<br data-start=\"939\" data-end=\"942\" \/>\u2013 Renault RN 0700<\/p>\n<\/li>\n<\/ul>\n<h2 data-start=\"966\" data-end=\"997\">4. Tipik Teknik \u00d6zellikler<\/h2>\n<div class=\"_tableContainer_1rjym_1\">\n<div class=\"group _tableWrapper_1rjym_13 flex w-fit flex-col-reverse\" tabindex=\"-1\">\n<table class=\"w-fit min-w-(--thread-content-width)\" data-start=\"999\" data-end=\"1510\">\n<thead data-start=\"999\" data-end=\"1036\">\n<tr data-start=\"999\" data-end=\"1036\">\n<th data-start=\"999\" data-end=\"1009\" data-col-size=\"md\">\u00d6zellik<\/th>\n<th data-start=\"1009\" data-end=\"1022\" data-col-size=\"sm\">SAE 10W-30<\/th>\n<th data-start=\"1022\" data-end=\"1036\" data-col-size=\"sm\">SAE 10W-40<\/th>\n<\/tr>\n<\/thead>\n<tbody data-start=\"1075\" data-end=\"1510\">\n<tr data-start=\"1075\" data-end=\"1151\">\n<td data-start=\"1075\" data-end=\"1123\" data-col-size=\"md\">Kinematik Viskozite @ 100\u00b0C, mm\u00b2\/s, ASTM D445<\/td>\n<td data-start=\"1123\" data-end=\"1136\" data-col-size=\"sm\">9,3 \u2013 12,5<\/td>\n<td data-start=\"1136\" data-end=\"1151\" data-col-size=\"sm\">12,5 \u2013 16,3<\/td>\n<\/tr>\n<tr data-start=\"1152\" data-end=\"1203\">\n<td data-start=\"1152\" data-end=\"1190\" data-col-size=\"md\">Viskozite \u0130ndeksi, ASTM D2270, Min.<\/td>\n<td data-start=\"1190\" data-end=\"1196\" data-col-size=\"sm\">120<\/td>\n<td data-start=\"1196\" data-end=\"1203\" data-col-size=\"sm\">120<\/td>\n<\/tr>\n<tr data-start=\"1204\" data-end=\"1252\">\n<td data-start=\"1204\" data-end=\"1239\" data-col-size=\"md\">Akma Noktas\u0131, \u00b0C, ASTM D97, Max.<\/td>\n<td data-start=\"1239\" data-end=\"1245\" data-col-size=\"sm\">-33<\/td>\n<td data-start=\"1245\" data-end=\"1252\" data-col-size=\"sm\">-33<\/td>\n<\/tr>\n<tr data-start=\"1253\" data-end=\"1309\">\n<td data-start=\"1253\" data-end=\"1296\" data-col-size=\"md\">Parlama Noktas\u0131, COC, \u00b0C, ASTM D92, Min.<\/td>\n<td data-start=\"1296\" data-end=\"1302\" data-col-size=\"sm\">210<\/td>\n<td data-start=\"1302\" data-end=\"1309\" data-col-size=\"sm\">210<\/td>\n<\/tr>\n<tr data-start=\"1310\" data-end=\"1365\">\n<td data-start=\"1310\" data-end=\"1348\" data-col-size=\"md\">Yo\u011funluk @ 15,6\u00b0C, g\/ml, ASTM D4052<\/td>\n<td data-start=\"1348\" data-end=\"1356\" data-col-size=\"sm\">0,870<\/td>\n<td data-start=\"1356\" data-end=\"1365\" data-col-size=\"sm\">0,870<\/td>\n<\/tr>\n<tr data-start=\"1366\" data-end=\"1429\">\n<td data-start=\"1366\" data-end=\"1413\" data-col-size=\"md\">Kinematik Viskozite @ 40\u00b0C, mm\u00b2\/s, ASTM D445<\/td>\n<td data-start=\"1413\" data-end=\"1420\" data-col-size=\"sm\">81,2<\/td>\n<td data-start=\"1420\" data-end=\"1429\" data-col-size=\"sm\">121,2<\/td>\n<\/tr>\n<tr data-start=\"1430\" data-end=\"1466\">\n<td data-start=\"1430\" data-end=\"1453\" data-col-size=\"md\">TBN (mg KOH\/g), Min.<\/td>\n<td data-start=\"1453\" data-end=\"1459\" data-col-size=\"sm\">6,0<\/td>\n<td data-start=\"1459\" data-end=\"1466\" data-col-size=\"sm\">6,0<\/td>\n<\/tr>\n<tr data-start=\"1467\" data-end=\"1510\">\n<td data-start=\"1467\" data-end=\"1495\" data-col-size=\"md\">S\u00fclfatlanm\u0131\u015f K\u00fcl, %, Max.<\/td>\n<td data-start=\"1495\" data-end=\"1501\" data-col-size=\"sm\">1,2<\/td>\n<td data-start=\"1501\" data-end=\"1510\" data-col-size=\"sm\">1,2<\/td>\n<\/tr>\n<\/tbody>\n<\/table>\n<\/div>\n<\/div>\n<p data-start=\"1512\" data-end=\"1703\">(*) G\u00fcnl\u00fck koruma ve dayan\u0131kl\u0131l\u0131k i\u00e7in yar\u0131 sentetik teknoloji ile form\u00fcle edilmi\u015ftir.<br data-start=\"1598\" data-end=\"1601\" \/>(**) DPF (Dizel Partik\u00fcl Filtresi) bulunmayan benzinli ve hafif hizmet dizel motorlar i\u00e7in uygundur.<\/p>\n<p data-start=\"1705\" data-end=\"1887\"><strong data-start=\"1705\" data-end=\"1713\">Not:<\/strong> Yukar\u0131da listelenen tipik \u00f6zellikler ortalama de\u011ferleri temsil eder ve kabul edilebilir \u00fcretim toleranslar\u0131 i\u00e7inde de\u011fi\u015febilir. Bu bilgiler bir spesifikasyon te\u015fkil etmez.<\/p>\n<h2 data-start=\"1889\" data-end=\"1916\">5. Ambalaj Se\u00e7enekleri<\/h2>\n<ul data-start=\"1917\" data-end=\"2063\">\n<li data-start=\"1917\" data-end=\"1978\">\n<p data-start=\"1919\" data-end=\"1978\">1L, 4L, 5L, 20L kova, 55L varil, 200\u2013208L f\u0131\u00e7\u0131, 1000L IBC<\/p>\n<\/li>\n<li data-start=\"1979\" data-end=\"2063\">\n<p data-start=\"1981\" data-end=\"2063\">\u00d6zel marka (private label) ve d\u00f6kme teslimat se\u00e7enekleri talep \u00fczerine mevcuttur<\/p>\n<\/li>\n<\/ul>\n<h2 data-start=\"2065\" data-end=\"2090\">6. Depolama &#038; Ta\u015f\u0131ma<\/h2>\n<ul data-start=\"2091\" data-end=\"2282\">\n<li data-start=\"2091\" data-end=\"2165\">\n<p data-start=\"2093\" data-end=\"2165\">0\u00b0C \u2013 40\u00b0C aras\u0131nda, kuru ve iyi havaland\u0131r\u0131lm\u0131\u015f ortamlarda saklay\u0131n\u0131z<\/p>\n<\/li>\n<li data-start=\"2166\" data-end=\"2234\">\n<p data-start=\"2168\" data-end=\"2234\">Do\u011frudan g\u00fcne\u015f \u0131\u015f\u0131\u011f\u0131ndan ve ate\u015fleme kaynaklar\u0131ndan uzak tutunuz<\/p>\n<\/li>\n<li data-start=\"2235\" data-end=\"2282\">\n<p data-start=\"2237\" data-end=\"2282\">Raf \u00f6mr\u00fc: Orijinal kapal\u0131 ambalaj\u0131nda 5 y\u0131l<\/p>\n<\/li>\n<\/ul>\n<h2 data-start=\"2284\" data-end=\"2309\">7. Sa\u011fl\u0131k &#038; G\u00fcvenlik<\/h2>\n<p data-start=\"2310\" data-end=\"2431\">Kullan\u0131m, bertaraf ve g\u00fcvenlik \u00f6nlemleri hakk\u0131nda tam bilgi i\u00e7in <strong data-start=\"2375\" data-end=\"2414\">Malzeme G\u00fcvenlik Bilgi Formu (MSDS)<\/strong>\u2019na ba\u015fvurunuz.<\/p>\n<p data-start=\"2433\" data-end=\"2587\"><strong data-start=\"2433\" data-end=\"2441\">Not:<\/strong> Burada verilen bilgiler mevcut bilgi ve tecr\u00fcbelerimize dayanmaktad\u0131r. Belirli \u00f6zellikler i\u00e7in yasal olarak ba\u011flay\u0131c\u0131 bir garanti te\u015fkil etmez.<\/p>\n","protected":false},"featured_media":22065,"template":"","meta":[],"product_cat":[173],"product_tag":[],"_links":{"self":[{"href":"https:\/\/gtmaxoil.net\/tr\/wp-json\/wp\/v2\/product\/21728"}],"collection":[{"href":"https:\/\/gtmaxoil.net\/tr\/wp-json\/wp\/v2\/product"}],"about":[{"href":"https:\/\/gtmaxoil.net\/tr\/wp-json\/wp\/v2\/types\/product"}],"wp:featuredmedia":[{"embeddable":true,"href":"https:\/\/gtmaxoil.net\/tr\/wp-json\/wp\/v2\/media\/22065"}],"wp:attachment":[{"href":"https:\/\/gtmaxoil.net\/tr\/wp-json\/wp\/v2\/media?parent=21728"}],"wp:term":[{"taxonomy":"product_cat","embeddable":true,"href":"https:\/\/gtmaxoil.net\/tr\/wp-json\/wp\/v2\/product_cat?post=21728"},{"taxonomy":"product_tag","embeddable":true,"href":"https:\/\/gtmaxoil.net\/tr\/wp-json\/wp\/v2\/product_tag?post=21728"}],"curies":[{"name":"wp","href":"https:\/\/api.w.org\/{rel}","templated":true}]}}