{"id":21727,"date":"2022-11-26T17:57:33","date_gmt":"2022-11-26T14:57:33","guid":{"rendered":"https:\/\/gtmaxoil.test\/?post_type=product&#038;p=21727"},"modified":"2025-09-22T16:24:51","modified_gmt":"2025-09-22T13:24:51","slug":"mineral-bazli-multigrade-motor-yaglari","status":"publish","type":"product","link":"https:\/\/gtmaxoil.net\/tr\/urunler\/mineral-bazli-multigrade-motor-yaglari\/","title":{"rendered":"M\u0130NERAL B\u0130NEK ARA\u00c7 MOTOR YA\u011eLARI SER\u0130S\u0130"},"content":{"rendered":"<p>Not: Burada verilen bilgiler mevcut bilgi ve deneyime dayanmaktad\u0131r. Belirli \u00f6zellikler i\u00e7in yasal olarak ba\u011flay\u0131c\u0131 bir garanti te\u015fkil etmez.<\/p>\n","protected":false},"excerpt":{"rendered":"<h3 data-start=\"203\" data-end=\"223\">1. \u00dcr\u00fcn Tan\u0131m\u0131<\/h3>\n<p data-start=\"224\" data-end=\"521\">GTMAX y\u00fcksek kaliteli mineral motor ya\u011flar\u0131, benzinli ve hafif hizmet dizel motorlarda kullan\u0131m i\u00e7in tasarlanm\u0131\u015ft\u0131r. Eski ara\u00e7lar\u0131n standart ve orta d\u00fczey s\u00fcr\u00fc\u015f ko\u015fullar\u0131nda g\u00fcvenilir performans sunmas\u0131 amac\u0131yla form\u00fcle edilmi\u015ftir. Sa\u011flam a\u015f\u0131nma korumas\u0131, motor temizli\u011fi ve dayan\u0131kl\u0131l\u0131k sa\u011flar.<\/p>\n<h3 data-start=\"523\" data-end=\"546\">2. Temel Faydalar<\/h3>\n<ul data-start=\"547\" data-end=\"834\">\n<li data-start=\"547\" data-end=\"601\">\n<p data-start=\"549\" data-end=\"601\">Geleneksel motorlar i\u00e7in g\u00fcvenilir a\u015f\u0131nma korumas\u0131<\/p>\n<\/li>\n<li data-start=\"602\" data-end=\"656\">\n<p data-start=\"604\" data-end=\"656\">\u00c7al\u0131\u015fma y\u00fck\u00fc alt\u0131nda ya\u011f filmi kararl\u0131l\u0131\u011f\u0131n\u0131 korur<\/p>\n<\/li>\n<li data-start=\"657\" data-end=\"709\">\n<p data-start=\"659\" data-end=\"709\">\u00c7amur ve vernik olu\u015fumunu \u00f6nlemeye yard\u0131mc\u0131 olur<\/p>\n<\/li>\n<li data-start=\"710\" data-end=\"763\">\n<p data-start=\"712\" data-end=\"763\">Orta ko\u015fullardaki karma filolu kullan\u0131ma uygundur<\/p>\n<\/li>\n<li data-start=\"764\" data-end=\"834\">\n<p data-start=\"766\" data-end=\"834\">Eski benzinli ve dizel motor uygulamalar\u0131 i\u00e7in ekonomik bir tercih<\/p>\n<\/li>\n<\/ul>\n<h3 data-start=\"836\" data-end=\"879\">3. Performans Standartlar\u0131 ve Onaylar<\/h3>\n<p data-start=\"880\" data-end=\"976\">\u2022 API SM \/ CF<br data-start=\"893\" data-end=\"896\" \/>\u2022 ACEA A3\/B3-98 (S\u00fcr\u00fcm 2)<br data-start=\"921\" data-end=\"924\" \/>\u2022 VW 500.00 \/ 501.01 \/ 505.00<br data-start=\"953\" data-end=\"956\" \/>\u2022 MB 229.1 \/ 228.1<\/p>\n<h3 data-start=\"978\" data-end=\"1010\">4. Tipik Teknik \u00d6zellikler<\/h3>\n<div class=\"_tableContainer_1rjym_1\">\n<div class=\"group _tableWrapper_1rjym_13 flex w-fit flex-col-reverse\" tabindex=\"-1\">\n<table class=\"w-fit min-w-(--thread-content-width)\" data-start=\"1012\" data-end=\"1569\">\n<thead data-start=\"1012\" data-end=\"1051\">\n<tr data-start=\"1012\" data-end=\"1051\">\n<th data-start=\"1012\" data-end=\"1022\" data-col-size=\"md\">\u00d6zellik<\/th>\n<th data-start=\"1022\" data-end=\"1030\" data-col-size=\"sm\">S\u0131n\u0131f<\/th>\n<th data-start=\"1030\" data-end=\"1039\" data-col-size=\"sm\">15W-40<\/th>\n<th data-start=\"1039\" data-end=\"1051\" data-col-size=\"sm\">20W-50<\/th>\n<\/tr>\n<\/thead>\n<tbody data-start=\"1092\" data-end=\"1569\">\n<tr data-start=\"1092\" data-end=\"1174\">\n<td data-start=\"1092\" data-end=\"1140\" data-col-size=\"md\">Kinematik Viskozite @ 100\u00b0C, mm\u00b2\/s, ASTM D445<\/td>\n<td data-start=\"1140\" data-end=\"1143\" data-col-size=\"sm\"><\/td>\n<td data-start=\"1143\" data-end=\"1157\" data-col-size=\"sm\">12,5 \u2013 16,3<\/td>\n<td data-start=\"1157\" data-end=\"1174\" data-col-size=\"sm\">16,3 \u2013 21,9<\/td>\n<\/tr>\n<tr data-start=\"1175\" data-end=\"1231\">\n<td data-start=\"1175\" data-end=\"1213\" data-col-size=\"md\">Viskozite \u0130ndeksi, ASTM D2270, Min.<\/td>\n<td data-start=\"1213\" data-end=\"1216\" data-col-size=\"sm\"><\/td>\n<td data-start=\"1216\" data-end=\"1222\" data-col-size=\"sm\">110<\/td>\n<td data-start=\"1222\" data-end=\"1231\" data-col-size=\"sm\">110<\/td>\n<\/tr>\n<tr data-start=\"1232\" data-end=\"1286\">\n<td data-start=\"1232\" data-end=\"1268\" data-col-size=\"md\">Akma Noktas\u0131, \u00b0C, ASTM D97, Maks.<\/td>\n<td data-start=\"1268\" data-end=\"1271\" data-col-size=\"sm\"><\/td>\n<td data-start=\"1271\" data-end=\"1277\" data-col-size=\"sm\">-28<\/td>\n<td data-start=\"1277\" data-end=\"1286\" data-col-size=\"sm\">-25<\/td>\n<\/tr>\n<tr data-start=\"1287\" data-end=\"1348\">\n<td data-start=\"1287\" data-end=\"1330\" data-col-size=\"md\">Parlama Noktas\u0131, COC, \u00b0C, ASTM D92, Min.<\/td>\n<td data-start=\"1330\" data-end=\"1333\" data-col-size=\"sm\"><\/td>\n<td data-start=\"1333\" data-end=\"1339\" data-col-size=\"sm\">215<\/td>\n<td data-start=\"1339\" data-end=\"1348\" data-col-size=\"sm\">220<\/td>\n<\/tr>\n<tr data-start=\"1349\" data-end=\"1409\">\n<td data-start=\"1349\" data-end=\"1387\" data-col-size=\"md\">Yo\u011funluk @ 15.6\u00b0C, g\/ml, ASTM D4052<\/td>\n<td data-start=\"1387\" data-end=\"1390\" data-col-size=\"sm\"><\/td>\n<td data-start=\"1390\" data-end=\"1398\" data-col-size=\"sm\">0,875<\/td>\n<td data-start=\"1398\" data-end=\"1409\" data-col-size=\"sm\">0,880<\/td>\n<\/tr>\n<tr data-start=\"1410\" data-end=\"1479\">\n<td data-start=\"1410\" data-end=\"1457\" data-col-size=\"md\">Kinematik Viskozite @ 40\u00b0C, mm\u00b2\/s, ASTM D445<\/td>\n<td data-start=\"1457\" data-end=\"1460\" data-col-size=\"sm\"><\/td>\n<td data-start=\"1460\" data-end=\"1468\" data-col-size=\"sm\">118,1<\/td>\n<td data-start=\"1468\" data-end=\"1479\" data-col-size=\"sm\">171,2<\/td>\n<\/tr>\n<tr data-start=\"1480\" data-end=\"1521\">\n<td data-start=\"1480\" data-end=\"1503\" data-col-size=\"md\">TBN (mg KOH\/g), Min.<\/td>\n<td data-start=\"1503\" data-end=\"1506\" data-col-size=\"sm\"><\/td>\n<td data-start=\"1506\" data-end=\"1512\" data-col-size=\"sm\">5,5<\/td>\n<td data-start=\"1512\" data-end=\"1521\" data-col-size=\"sm\">5,5<\/td>\n<\/tr>\n<tr data-start=\"1522\" data-end=\"1569\">\n<td data-start=\"1522\" data-end=\"1551\" data-col-size=\"md\">S\u00fclfatlanm\u0131\u015f K\u00fcl, %, Maks.<\/td>\n<td data-start=\"1551\" data-end=\"1554\" data-col-size=\"sm\"><\/td>\n<td data-start=\"1554\" data-end=\"1560\" data-col-size=\"sm\">1,3<\/td>\n<td data-start=\"1560\" data-end=\"1569\" data-col-size=\"sm\">1,3<\/td>\n<\/tr>\n<\/tbody>\n<\/table>\n<\/div>\n<\/div>\n<p data-start=\"1571\" data-end=\"1768\"><strong data-start=\"1571\" data-end=\"1579\">Not:<\/strong> Yukar\u0131da listelenen tipik \u00f6zellikler ortalama de\u011ferleri temsil eder ve kabul edilebilir \u00fcretim toleranslar\u0131 dahilinde de\u011fi\u015fiklik g\u00f6sterebilir. Bu bilgiler bir spesifikasyon te\u015fkil etmez.<\/p>\n<h3 data-start=\"1770\" data-end=\"1798\">5. Ambalaj Se\u00e7enekleri<\/h3>\n<p data-start=\"1799\" data-end=\"1949\">Mevcut ambalajlar: 1L, 4L, 5L, 20L kova, 55L varil, 200\u2013208L f\u0131\u00e7\u0131, 1000L IBC<br data-start=\"1875\" data-end=\"1878\" \/>\u00d6zel marka ve d\u00f6kme teslimat se\u00e7enekleri talep \u00fczerine sunulmaktad\u0131r.<\/p>\n<h3 data-start=\"1951\" data-end=\"1980\">6. Depolama ve Kullan\u0131m<\/h3>\n<ul data-start=\"1981\" data-end=\"2169\">\n<li data-start=\"1981\" data-end=\"2056\">\n<p data-start=\"1983\" data-end=\"2056\">0\u00b0C ile 40\u00b0C aras\u0131nda, kuru ve iyi havaland\u0131r\u0131lan ortamlarda saklay\u0131n\u0131z<\/p>\n<\/li>\n<li data-start=\"2057\" data-end=\"2121\">\n<p data-start=\"2059\" data-end=\"2121\">Do\u011frudan g\u00fcne\u015f \u0131\u015f\u0131\u011f\u0131ndan ve ate\u015f kaynaklar\u0131ndan uzak tutunuz<\/p>\n<\/li>\n<li data-start=\"2122\" data-end=\"2169\">\n<p data-start=\"2124\" data-end=\"2169\">Raf \u00f6mr\u00fc: Orijinal kapal\u0131 ambalaj\u0131nda 5 y\u0131l<\/p>\n<\/li>\n<\/ul>\n<h3 data-start=\"2171\" data-end=\"2198\">7. Sa\u011fl\u0131k ve G\u00fcvenlik<\/h3>\n<p data-start=\"2199\" data-end=\"2332\">Kullan\u0131m, bertaraf ve g\u00fcvenlik \u00f6nlemleriyle ilgili ayr\u0131nt\u0131l\u0131 talimatlar i\u00e7in <strong data-start=\"2276\" data-end=\"2315\">Malzeme G\u00fcvenlik Bilgi Formu (MSDS)<\/strong>\u2019na ba\u015fvurunuz.<\/p>\n","protected":false},"featured_media":22068,"template":"","meta":[],"product_cat":[173],"product_tag":[],"_links":{"self":[{"href":"https:\/\/gtmaxoil.net\/tr\/wp-json\/wp\/v2\/product\/21727"}],"collection":[{"href":"https:\/\/gtmaxoil.net\/tr\/wp-json\/wp\/v2\/product"}],"about":[{"href":"https:\/\/gtmaxoil.net\/tr\/wp-json\/wp\/v2\/types\/product"}],"wp:featuredmedia":[{"embeddable":true,"href":"https:\/\/gtmaxoil.net\/tr\/wp-json\/wp\/v2\/media\/22068"}],"wp:attachment":[{"href":"https:\/\/gtmaxoil.net\/tr\/wp-json\/wp\/v2\/media?parent=21727"}],"wp:term":[{"taxonomy":"product_cat","embeddable":true,"href":"https:\/\/gtmaxoil.net\/tr\/wp-json\/wp\/v2\/product_cat?post=21727"},{"taxonomy":"product_tag","embeddable":true,"href":"https:\/\/gtmaxoil.net\/tr\/wp-json\/wp\/v2\/product_tag?post=21727"}],"curies":[{"name":"wp","href":"https:\/\/api.w.org\/{rel}","templated":true}]}}