{"id":21722,"date":"2022-11-26T17:52:33","date_gmt":"2022-11-26T14:52:33","guid":{"rendered":"https:\/\/gtmaxoil.test\/?post_type=product&#038;p=21722"},"modified":"2025-09-22T16:42:39","modified_gmt":"2025-09-22T13:42:39","slug":"2t-motorsiklet-yagi","status":"publish","type":"product","link":"https:\/\/gtmaxoil.net\/tr\/urunler\/2t-motorsiklet-yagi\/","title":{"rendered":"2T Motorsiklet Ya\u011f\u0131"},"content":{"rendered":"<p><strong data-start=\"2042\" data-end=\"2050\">Not:<\/strong> Burada verilen bilgiler mevcut bilgi ve tecr\u00fcbelerimize dayanmaktad\u0131r. Belirli \u00f6zellikler i\u00e7in yasal olarak ba\u011flay\u0131c\u0131 bir garanti te\u015fkil etmez.<\/p>\n","protected":false},"excerpt":{"rendered":"<h2 data-start=\"69\" data-end=\"85\">\u00dcr\u00fcn Tan\u0131m\u0131<\/h2>\n<p data-start=\"86\" data-end=\"334\"><strong data-start=\"86\" data-end=\"108\">GTMAX 2T Motosiklet Ya\u011f\u0131<\/strong>, iki zamanl\u0131 motosiklet motorlar\u0131 i\u00e7in \u00f6zel olarak form\u00fcle edilmi\u015f y\u00fcksek performansl\u0131 bir ya\u011fd\u0131r. Temiz yanma sa\u011flar, duman ve tortu olu\u015fumunu azalt\u0131r ve y\u00fcksek s\u0131cakl\u0131k ile y\u00fcksek h\u0131z ko\u015fullar\u0131nda g\u00fcvenilir ya\u011flama sunar.<\/p>\n<h3 data-start=\"336\" data-end=\"353\">Avantajlar\u0131<\/h3>\n<ul data-start=\"354\" data-end=\"607\">\n<li data-start=\"354\" data-end=\"399\">\n<p data-start=\"356\" data-end=\"399\">A\u015f\u0131nma ve \u00e7izilmeye kar\u015f\u0131 m\u00fckemmel koruma<\/p>\n<\/li>\n<li data-start=\"400\" data-end=\"462\">\n<p data-start=\"402\" data-end=\"462\">Daha temiz egzoz emisyonlar\u0131 i\u00e7in d\u00fc\u015f\u00fck duman form\u00fclasyonu<\/p>\n<\/li>\n<li data-start=\"463\" data-end=\"506\">\n<p data-start=\"465\" data-end=\"506\">Piston ve egzoz portu tortular\u0131n\u0131 \u00f6nler<\/p>\n<\/li>\n<li data-start=\"507\" data-end=\"557\">\n<p data-start=\"509\" data-end=\"557\">Kolay so\u011fuk \u00e7al\u0131\u015ft\u0131rma ve h\u0131zl\u0131 ya\u011flama sa\u011flar<\/p>\n<\/li>\n<li data-start=\"558\" data-end=\"607\">\n<p data-start=\"560\" data-end=\"607\">Tutarl\u0131 film dayan\u0131m\u0131 ile motor \u00f6mr\u00fcn\u00fc uzat\u0131r<\/p>\n<\/li>\n<\/ul>\n<h3 data-start=\"609\" data-end=\"632\">Kullan\u0131m Alanlar\u0131<\/h3>\n<ul data-start=\"633\" data-end=\"884\">\n<li data-start=\"633\" data-end=\"735\">\n<p data-start=\"635\" data-end=\"735\">\u0130ki zamanl\u0131 motosikletler, scooter\u2019lar, mopedler ve di\u011fer k\u00fc\u00e7\u00fck iki zamanl\u0131 motorlar i\u00e7in uygundur<\/p>\n<\/li>\n<li data-start=\"736\" data-end=\"799\">\n<p data-start=\"738\" data-end=\"799\">Hem \u00f6n kar\u0131\u015f\u0131m hem de enjekt\u00f6r sistemlerinde kullan\u0131labilir<\/p>\n<\/li>\n<li data-start=\"800\" data-end=\"884\">\n<p data-start=\"802\" data-end=\"884\">JASO FB\/FC veya ISO-L-EGB standartlar\u0131n\u0131 gerektiren motorlar i\u00e7in tavsiye edilir<\/p>\n<\/li>\n<\/ul>\n<h3 data-start=\"886\" data-end=\"925\">Performans Standartlar\u0131 &#038; Onaylar<\/h3>\n<ul data-start=\"926\" data-end=\"951\">\n<li data-start=\"926\" data-end=\"937\">\n<p data-start=\"928\" data-end=\"937\">JASO FB<\/p>\n<\/li>\n<li data-start=\"938\" data-end=\"951\">\n<p data-start=\"940\" data-end=\"951\">ISO-L-EGB<\/p>\n<\/li>\n<\/ul>\n<h3 data-start=\"953\" data-end=\"997\">Tipik Teknik \u00d6zellikler (Genel Aral\u0131k)<\/h3>\n<div class=\"_tableContainer_1rjym_1\">\n<div class=\"group _tableWrapper_1rjym_13 flex w-fit flex-col-reverse\" tabindex=\"-1\">\n<table class=\"w-fit min-w-(--thread-content-width)\" data-start=\"999\" data-end=\"1346\">\n<thead data-start=\"999\" data-end=\"1015\">\n<tr data-start=\"999\" data-end=\"1015\">\n<th data-start=\"999\" data-end=\"1009\" data-col-size=\"md\">\u00d6zellik<\/th>\n<th data-start=\"1009\" data-end=\"1015\" data-col-size=\"sm\">2T<\/th>\n<\/tr>\n<\/thead>\n<tbody data-start=\"1034\" data-end=\"1346\">\n<tr data-start=\"1034\" data-end=\"1093\">\n<td data-start=\"1034\" data-end=\"1087\" data-col-size=\"md\">Kinematik Viskozite @ 40\u00b0C, mm\u00b2\/s, ASTM D445, Min.<\/td>\n<td data-start=\"1087\" data-end=\"1093\" data-col-size=\"sm\">55<\/td>\n<\/tr>\n<tr data-start=\"1094\" data-end=\"1156\">\n<td data-start=\"1094\" data-end=\"1142\" data-col-size=\"md\">Kinematik Viskozite @ 100\u00b0C, mm\u00b2\/s, ASTM D445<\/td>\n<td data-start=\"1142\" data-end=\"1156\" data-col-size=\"sm\">7,5 \u2013 11,3<\/td>\n<\/tr>\n<tr data-start=\"1157\" data-end=\"1202\">\n<td data-start=\"1157\" data-end=\"1195\" data-col-size=\"md\">Viskozite \u0130ndeksi, ASTM D2270, Min.<\/td>\n<td data-start=\"1195\" data-end=\"1202\" data-col-size=\"sm\">100<\/td>\n<\/tr>\n<tr data-start=\"1203\" data-end=\"1245\">\n<td data-start=\"1203\" data-end=\"1238\" data-col-size=\"md\">Akma Noktas\u0131, \u00b0C, ASTM D97, Max.<\/td>\n<td data-start=\"1238\" data-end=\"1245\" data-col-size=\"sm\">-25<\/td>\n<\/tr>\n<tr data-start=\"1246\" data-end=\"1296\">\n<td data-start=\"1246\" data-end=\"1289\" data-col-size=\"md\">Parlama Noktas\u0131, COC, \u00b0C, ASTM D92, Min.<\/td>\n<td data-start=\"1289\" data-end=\"1296\" data-col-size=\"sm\">210<\/td>\n<\/tr>\n<tr data-start=\"1297\" data-end=\"1346\">\n<td data-start=\"1297\" data-end=\"1335\" data-col-size=\"md\">Yo\u011funluk @ 15,6\u00b0C, g\/ml, ASTM D4052<\/td>\n<td data-start=\"1335\" data-end=\"1346\" data-col-size=\"sm\">0,870<\/td>\n<\/tr>\n<\/tbody>\n<\/table>\n<\/div>\n<\/div>\n<p data-start=\"1348\" data-end=\"1530\"><strong data-start=\"1348\" data-end=\"1356\">Not:<\/strong> Yukar\u0131da listelenen tipik \u00f6zellikler ortalama de\u011ferleri temsil eder ve kabul edilebilir \u00fcretim toleranslar\u0131 i\u00e7inde de\u011fi\u015febilir. Bu bilgiler bir spesifikasyon te\u015fkil etmez.<\/p>\n<h3 data-start=\"1532\" data-end=\"1557\">Ambalaj Se\u00e7enekleri<\/h3>\n<ul data-start=\"1558\" data-end=\"1676\">\n<li data-start=\"1558\" data-end=\"1591\">\n<p data-start=\"1560\" data-end=\"1591\">1L, 200\u2013208L varil, 1000L IBC<\/p>\n<\/li>\n<li data-start=\"1592\" data-end=\"1676\">\n<p data-start=\"1594\" data-end=\"1676\">\u00d6zel marka (private label) ve d\u00f6kme teslimat se\u00e7enekleri talep \u00fczerine mevcuttur<\/p>\n<\/li>\n<\/ul>\n<h3 data-start=\"1678\" data-end=\"1701\">Depolama &#038; Ta\u015f\u0131ma<\/h3>\n<ul data-start=\"1702\" data-end=\"1893\">\n<li data-start=\"1702\" data-end=\"1776\">\n<p data-start=\"1704\" data-end=\"1776\">0\u00b0C \u2013 40\u00b0C aras\u0131nda, kuru ve iyi havaland\u0131r\u0131lm\u0131\u015f ortamlarda saklay\u0131n\u0131z<\/p>\n<\/li>\n<li data-start=\"1777\" data-end=\"1845\">\n<p data-start=\"1779\" data-end=\"1845\">Do\u011frudan g\u00fcne\u015f \u0131\u015f\u0131\u011f\u0131ndan ve ate\u015fleme kaynaklar\u0131ndan uzak tutunuz<\/p>\n<\/li>\n<li data-start=\"1846\" data-end=\"1893\">\n<p data-start=\"1848\" data-end=\"1893\">Raf \u00f6mr\u00fc: Orijinal kapal\u0131 ambalaj\u0131nda 5 y\u0131l<\/p>\n<\/li>\n<\/ul>\n<h3 data-start=\"1895\" data-end=\"1918\">Sa\u011fl\u0131k &#038; G\u00fcvenlik<\/h3>\n<p data-start=\"1919\" data-end=\"2040\">Kullan\u0131m, bertaraf ve g\u00fcvenlik \u00f6nlemleri hakk\u0131nda tam bilgi i\u00e7in <strong data-start=\"1984\" data-end=\"2023\">Malzeme G\u00fcvenlik Bilgi Formu (MSDS)<\/strong>\u2019na ba\u015fvurunuz.<\/p>\n<p data-start=\"2042\" data-end=\"2196\">\n","protected":false},"featured_media":22079,"template":"","meta":[],"product_cat":[175],"product_tag":[],"_links":{"self":[{"href":"https:\/\/gtmaxoil.net\/tr\/wp-json\/wp\/v2\/product\/21722"}],"collection":[{"href":"https:\/\/gtmaxoil.net\/tr\/wp-json\/wp\/v2\/product"}],"about":[{"href":"https:\/\/gtmaxoil.net\/tr\/wp-json\/wp\/v2\/types\/product"}],"wp:featuredmedia":[{"embeddable":true,"href":"https:\/\/gtmaxoil.net\/tr\/wp-json\/wp\/v2\/media\/22079"}],"wp:attachment":[{"href":"https:\/\/gtmaxoil.net\/tr\/wp-json\/wp\/v2\/media?parent=21722"}],"wp:term":[{"taxonomy":"product_cat","embeddable":true,"href":"https:\/\/gtmaxoil.net\/tr\/wp-json\/wp\/v2\/product_cat?post=21722"},{"taxonomy":"product_tag","embeddable":true,"href":"https:\/\/gtmaxoil.net\/tr\/wp-json\/wp\/v2\/product_tag?post=21722"}],"curies":[{"name":"wp","href":"https:\/\/api.w.org\/{rel}","templated":true}]}}