{"id":21693,"date":"2022-11-13T16:51:49","date_gmt":"2022-11-13T13:51:49","guid":{"rendered":"https:\/\/gtmaxoil.test\/?post_type=product&#038;p=21693"},"modified":"2025-09-22T16:38:30","modified_gmt":"2025-09-22T13:38:30","slug":"4t-motorsiklet-yaglari","status":"publish","type":"product","link":"https:\/\/gtmaxoil.net\/tr\/urunler\/4t-motorsiklet-yaglari\/","title":{"rendered":"4T Motorsiklet Ya\u011f\u0131"},"content":{"rendered":"<p><strong data-start=\"2861\" data-end=\"2869\">Not:<\/strong> Burada verilen bilgiler mevcut bilgi ve tecr\u00fcbelerimize dayanmaktad\u0131r. Belirli \u00f6zellikler i\u00e7in yasal olarak ba\u011flay\u0131c\u0131 bir garanti te\u015fkil etmez.<\/p>\n","protected":false},"excerpt":{"rendered":"<h3 data-start=\"31\" data-end=\"51\">1. \u00dcr\u00fcn Tan\u0131m\u0131<\/h3>\n<p data-start=\"52\" data-end=\"311\"><strong data-start=\"52\" data-end=\"80\">GTMAX 4T\u00a0<\/strong> ya\u011flar\u0131, modern motorlarda kullan\u0131lan \u0131slak debriyaj sistemleri i\u00e7in tasarlanm\u0131\u015f, y\u00fcksek kaliteli d\u00f6rt zamanl\u0131 motosiklet ya\u011flar\u0131d\u0131r. Geni\u015f kullan\u0131m ko\u015fullar\u0131nda \u00fcst\u00fcn motor korumas\u0131, debriyaj performans\u0131 ve g\u00fcvenilirlik sa\u011flar.<\/p>\n<ul data-start=\"312\" data-end=\"659\">\n<li data-start=\"312\" data-end=\"477\">\n<p data-start=\"314\" data-end=\"477\"><strong data-start=\"314\" data-end=\"343\">RIDER 4T 15W-40 &#038; 20W-50:<\/strong> S\u0131cak iklimler ve a\u011f\u0131r y\u00fck alt\u0131nda \u00e7al\u0131\u015fan, eski ve y\u00fcksek kilometreli motosikletler i\u00e7in \u00f6nerilen mineral bazl\u0131 form\u00fclasyonlard\u0131r.<\/p>\n<\/li>\n<li data-start=\"478\" data-end=\"659\">\n<p data-start=\"480\" data-end=\"659\"><strong data-start=\"480\" data-end=\"500\">RIDER 4T 10W-40:<\/strong> Daha y\u00fcksek koruma gerektiren yeni nesil motosikletler i\u00e7in \u00f6nerilen yar\u0131 sentetik form\u00fclasyondur. M\u00fckemmel so\u011fuk \u00e7al\u0131\u015ft\u0131rma performans\u0131 ve temizlik sa\u011flar.<\/p>\n<\/li>\n<\/ul>\n<h3 data-start=\"661\" data-end=\"681\">2. Avantajlar\u0131<\/h3>\n<ul data-start=\"682\" data-end=\"1097\">\n<li data-start=\"682\" data-end=\"728\">\n<p data-start=\"684\" data-end=\"728\">M\u00fckemmel a\u015f\u0131nma korumas\u0131 ve tortu kontrol\u00fc<\/p>\n<\/li>\n<li data-start=\"729\" data-end=\"796\">\n<p data-start=\"731\" data-end=\"796\">JASO MA2 gerekliliklerini kar\u015f\u0131layan \u00fcst\u00fcn debriyaj performans\u0131<\/p>\n<\/li>\n<li data-start=\"797\" data-end=\"844\">\n<p data-start=\"799\" data-end=\"844\">Ola\u011fan\u00fcst\u00fc termal ve oksidasyon kararl\u0131l\u0131\u011f\u0131<\/p>\n<\/li>\n<li data-start=\"845\" data-end=\"900\">\n<p data-start=\"847\" data-end=\"900\">Yumu\u015fak vites ge\u00e7i\u015fi ve azalt\u0131lm\u0131\u015f debriyaj kaymas\u0131<\/p>\n<\/li>\n<li data-start=\"901\" data-end=\"951\">\n<p data-start=\"903\" data-end=\"951\">Tutarl\u0131 film dayan\u0131m\u0131 ile uzat\u0131lm\u0131\u015f motor \u00f6mr\u00fc<\/p>\n<\/li>\n<li data-start=\"952\" data-end=\"1017\">\n<p data-start=\"954\" data-end=\"1017\"><strong data-start=\"954\" data-end=\"974\">RIDER 4T 10W-40:<\/strong> Geli\u015ftirilmi\u015f so\u011fuk \u00e7al\u0131\u015ft\u0131rma ya\u011flamas\u0131<\/p>\n<\/li>\n<li data-start=\"1018\" data-end=\"1097\">\n<p data-start=\"1020\" data-end=\"1097\"><strong data-start=\"1020\" data-end=\"1040\">RIDER 4T 20W-50:<\/strong> Y\u00fcksek s\u0131cakl\u0131k ve a\u011f\u0131r y\u00fck ko\u015fullar\u0131nda ekstra koruma<\/p>\n<\/li>\n<\/ul>\n<h3 data-start=\"1099\" data-end=\"1125\">3. Kullan\u0131m Alanlar\u0131<\/h3>\n<ul data-start=\"1126\" data-end=\"1436\">\n<li data-start=\"1126\" data-end=\"1225\">\n<p data-start=\"1128\" data-end=\"1225\">Islak debriyaj sistemine sahip d\u00f6rt zamanl\u0131 motosikletler, scooter\u2019lar ve ATV\u2019ler i\u00e7in uygundur<\/p>\n<\/li>\n<li data-start=\"1226\" data-end=\"1318\">\n<p data-start=\"1228\" data-end=\"1318\"><strong data-start=\"1228\" data-end=\"1257\">RIDER 4T 15W-40 &#038; 20W-50:<\/strong> Eski motorlar ve s\u0131cak iklim ko\u015fullar\u0131 i\u00e7in tavsiye edilir<\/p>\n<\/li>\n<li data-start=\"1319\" data-end=\"1436\">\n<p data-start=\"1321\" data-end=\"1436\"><strong data-start=\"1321\" data-end=\"1341\">RIDER 4T 10W-40:<\/strong> Yar\u0131 sentetik ya\u011f gerektiren y\u00fcksek performansl\u0131 ve modern motosikletler i\u00e7in tavsiye edilir<\/p>\n<\/li>\n<\/ul>\n<h3 data-start=\"1438\" data-end=\"1480\">4. Performans Standartlar\u0131 &#038; Onaylar<\/h3>\n<ul data-start=\"1481\" data-end=\"1606\">\n<li data-start=\"1481\" data-end=\"1522\">\n<p data-start=\"1483\" data-end=\"1522\"><strong data-start=\"1483\" data-end=\"1503\">RIDER 4T 15W-40:<\/strong> API SJ, JASO MA2<\/p>\n<\/li>\n<li data-start=\"1523\" data-end=\"1564\">\n<p data-start=\"1525\" data-end=\"1564\"><strong data-start=\"1525\" data-end=\"1545\">RIDER 4T 20W-50:<\/strong> API SJ, JASO MA2<\/p>\n<\/li>\n<li data-start=\"1565\" data-end=\"1606\">\n<p data-start=\"1567\" data-end=\"1606\"><strong data-start=\"1567\" data-end=\"1587\">RIDER 4T 10W-40:<\/strong> API SL, JASO MA2<\/p>\n<\/li>\n<\/ul>\n<h3 data-start=\"1608\" data-end=\"1655\">5. Tipik Teknik \u00d6zellikler (Genel Aral\u0131k)<\/h3>\n<div class=\"_tableContainer_1rjym_1\">\n<div class=\"group _tableWrapper_1rjym_13 flex w-fit flex-col-reverse\" tabindex=\"-1\">\n<table class=\"w-fit min-w-(--thread-content-width)\" data-start=\"1657\" data-end=\"2156\">\n<thead data-start=\"1657\" data-end=\"1695\">\n<tr data-start=\"1657\" data-end=\"1695\">\n<th data-start=\"1657\" data-end=\"1667\" data-col-size=\"md\">\u00d6zellik<\/th>\n<th data-start=\"1667\" data-end=\"1676\" data-col-size=\"sm\">10W-40<\/th>\n<th data-start=\"1676\" data-end=\"1685\" data-col-size=\"sm\">15W-40<\/th>\n<th data-start=\"1685\" data-end=\"1695\" data-col-size=\"sm\">20W-50<\/th>\n<\/tr>\n<\/thead>\n<tbody data-start=\"1735\" data-end=\"2156\">\n<tr data-start=\"1735\" data-end=\"1821\">\n<td data-start=\"1735\" data-end=\"1788\" data-col-size=\"md\">Kinematik Viskozite @ 40\u00b0C, mm\u00b2\/s, ASTM D445, Min.<\/td>\n<td data-start=\"1788\" data-end=\"1798\" data-col-size=\"sm\">Min. 95<\/td>\n<td data-start=\"1798\" data-end=\"1809\" data-col-size=\"sm\">Min. 100<\/td>\n<td data-start=\"1809\" data-end=\"1821\" data-col-size=\"sm\">Min. 155<\/td>\n<\/tr>\n<tr data-start=\"1822\" data-end=\"1913\">\n<td data-start=\"1822\" data-end=\"1870\" data-col-size=\"md\">Kinematik Viskozite @ 100\u00b0C, mm\u00b2\/s, ASTM D445<\/td>\n<td data-start=\"1870\" data-end=\"1884\" data-col-size=\"sm\">12,5 \u2013 16,3<\/td>\n<td data-start=\"1884\" data-end=\"1898\" data-col-size=\"sm\">12,5 \u2013 16,3<\/td>\n<td data-start=\"1898\" data-end=\"1913\" data-col-size=\"sm\">16,3 \u2013 21,9<\/td>\n<\/tr>\n<tr data-start=\"1914\" data-end=\"1971\">\n<td data-start=\"1914\" data-end=\"1952\" data-col-size=\"md\">Viskozite \u0130ndeksi, ASTM D2270, Min.<\/td>\n<td data-start=\"1952\" data-end=\"1958\" data-col-size=\"sm\">120<\/td>\n<td data-start=\"1958\" data-end=\"1964\" data-col-size=\"sm\">110<\/td>\n<td data-start=\"1964\" data-end=\"1971\" data-col-size=\"sm\">110<\/td>\n<\/tr>\n<tr data-start=\"1972\" data-end=\"2026\">\n<td data-start=\"1972\" data-end=\"2007\" data-col-size=\"md\">Akma Noktas\u0131, \u00b0C, ASTM D97, Max.<\/td>\n<td data-start=\"2007\" data-end=\"2013\" data-col-size=\"sm\">-30<\/td>\n<td data-start=\"2013\" data-end=\"2019\" data-col-size=\"sm\">-28<\/td>\n<td data-start=\"2019\" data-end=\"2026\" data-col-size=\"sm\">-25<\/td>\n<\/tr>\n<tr data-start=\"2027\" data-end=\"2090\">\n<td data-start=\"2027\" data-end=\"2070\" data-col-size=\"md\">Parlama Noktas\u0131, COC, \u00b0C, ASTM D92, Min.<\/td>\n<td data-start=\"2070\" data-end=\"2076\" data-col-size=\"sm\">210<\/td>\n<td data-start=\"2076\" data-end=\"2082\" data-col-size=\"sm\">210<\/td>\n<td data-start=\"2082\" data-end=\"2090\" data-col-size=\"sm\">-220<\/td>\n<\/tr>\n<tr data-start=\"2091\" data-end=\"2156\">\n<td data-start=\"2091\" data-end=\"2129\" data-col-size=\"md\">Yo\u011funluk @ 15,6\u00b0C, g\/ml, ASTM D4052<\/td>\n<td data-start=\"2129\" data-end=\"2137\" data-col-size=\"sm\">0,870<\/td>\n<td data-start=\"2137\" data-end=\"2145\" data-col-size=\"sm\">0,875<\/td>\n<td data-start=\"2145\" data-end=\"2156\" data-col-size=\"sm\">0,880<\/td>\n<\/tr>\n<\/tbody>\n<\/table>\n<\/div>\n<\/div>\n<p data-start=\"2158\" data-end=\"2340\"><strong data-start=\"2158\" data-end=\"2166\">Not:<\/strong> Yukar\u0131da listelenen tipik \u00f6zellikler ortalama de\u011ferleri temsil eder ve kabul edilebilir \u00fcretim toleranslar\u0131 i\u00e7inde de\u011fi\u015febilir. Bu bilgiler bir spesifikasyon te\u015fkil etmez.<\/p>\n<h3 data-start=\"2342\" data-end=\"2370\">6. Ambalaj Se\u00e7enekleri<\/h3>\n<ul data-start=\"2371\" data-end=\"2489\">\n<li data-start=\"2371\" data-end=\"2404\">\n<p data-start=\"2373\" data-end=\"2404\">1L, 200\u2013208L varil, 1000L IBC<\/p>\n<\/li>\n<li data-start=\"2405\" data-end=\"2489\">\n<p data-start=\"2407\" data-end=\"2489\">\u00d6zel marka (private label) ve d\u00f6kme teslimat se\u00e7enekleri talep \u00fczerine mevcuttur<\/p>\n<\/li>\n<\/ul>\n<h3 data-start=\"2491\" data-end=\"2517\">7. Depolama &#038; Ta\u015f\u0131ma<\/h3>\n<ul data-start=\"2518\" data-end=\"2709\">\n<li data-start=\"2518\" data-end=\"2592\">\n<p data-start=\"2520\" data-end=\"2592\">0\u00b0C \u2013 40\u00b0C aras\u0131nda, kuru ve iyi havaland\u0131r\u0131lm\u0131\u015f ortamlarda saklay\u0131n\u0131z<\/p>\n<\/li>\n<li data-start=\"2593\" data-end=\"2661\">\n<p data-start=\"2595\" data-end=\"2661\">Do\u011frudan g\u00fcne\u015f \u0131\u015f\u0131\u011f\u0131ndan ve ate\u015fleme kaynaklar\u0131ndan uzak tutunuz<\/p>\n<\/li>\n<li data-start=\"2662\" data-end=\"2709\">\n<p data-start=\"2664\" data-end=\"2709\">Raf \u00f6mr\u00fc: Orijinal kapal\u0131 ambalaj\u0131nda 5 y\u0131l<\/p>\n<\/li>\n<\/ul>\n<h3 data-start=\"2711\" data-end=\"2737\">8. Sa\u011fl\u0131k &#038; G\u00fcvenlik<\/h3>\n<p data-start=\"2738\" data-end=\"2859\">Kullan\u0131m, bertaraf ve g\u00fcvenlik \u00f6nlemleri hakk\u0131nda tam bilgi i\u00e7in <strong data-start=\"2803\" data-end=\"2842\">Malzeme G\u00fcvenlik Bilgi Formu (MSDS)<\/strong>\u2019na ba\u015fvurunuz.<\/p>\n<p data-start=\"2861\" data-end=\"3015\"><strong data-start=\"2861\" data-end=\"2869\">Not:<\/strong> Burada verilen bilgiler mevcut bilgi ve tecr\u00fcbelerimize dayanmaktad\u0131r. Belirli \u00f6zellikler i\u00e7in yasal olarak ba\u011flay\u0131c\u0131 bir garanti te\u015fkil etmez.<\/p>\n","protected":false},"featured_media":22081,"template":"","meta":[],"product_cat":[175],"product_tag":[],"_links":{"self":[{"href":"https:\/\/gtmaxoil.net\/tr\/wp-json\/wp\/v2\/product\/21693"}],"collection":[{"href":"https:\/\/gtmaxoil.net\/tr\/wp-json\/wp\/v2\/product"}],"about":[{"href":"https:\/\/gtmaxoil.net\/tr\/wp-json\/wp\/v2\/types\/product"}],"wp:featuredmedia":[{"embeddable":true,"href":"https:\/\/gtmaxoil.net\/tr\/wp-json\/wp\/v2\/media\/22081"}],"wp:attachment":[{"href":"https:\/\/gtmaxoil.net\/tr\/wp-json\/wp\/v2\/media?parent=21693"}],"wp:term":[{"taxonomy":"product_cat","embeddable":true,"href":"https:\/\/gtmaxoil.net\/tr\/wp-json\/wp\/v2\/product_cat?post=21693"},{"taxonomy":"product_tag","embeddable":true,"href":"https:\/\/gtmaxoil.net\/tr\/wp-json\/wp\/v2\/product_tag?post=21693"}],"curies":[{"name":"wp","href":"https:\/\/api.w.org\/{rel}","templated":true}]}}