{"id":19606,"date":"2019-07-04T11:19:56","date_gmt":"2019-07-04T11:19:56","guid":{"rendered":"http:\/\/gtmaxoil.test\/?page_id=19606"},"modified":"2022-12-16T20:42:56","modified_gmt":"2022-12-16T17:42:56","slug":"haberler","status":"publish","type":"page","link":"https:\/\/gtmaxoil.net\/tr\/haberler\/","title":{"rendered":"Haberler"},"content":{"rendered":"<p>[vc_row][vc_column]<div class=\"dt-sc-posts-list-wrapper  \" data-delay=\"0\"><div class='tpl-blog-holder apply-isotope'><div class='grid-sizer column dt-sc-one-third dt-sc-post-entry entry-grid-layout dt-sc-overlay-style custom-style  dt-sc-default-hover dt-sc-default-overlay alignnone'><\/div><div class=\"column dt-sc-one-third dt-sc-post-entry entry-grid-layout dt-sc-overlay-style custom-style  dt-sc-default-hover dt-sc-default-overlay alignnone first\"><article id=\"post-21839\" class=\"blog-entry format-standard post-21839 post type-post status-publish has-post-thumbnail hentry category-general category-engine-oil\">\t\t\t<!-- Featured Image -->\r\n\t\t\t<div class=\"entry-thumb\">\r\n\t\t\t\t\t\t<a href=\"https:\/\/gtmaxoil.net\/tr\/premium-bi-synthetic-gtmax-engine-oils\/\" title=\"Permalink to GTmax markas\u0131 ile amerika k\u0131tas\u0131na ilk ihracat\u0131m\u0131z\u0131 ger\u00e7ekle\u015ftirdik.\">\r\n\t\t\t<img width=\"2560\" height=\"1765\" src=\"https:\/\/gtmaxoil.net\/wp-content\/uploads\/2022\/12\/yukleme-1.jpeg\" class=\"attachment-full size-full wp-post-image\" alt=\"\" decoding=\"async\" loading=\"lazy\" srcset=\"https:\/\/gtmaxoil.net\/wp-content\/uploads\/2022\/12\/yukleme-1.jpeg 2560w, https:\/\/gtmaxoil.net\/wp-content\/uploads\/2022\/12\/yukleme-1-300x207.jpeg 300w, https:\/\/gtmaxoil.net\/wp-content\/uploads\/2022\/12\/yukleme-1-1024x706.jpeg 1024w, https:\/\/gtmaxoil.net\/wp-content\/uploads\/2022\/12\/yukleme-1-768x530.jpeg 768w, https:\/\/gtmaxoil.net\/wp-content\/uploads\/2022\/12\/yukleme-1-1536x1059.jpeg 1536w, https:\/\/gtmaxoil.net\/wp-content\/uploads\/2022\/12\/yukleme-1-2048x1412.jpeg 2048w, https:\/\/gtmaxoil.net\/wp-content\/uploads\/2022\/12\/yukleme-1-750x517.jpeg 750w, https:\/\/gtmaxoil.net\/wp-content\/uploads\/2022\/12\/yukleme-1-540x372.jpeg 540w, https:\/\/gtmaxoil.net\/wp-content\/uploads\/2022\/12\/yukleme-1-1000x689.jpeg 1000w\" sizes=\"(max-width: 2560px) 100vw, 2560px\" \/>\t\t<\/a>\r\n                \t\t\t<\/div><!-- Featured Image -->\r\n    \t<div class=\"entry-meta-group\">\r\n\t\t\t\t\t<!-- Entry Date -->\r\n\t\t\t\t\t<div class=\"entry-date\">\r\n\t\t\t\t\t\t\r\n\t\t<i class=\"fas fa-calendar\"> <\/i>\r\n\t\tAral\u0131k 9, 2022\t\t\t\t\t<\/div><!-- Entry Date -->\r\n\t\t\t\t\t<!-- Entry Comment -->\r\n\t\t\t\t\t<div class=\"entry-comments\">\r\n\t\t\t\t\t\t\r\n<a href=\"https:\/\/gtmaxoil.net\/tr\/premium-bi-synthetic-gtmax-engine-oils\/#respond\"><i class=\"fas fa-comment\"><\/i> 0 Comments<\/a>\t\t\t\t\t<\/div><!-- Entry Comment -->\r\n        <\/div>\r\n        <!-- Entry Title -->\r\n        <div class=\"entry-title\">\r\n        \t\r\n\t<h4>\r\n\t        \t<a href=\"https:\/\/gtmaxoil.net\/tr\/premium-bi-synthetic-gtmax-engine-oils\/\" title=\"Permalink to GTmax markas\u0131 ile amerika k\u0131tas\u0131na ilk ihracat\u0131m\u0131z\u0131 ger\u00e7ekle\u015ftirdik.\">GTmax markas\u0131 ile amerika k\u0131tas\u0131na ilk ihracat\u0131m\u0131z\u0131 ger\u00e7ekle\u015ftirdik.<\/a>\r\n\t<\/h4>        <\/div><!-- Entry Title -->\r\n\t<div class=\"entry-body\"><p>GTmax markas\u0131 ile amerika k\u0131tas\u0131na ilk ihracat\u0131m\u0131z\u0131 ger\u00e7ekle\u015ftirdik.<\/p><\/div><!-- Entry Button --><div class=\"entry-button\"><a href=\"https:\/\/gtmaxoil.net\/tr\/premium-bi-synthetic-gtmax-engine-oils\/\" title=\"GTmax markas\u0131 ile amerika k\u0131tas\u0131na ilk ihracat\u0131m\u0131z\u0131 ger\u00e7ekle\u015ftirdik.\" class=\"dt-sc-button\">Devam\u0131n\u0131 Oku<span class=\"fas fa-angle-right\"><\/span><\/a><\/div><!-- Entry Button --><\/article><\/div><div class=\"column dt-sc-one-third dt-sc-post-entry entry-grid-layout dt-sc-overlay-style custom-style  dt-sc-default-hover dt-sc-default-overlay alignnone\"><article id=\"post-21836\" class=\"blog-entry format-standard post-21836 post type-post status-publish has-post-thumbnail hentry category-general\">\t\t\t<!-- Featured Image -->\r\n\t\t\t<div class=\"entry-thumb\">\r\n\t\t\t\t\t\t<a href=\"https:\/\/gtmaxoil.net\/tr\/automechanika-istanbul-fuari\/\" title=\"Permalink to 08-11 haziran 2023 tarihinde ger\u00e7ekle\u015fecek olan Automechanika \u0130stanbul fuar\u0131nday\u0131z.\">\r\n\t\t\t<img width=\"925\" height=\"650\" src=\"https:\/\/gtmaxoil.net\/wp-content\/uploads\/2022\/12\/fuar-1.jpg\" class=\"attachment-full size-full wp-post-image\" alt=\"\" decoding=\"async\" loading=\"lazy\" srcset=\"https:\/\/gtmaxoil.net\/wp-content\/uploads\/2022\/12\/fuar-1.jpg 925w, https:\/\/gtmaxoil.net\/wp-content\/uploads\/2022\/12\/fuar-1-300x211.jpg 300w, https:\/\/gtmaxoil.net\/wp-content\/uploads\/2022\/12\/fuar-1-768x540.jpg 768w, https:\/\/gtmaxoil.net\/wp-content\/uploads\/2022\/12\/fuar-1-750x527.jpg 750w, https:\/\/gtmaxoil.net\/wp-content\/uploads\/2022\/12\/fuar-1-540x379.jpg 540w\" sizes=\"(max-width: 925px) 100vw, 925px\" \/>\t\t<\/a>\r\n                \t\t\t<\/div><!-- Featured Image -->\r\n    \t<div class=\"entry-meta-group\">\r\n\t\t\t\t\t<!-- Entry Date -->\r\n\t\t\t\t\t<div class=\"entry-date\">\r\n\t\t\t\t\t\t\r\n\t\t<i class=\"fas fa-calendar\"> <\/i>\r\n\t\tAral\u0131k 9, 2022\t\t\t\t\t<\/div><!-- Entry Date -->\r\n\t\t\t\t\t<!-- Entry Comment -->\r\n\t\t\t\t\t<div class=\"entry-comments\">\r\n\t\t\t\t\t\t\r\n<a href=\"https:\/\/gtmaxoil.net\/tr\/automechanika-istanbul-fuari\/#respond\"><i class=\"fas fa-comment\"><\/i> 0 Comments<\/a>\t\t\t\t\t<\/div><!-- Entry Comment -->\r\n        <\/div>\r\n        <!-- Entry Title -->\r\n        <div class=\"entry-title\">\r\n        \t\r\n\t<h4>\r\n\t        \t<a href=\"https:\/\/gtmaxoil.net\/tr\/automechanika-istanbul-fuari\/\" title=\"Permalink to 08-11 haziran 2023 tarihinde ger\u00e7ekle\u015fecek olan Automechanika \u0130stanbul fuar\u0131nday\u0131z.\">08-11 haziran 2023 tarihinde ger\u00e7ekle\u015fecek olan Automechanika \u0130stanbul fuar\u0131nday\u0131z.<\/a>\r\n\t<\/h4>        <\/div><!-- Entry Title -->\r\n\t<div class=\"entry-body\"><p>08-11 haziran 2023 tarihinde ger\u00e7ekle\u015fecek olan Automechanika \u0130stanbul fuar\u0131nday\u0131z.<\/p><\/div><!-- Entry Button --><div class=\"entry-button\"><a href=\"https:\/\/gtmaxoil.net\/tr\/automechanika-istanbul-fuari\/\" title=\"08-11 haziran 2023 tarihinde ger\u00e7ekle\u015fecek olan Automechanika \u0130stanbul fuar\u0131nday\u0131z.\" class=\"dt-sc-button\">Devam\u0131n\u0131 Oku<span class=\"fas fa-angle-right\"><\/span><\/a><\/div><!-- Entry Button --><\/article><\/div><div class=\"column dt-sc-one-third dt-sc-post-entry entry-grid-layout dt-sc-overlay-style custom-style  dt-sc-default-hover dt-sc-default-overlay alignnone\"><article id=\"post-21392\" class=\"blog-entry format-standard post-21392 post type-post status-publish has-post-thumbnail hentry category-general category-engine-oil\">\t\t\t<!-- Featured Image -->\r\n\t\t\t<div class=\"entry-thumb\">\r\n\t\t\t\t\t\t<a href=\"https:\/\/gtmaxoil.net\/tr\/premium-bi-sentetik-gtmax-motor-yaglari\/\" title=\"Permalink to Yenilik\u00e7i, enerji tasarruflu Premium bi-sentetik GTmax motor ya\u011flar\u0131 (PAO-Esther) API SP performas\u0131nda \u00fcretmeye ba\u015flad\u0131k\">\r\n\t\t\t<img width=\"1200\" height=\"801\" src=\"https:\/\/gtmaxoil.net\/wp-content\/uploads\/2020\/05\/sentetik-yaglar.jpg\" class=\"attachment-full size-full wp-post-image\" alt=\"\" decoding=\"async\" loading=\"lazy\" srcset=\"https:\/\/gtmaxoil.net\/wp-content\/uploads\/2020\/05\/sentetik-yaglar.jpg 1200w, https:\/\/gtmaxoil.net\/wp-content\/uploads\/2020\/05\/sentetik-yaglar-300x200.jpg 300w, https:\/\/gtmaxoil.net\/wp-content\/uploads\/2020\/05\/sentetik-yaglar-1024x684.jpg 1024w, https:\/\/gtmaxoil.net\/wp-content\/uploads\/2020\/05\/sentetik-yaglar-768x513.jpg 768w, https:\/\/gtmaxoil.net\/wp-content\/uploads\/2020\/05\/sentetik-yaglar-750x501.jpg 750w, https:\/\/gtmaxoil.net\/wp-content\/uploads\/2020\/05\/sentetik-yaglar-570x380.jpg 570w, https:\/\/gtmaxoil.net\/wp-content\/uploads\/2020\/05\/sentetik-yaglar-600x400.jpg 600w, https:\/\/gtmaxoil.net\/wp-content\/uploads\/2020\/05\/sentetik-yaglar-540x360.jpg 540w, https:\/\/gtmaxoil.net\/wp-content\/uploads\/2020\/05\/sentetik-yaglar-1000x668.jpg 1000w\" sizes=\"(max-width: 1200px) 100vw, 1200px\" \/>\t\t<\/a>\r\n                \t\t\t<\/div><!-- Featured Image -->\r\n    \t<div class=\"entry-meta-group\">\r\n\t\t\t\t\t<!-- Entry Date -->\r\n\t\t\t\t\t<div class=\"entry-date\">\r\n\t\t\t\t\t\t\r\n\t\t<i class=\"fas fa-calendar\"> <\/i>\r\n\t\tMay\u0131s 16, 2020\t\t\t\t\t<\/div><!-- Entry Date -->\r\n\t\t\t\t\t<!-- Entry Comment -->\r\n\t\t\t\t\t<div class=\"entry-comments\">\r\n\t\t\t\t\t\t\r\n<a href=\"https:\/\/gtmaxoil.net\/tr\/premium-bi-sentetik-gtmax-motor-yaglari\/#respond\"><i class=\"fas fa-comment\"><\/i> 0 Comments<\/a>\t\t\t\t\t<\/div><!-- Entry Comment -->\r\n        <\/div>\r\n        <!-- Entry Title -->\r\n        <div class=\"entry-title\">\r\n        \t\r\n\t<h4>\r\n\t        \t<a href=\"https:\/\/gtmaxoil.net\/tr\/premium-bi-sentetik-gtmax-motor-yaglari\/\" title=\"Permalink to Yenilik\u00e7i, enerji tasarruflu Premium bi-sentetik GTmax motor ya\u011flar\u0131 (PAO-Esther) API SP performas\u0131nda \u00fcretmeye ba\u015flad\u0131k\">Yenilik\u00e7i, enerji tasarruflu Premium bi-sentetik GTmax motor ya\u011flar\u0131 (PAO-Esther) API SP performas\u0131nda \u00fcretmeye ba\u015flad\u0131k<\/a>\r\n\t<\/h4>        <\/div><!-- Entry Title -->\r\n\t<div class=\"entry-body\"><p>Yenilik\u00e7i, enerji tasarruflu Premium bi-sentetik GTmax motor ya\u011flar\u0131 (PAO-Esther) API SP performas\u0131nda \u00fcretmeye ba\u015flad\u0131k.<\/p><\/div><!-- Entry Button --><div class=\"entry-button\"><a href=\"https:\/\/gtmaxoil.net\/tr\/premium-bi-sentetik-gtmax-motor-yaglari\/\" title=\"Yenilik\u00e7i, enerji tasarruflu Premium bi-sentetik GTmax motor ya\u011flar\u0131 (PAO-Esther) API SP performas\u0131nda \u00fcretmeye ba\u015flad\u0131k\" class=\"dt-sc-button\">Devam\u0131n\u0131 Oku<span class=\"fas fa-angle-right\"><\/span><\/a><\/div><!-- Entry Button --><\/article><\/div><\/div><div class=\"pagination blog-pagination\"><\/div><\/div>[\/vc_column][\/vc_row]<\/p>\n","protected":false},"excerpt":{"rendered":"<p>[vc_row][vc_column][\/vc_column][\/vc_row]<\/p>\n","protected":false},"author":1,"featured_media":0,"parent":0,"menu_order":0,"comment_status":"closed","ping_status":"closed","template":"","meta":[],"_links":{"self":[{"href":"https:\/\/gtmaxoil.net\/tr\/wp-json\/wp\/v2\/pages\/19606"}],"collection":[{"href":"https:\/\/gtmaxoil.net\/tr\/wp-json\/wp\/v2\/pages"}],"about":[{"href":"https:\/\/gtmaxoil.net\/tr\/wp-json\/wp\/v2\/types\/page"}],"author":[{"embeddable":true,"href":"https:\/\/gtmaxoil.net\/tr\/wp-json\/wp\/v2\/users\/1"}],"replies":[{"embeddable":true,"href":"https:\/\/gtmaxoil.net\/tr\/wp-json\/wp\/v2\/comments?post=19606"}],"version-history":[{"count":1,"href":"https:\/\/gtmaxoil.net\/tr\/wp-json\/wp\/v2\/pages\/19606\/revisions"}],"predecessor-version":[{"id":21910,"href":"https:\/\/gtmaxoil.net\/tr\/wp-json\/wp\/v2\/pages\/19606\/revisions\/21910"}],"wp:attachment":[{"href":"https:\/\/gtmaxoil.net\/tr\/wp-json\/wp\/v2\/media?parent=19606"}],"curies":[{"name":"wp","href":"https:\/\/api.w.org\/{rel}","templated":true}]}}