{"id":19605,"date":"2019-07-04T11:19:40","date_gmt":"2019-07-04T11:19:40","guid":{"rendered":"http:\/\/gtmaxoil.test\/?page_id=19605"},"modified":"2023-01-05T16:47:00","modified_gmt":"2023-01-05T13:47:00","slug":"iletisim","status":"publish","type":"page","link":"https:\/\/gtmaxoil.net\/tr\/iletisim\/","title":{"rendered":"\u0130leti\u015fim"},"content":{"rendered":"<p>[vc_row full_width=&#8221;stretch_row_content_no_spaces&#8221; css=&#8221;.vc_custom_1578573240639{border-top-width: 1px !important;border-top-color: #ffffff !important;border-top-style: solid !important;}&#8221; el_class=&#8221;breadcrumb_contact&#8221;][vc_column][vc_gmaps link=&#8221;#E-8_JTNDaWZyYW1lJTIwc3JjJTNEJTIyaHR0cHMlM0ElMkYlMkZ3d3cuZ29vZ2xlLmNvbSUyRm1hcHMlMkZlbWJlZCUzRnBiJTNEJTIxMW0xOCUyMTFtMTIlMjExbTMlMjExZDMwMTUuMTQzNDk3NjE4MDgxNyUyMTJkMjkuMTU1ODU4MTE1NjU5OTU3JTIxM2Q0MC45MTI1OTk0MzMyNTUzNCUyMTJtMyUyMTFmMCUyMTJmMCUyMTNmMCUyMTNtMiUyMTFpMTAyNCUyMTJpNzY4JTIxNGYxMy4xJTIxM20zJTIxMW0yJTIxMXMweDE0Y2FjNDBjNzE5MTk2ZjMlMjUzQTB4YWRlZjM3ZGJkYjVlMDRmMSUyMTJzQ2V2aXpsaSUyNTJDJTI1MjBTYXJheWxhciUyNTIwQ2QuJTI1MjBObyUyNTNBNiUyNTJDJTI1MjAzNDg0NiUyNTIwTWFsdGVwZSUyNTJGJTI1QzQlMjVCMHN0YW5idWwlMjE1ZTAlMjEzbTIlMjExc3RyJTIxMnN0ciUyMTR2MTY2ODE4ODM2NzUzMSUyMTVtMiUyMTFzdHIlMjEyc3RyJTIyJTIwd2lkdGglM0QlMjI2MDAlMjIlMjBoZWlnaHQlM0QlMjI0NTAlMjIlMjBzdHlsZSUzRCUyMmJvcmRlciUzQTAlM0IlMjIlMjBhbGxvd2Z1bGxzY3JlZW4lM0QlMjIlMjIlMjBsb2FkaW5nJTNEJTIybGF6eSUyMiUyMHJlZmVycmVycG9saWN5JTNEJTIybm8tcmVmZXJyZXItd2hlbi1kb3duZ3JhZGUlMjIlM0UlM0MlMkZpZnJhbWUlM0U=&#8221; size=&#8221;578px&#8221;][\/vc_column][\/vc_row][vc_section full_width=&#8221;stretch_row&#8221; css=&#8221;.vc_custom_1578572974373{margin-bottom: -80px !important;background-image: url(http:\/\/gtmaxoil.net\/wp-content\/uploads\/2020\/01\/contact-bg.png?id=20819) !important;background-position: center !important;background-repeat: no-repeat !important;background-size: cover !important;}&#8221;][vc_row][vc_column]<div id=\"1562853821234-2cb4752a-9180\" class=\"dt-sc-empty-space  hide_on_xs\"><\/div>[\/vc_column][\/vc_row][vc_row gap=&#8221;30&#8243;][vc_column el_align=&#8221;center&#8221; width=&#8221;1\/2&#8243; el_class=&#8221;rs_col-sm-12&#8243; offset=&#8221;vc_col-lg-offset-0 vc_col-lg-6 vc_col-md-offset-2 vc_col-md-8 vc_col-sm-offset-0&#8243;]<div id=\"1578571741565-0debfe39-fa92\" class=\"dt-sc-empty-space\"><\/div><h2 class=\" \" data-delay='0'>\u0130leti\u015fim Bilgileri<\/h2>[vc_column_text addstyles=&#8221;max-width:520px; margin: auto;&#8221;]Bizimle ileti\u015fime ge\u00e7erek hizmetlerimiz hakk\u0131nda detayl\u0131 bilgi alabilirsiniz.[\/vc_column_text]<div id=\"1578571956654-0251239c-86e2\" class=\"dt-sc-empty-space\"><\/div>[vc_row_inner][vc_column_inner width=&#8221;1\/2&#8243;]<div class='dt-sc-contact-info type2  ' data-delay='0'><span class='fa fa-phone'> <\/span><h6>Telefon<\/h6>Cep: <a href=\"tel:+905527034092\">0(552) 703 40 92<\/a><\/p>\n<div id=\"gtx-trans\" style=\"position: absolute; left: 19px; top: -17px;\">\n<div class=\"gtx-trans-icon\"><\/div>\n<\/div><\/div><div id=\"1578573498195-5d8254ff-0dc2\" class=\"dt-sc-empty-space\"><\/div>[\/vc_column_inner][vc_column_inner width=&#8221;1\/2&#8243;]<div class='dt-sc-contact-info type2  ' data-delay='0'><span class='fa fa-envelope'> <\/span><h6>E-Posta<\/h6><a href=\"mailto:info@gtmaxoil.net\">info@gtmaxoil.net<\/a><\/div><div id=\"1578573500351-8254e24e-c493\" class=\"dt-sc-empty-space\"><\/div>[\/vc_column_inner][\/vc_row_inner][vc_row_inner][vc_column_inner width=&#8221;1\/2&#8243;]<div class='dt-sc-contact-info type2  ' data-delay='0'><span class='zmdi zmdi-pin zmdi-hc-fw'> <\/span><h6>Adres<\/h6>Cevizli Mh. Saraylar Cd. No:6\/44 <br> Maltepe \/ \u0130stanbul \/ T\u00fcrkiye<\/p>\n<div id=\"gtx-trans\" style=\"position: absolute; left: 523px; top: 31px;\">\n<div class=\"gtx-trans-icon\"><\/div>\n<\/div><\/div><div id=\"1578573503105-3e22c1e1-f7ac\" class=\"dt-sc-empty-space\"><\/div>[\/vc_column_inner][vc_column_inner width=&#8221;1\/2&#8243;]<div class='dt-sc-contact-info type2  ' data-delay='0'><span class='zmdi zmdi-timer zmdi-hc-fw'> <\/span><h6>\u00c7al\u0131\u015fma Saatleri<\/h6>Pzt &#8211; Cmt: 09.00 &#8211; 17.00 <br>\nPazar: Kapal\u0131<\/div><div id=\"1563867877395-ff21296e-6780\" class=\"dt-sc-empty-space\"><\/div>[\/vc_column_inner][\/vc_row_inner][\/vc_column][vc_column el_align=&#8221;center&#8221; width=&#8221;1\/2&#8243; css=&#8221;.vc_custom_1578574338780{background-color: #fbfbfb !important;border-radius: 10px !important;}&#8221; el_class=&#8221;rs_col-sm-12&#8243; offset=&#8221;vc_col-lg-offset-0 vc_col-lg-6 vc_col-md-offset-2 vc_col-md-8 vc_col-sm-offset-0&#8243;]<div id=\"1578571055775-3addb5c9-8c26\" class=\"dt-sc-empty-space\"><\/div><h2 class=\" \" data-delay='0'>\u0130leti\u015fim Formu<\/h2>[vc_column_text addstyles=&#8221;max-width:520px; margin: auto;&#8221;]\u00dcr\u00fcn detaylar\u0131 ve daha fazla bilgi i\u00e7in bize ula\u015f\u0131n.[\/vc_column_text]<div id=\"1578571842416-1d9619ae-c479\" class=\"dt-sc-empty-space\"><\/div><div role=\"form\" class=\"wpcf7\" id=\"wpcf7-f18178-o1\" lang=\"en-US\" dir=\"ltr\">\n<div class=\"screen-reader-response\"><p role=\"status\" aria-live=\"polite\" aria-atomic=\"true\"><\/p> <ul><\/ul><\/div>\n<form action=\"\/tr\/wp-json\/wp\/v2\/pages\/19605#wpcf7-f18178-o1\" method=\"post\" class=\"wpcf7-form init contact_form\" novalidate=\"novalidate\" data-status=\"init\">\n<div style=\"display: none;\">\n<input type=\"hidden\" name=\"_wpcf7\" value=\"18178\" \/>\n<input type=\"hidden\" name=\"_wpcf7_version\" value=\"5.6.4\" \/>\n<input type=\"hidden\" name=\"_wpcf7_locale\" value=\"en_US\" \/>\n<input type=\"hidden\" name=\"_wpcf7_unit_tag\" value=\"wpcf7-f18178-o1\" \/>\n<input type=\"hidden\" name=\"_wpcf7_container_post\" value=\"0\" \/>\n<input type=\"hidden\" name=\"_wpcf7_posted_data_hash\" value=\"\" \/>\n<input type=\"hidden\" name=\"lang\" value=\"tr\" \/>\n<\/div>\n<p><span class=\"wpcf7-form-control-wrap\" data-name=\"Name\"><input type=\"text\" name=\"Name\" value=\"\" size=\"40\" class=\"wpcf7-form-control wpcf7-text wpcf7-validates-as-required\" aria-required=\"true\" aria-invalid=\"false\" placeholder=\"Ad - Soyad\" \/><\/span><span class=\"wpcf7-form-control-wrap\" data-name=\"Email\"><input type=\"email\" name=\"Email\" value=\"\" size=\"40\" class=\"wpcf7-form-control wpcf7-text wpcf7-email wpcf7-validates-as-required wpcf7-validates-as-email\" aria-required=\"true\" aria-invalid=\"false\" placeholder=\"E-mail\" \/><\/span><span class=\"wpcf7-form-control-wrap\" data-name=\"Subject\"><input type=\"text\" name=\"Subject\" value=\"\" size=\"40\" class=\"wpcf7-form-control wpcf7-text\" aria-invalid=\"false\" placeholder=\"Konu\" \/><\/span><span class=\"wpcf7-form-control-wrap\" data-name=\"Message\"><textarea name=\"Message\" cols=\"40\" rows=\"10\" class=\"wpcf7-form-control wpcf7-textarea\" aria-invalid=\"false\" placeholder=\"Mesaj\"><\/textarea><\/span><input type=\"submit\" value=\"G\u00f6nder\" class=\"wpcf7-form-control has-spinner wpcf7-submit dt-sc-button\" \/><\/p>\n<div class=\"wpcf7-response-output\" aria-hidden=\"true\"><\/div><\/form><\/div><div id=\"1551337729820-6dd5288a-6948\" class=\"dt-sc-empty-space\"><\/div>[\/vc_column][\/vc_row][vc_row][vc_column]<div id=\"1578572985261-d22e2245-bc4c\" class=\"dt-sc-empty-space\"><\/div>[\/vc_column][\/vc_row][\/vc_section]<\/p>\n","protected":false},"excerpt":{"rendered":"<p>[vc_row full_width=&#8221;stretch_row_content_no_spaces&#8221; css=&#8221;.vc_custom_1578573240639{border-top-width: 1px !important;border-top-color: #ffffff !important;border-top-style: solid !important;}&#8221; el_class=&#8221;breadcrumb_contact&#8221;][vc_column][vc_gmaps link=&#8221;#E-8_JTNDaWZyYW1lJTIwc3JjJTNEJTIyaHR0cHMlM0ElMkYlMkZ3d3cuZ29vZ2xlLmNvbSUyRm1hcHMlMkZlbWJlZCUzRnBiJTNEJTIxMW0xOCUyMTFtMTIlMjExbTMlMjExZDMwMTUuMTQzNDk3NjE4MDgxNyUyMTJkMjkuMTU1ODU4MTE1NjU5OTU3JTIxM2Q0MC45MTI1OTk0MzMyNTUzNCUyMTJtMyUyMTFmMCUyMTJmMCUyMTNmMCUyMTNtMiUyMTFpMTAyNCUyMTJpNzY4JTIxNGYxMy4xJTIxM20zJTIxMW0yJTIxMXMweDE0Y2FjNDBjNzE5MTk2ZjMlMjUzQTB4YWRlZjM3ZGJkYjVlMDRmMSUyMTJzQ2V2aXpsaSUyNTJDJTI1MjBTYXJheWxhciUyNTIwQ2QuJTI1MjBObyUyNTNBNiUyNTJDJTI1MjAzNDg0NiUyNTIwTWFsdGVwZSUyNTJGJTI1QzQlMjVCMHN0YW5idWwlMjE1ZTAlMjEzbTIlMjExc3RyJTIxMnN0ciUyMTR2MTY2ODE4ODM2NzUzMSUyMTVtMiUyMTFzdHIlMjEyc3RyJTIyJTIwd2lkdGglM0QlMjI2MDAlMjIlMjBoZWlnaHQlM0QlMjI0NTAlMjIlMjBzdHlsZSUzRCUyMmJvcmRlciUzQTAlM0IlMjIlMjBhbGxvd2Z1bGxzY3JlZW4lM0QlMjIlMjIlMjBsb2FkaW5nJTNEJTIybGF6eSUyMiUyMHJlZmVycmVycG9saWN5JTNEJTIybm8tcmVmZXJyZXItd2hlbi1kb3duZ3JhZGUlMjIlM0UlM0MlMkZpZnJhbWUlM0U=&#8221; size=&#8221;578px&#8221;][\/vc_column][\/vc_row][vc_section full_width=&#8221;stretch_row&#8221; css=&#8221;.vc_custom_1578572974373{margin-bottom: -80px !important;background-image: url(http:\/\/gtmaxoil.net\/wp-content\/uploads\/2020\/01\/contact-bg.png?id=20819) !important;background-position: center !important;background-repeat: no-repeat !important;background-size: cover !important;}&#8221;][vc_row][vc_column][\/vc_column][\/vc_row][vc_row gap=&#8221;30&#8243;][vc_column el_align=&#8221;center&#8221; width=&#8221;1\/2&#8243; el_class=&#8221;rs_col-sm-12&#8243; offset=&#8221;vc_col-lg-offset-0 vc_col-lg-6 vc_col-md-offset-2 vc_col-md-8 vc_col-sm-offset-0&#8243;][vc_column_text addstyles=&#8221;max-width:520px; margin: auto;&#8221;]Bizimle ileti\u015fime ge\u00e7erek hizmetlerimiz hakk\u0131nda detayl\u0131 bilgi alabilirsiniz.[\/vc_column_text][vc_row_inner][vc_column_inner width=&#8221;1\/2&#8243;][\/vc_column_inner][vc_column_inner width=&#8221;1\/2&#8243;][\/vc_column_inner][\/vc_row_inner][vc_row_inner][vc_column_inner width=&#8221;1\/2&#8243;][\/vc_column_inner][vc_column_inner width=&#8221;1\/2&#8243;][\/vc_column_inner][\/vc_row_inner][\/vc_column][vc_column el_align=&#8221;center&#8221; width=&#8221;1\/2&#8243; css=&#8221;.vc_custom_1578574338780{background-color: #fbfbfb !important;border-radius: 10px !important;}&#8221; el_class=&#8221;rs_col-sm-12&#8243; [&hellip;]<\/p>\n","protected":false},"author":1,"featured_media":0,"parent":0,"menu_order":0,"comment_status":"closed","ping_status":"closed","template":"","meta":[],"_links":{"self":[{"href":"https:\/\/gtmaxoil.net\/tr\/wp-json\/wp\/v2\/pages\/19605"}],"collection":[{"href":"https:\/\/gtmaxoil.net\/tr\/wp-json\/wp\/v2\/pages"}],"about":[{"href":"https:\/\/gtmaxoil.net\/tr\/wp-json\/wp\/v2\/types\/page"}],"author":[{"embeddable":true,"href":"https:\/\/gtmaxoil.net\/tr\/wp-json\/wp\/v2\/users\/1"}],"replies":[{"embeddable":true,"href":"https:\/\/gtmaxoil.net\/tr\/wp-json\/wp\/v2\/comments?post=19605"}],"version-history":[{"count":7,"href":"https:\/\/gtmaxoil.net\/tr\/wp-json\/wp\/v2\/pages\/19605\/revisions"}],"predecessor-version":[{"id":22156,"href":"https:\/\/gtmaxoil.net\/tr\/wp-json\/wp\/v2\/pages\/19605\/revisions\/22156"}],"wp:attachment":[{"href":"https:\/\/gtmaxoil.net\/tr\/wp-json\/wp\/v2\/media?parent=19605"}],"curies":[{"name":"wp","href":"https:\/\/api.w.org\/{rel}","templated":true}]}}