{"id":19604,"date":"2019-07-04T11:19:31","date_gmt":"2019-07-04T11:19:31","guid":{"rendered":"http:\/\/gtmaxoil.test\/?page_id=19604"},"modified":"2022-12-17T01:12:00","modified_gmt":"2022-12-16T22:12:00","slug":"hakkimizda","status":"publish","type":"page","link":"https:\/\/gtmaxoil.net\/tr\/hakkimizda\/","title":{"rendered":"Hakk\u0131m\u0131zda"},"content":{"rendered":"<p>[vc_row][vc_column offset=&#8221;vc_hidden-sm vc_hidden-xs&#8221;]<div id=\"1582960385916-fec41edd-41ee\" class=\"dt-sc-empty-space\"><\/div>[\/vc_column][\/vc_row][vc_row gap=&#8221;35&#8243; equal_height=&#8221;yes&#8221; content_placement=&#8221;middle&#8221;][vc_column width=&#8221;1\/2&#8243; el_class=&#8221;rs_col-sm-12&#8243;][vc_single_image image=&#8221;21714&#8243; img_size=&#8221;full&#8221; alignment=&#8221;center&#8221; css=&#8221;.vc_custom_1669577843061{margin-bottom: 0px !important;}&#8221;][\/vc_column][vc_column width=&#8221;1\/2&#8243; el_class=&#8221;rs_col-sm-12&#8243;]<h3 class=\" \" data-delay='0'>Gtmax<\/h3>[vc_column_text]<\/p>\n<p style=\"font-weight: 400;\">2005 y\u0131l\u0131nda Tuzla, \u0130stanbul\/T\u00fcrkiye&#8217;de kurulan \u015firketimiz, y\u0131llard\u0131r Ulusal ve Uluslararas\u0131 standartlara uygun olarak otomotiv ve end\u00fcstriyel alanlar i\u00e7in ya\u011flar \u00fcretmektedir. Fabrikam\u0131z kendi markalar\u0131na ek olarak son markas\u0131 GTmax&#8217;\u0131 da piyasaya sunmu\u015ftur. Ayr\u0131ca fason \u00fcretim olarak da bir\u00e7ok uluslararas\u0131 firmaya \u00fcretim yapmaktad\u0131r. Toplamda 4 k\u0131tada 65&#8217;ten fazla \u00fclkeye ihracat yapmakta olan fabrikam\u0131z T\u00fcrkiye\u2019nin en b\u00fcy\u00fck madeniya\u011f \u00fcreticilerinden biridir.<\/p>\n<p style=\"font-weight: 400;\">Tesisimiz, \u0130stanbul \u2013 T\u00dcRK\u0130YE&#8217;de 12.000 m2&#8217;lik bir arazide yer almakta olup 6000 m2&#8217;lik kapal\u0131 alana sahibiz. Madeni ya\u011f sekt\u00f6r\u00fcne uzman kadrosu, modern \u00fcretim tesisi ve modern y\u00f6netim anlay\u0131\u015f\u0131, kalifiye personeli, tam te\u015fekk\u00fcll\u00fc geni\u015f laboratuvar imkanlar\u0131 ile hizmet vermekteyiz.<\/p>\n<p style=\"font-weight: 400;\">T\u00fcrk Standartlar\u0131 Enstit\u00fcs\u00fc&#8217;nden s\u00f6zle\u015fmeli laboratuvar sertifikalar\u0131m\u0131z mevcuttur ve kalite kontrol laboratuvar\u0131m\u0131z T\u00dcRKAK taraf\u0131ndan akredite edilmi\u015ftir. Ayr\u0131ca firmam\u0131z ISO 9001,ISO 14001,ISO 16949 ve OHSAS 18001 kalite ve \u00e7evre y\u00f6netim sistemlerine sahiptir. g\u00fcvenilirlik, d\u00fcr\u00fcstl\u00fck, ba\u011f\u0131ms\u0131zl\u0131k, tarafs\u0131zl\u0131k ve gizlilik ilkeleri.<\/p>\n<p>[\/vc_column_text]<a href='https:\/\/gtmaxoil.net\/iletisim\/' target='_self' title='\u0130leti\u015fim' class='dt-sc-button   large   filled rounded-corner  ' data-delay='0' > \u0130leti\u015fim <\/a><div id=\"1579600257407-a2552c81-16b8\" class=\"dt-sc-empty-space\"><\/div>[\/vc_column][\/vc_row][vc_row][vc_column]<div id=\"1562757607516-349b497e-b206\" class=\"dt-sc-empty-space\"><\/div>[\/vc_column][\/vc_row]<\/p>\n","protected":false},"excerpt":{"rendered":"<p>[vc_row][vc_column offset=&#8221;vc_hidden-sm vc_hidden-xs&#8221;][\/vc_column][\/vc_row][vc_row gap=&#8221;35&#8243; equal_height=&#8221;yes&#8221; content_placement=&#8221;middle&#8221;][vc_column width=&#8221;1\/2&#8243; el_class=&#8221;rs_col-sm-12&#8243;][vc_single_image image=&#8221;21714&#8243; img_size=&#8221;full&#8221; alignment=&#8221;center&#8221; css=&#8221;.vc_custom_1669577843061{margin-bottom: 0px !important;}&#8221;][\/vc_column][vc_column width=&#8221;1\/2&#8243; el_class=&#8221;rs_col-sm-12&#8243;][vc_column_text] 2005 y\u0131l\u0131nda Tuzla, \u0130stanbul\/T\u00fcrkiye&#8217;de kurulan \u015firketimiz, y\u0131llard\u0131r Ulusal ve Uluslararas\u0131 standartlara uygun olarak otomotiv ve end\u00fcstriyel alanlar i\u00e7in ya\u011flar \u00fcretmektedir. Fabrikam\u0131z kendi markalar\u0131na ek olarak son markas\u0131 GTmax&#8217;\u0131 da piyasaya sunmu\u015ftur. Ayr\u0131ca fason \u00fcretim olarak da bir\u00e7ok uluslararas\u0131 firmaya [&hellip;]<\/p>\n","protected":false},"author":1,"featured_media":0,"parent":0,"menu_order":0,"comment_status":"closed","ping_status":"closed","template":"","meta":[],"_links":{"self":[{"href":"https:\/\/gtmaxoil.net\/tr\/wp-json\/wp\/v2\/pages\/19604"}],"collection":[{"href":"https:\/\/gtmaxoil.net\/tr\/wp-json\/wp\/v2\/pages"}],"about":[{"href":"https:\/\/gtmaxoil.net\/tr\/wp-json\/wp\/v2\/types\/page"}],"author":[{"embeddable":true,"href":"https:\/\/gtmaxoil.net\/tr\/wp-json\/wp\/v2\/users\/1"}],"replies":[{"embeddable":true,"href":"https:\/\/gtmaxoil.net\/tr\/wp-json\/wp\/v2\/comments?post=19604"}],"version-history":[{"count":6,"href":"https:\/\/gtmaxoil.net\/tr\/wp-json\/wp\/v2\/pages\/19604\/revisions"}],"predecessor-version":[{"id":21940,"href":"https:\/\/gtmaxoil.net\/tr\/wp-json\/wp\/v2\/pages\/19604\/revisions\/21940"}],"wp:attachment":[{"href":"https:\/\/gtmaxoil.net\/tr\/wp-json\/wp\/v2\/media?parent=19604"}],"curies":[{"name":"wp","href":"https:\/\/api.w.org\/{rel}","templated":true}]}}